{"id":4825,"date":"2024-06-11T16:10:10","date_gmt":"2024-06-11T21:10:10","guid":{"rendered":"https:\/\/rightturnsupply.com\/product\/mi-wate-barite\/"},"modified":"2025-04-22T13:06:00","modified_gmt":"2025-04-22T18:06:00","slug":"mi-wate-barite","status":"publish","type":"product","link":"https:\/\/rightturnsupply.com\/it\/prodotto\/mi-wate-barite\/","title":{"rendered":"MI WATE (Barite)"},"content":{"rendered":"<div class=\"wpb-content-wrapper\">[vc_row full_width=&#8221;stretch_row&#8221; disable_element=&#8221;yes&#8221; css=&#8221;.vc_custom_1722282341369{background-color: #a8c74c !important;}&#8221;][vc_column css=&#8221;.vc_custom_1712614593758{padding-top: 0px !important;}&#8221;][vc_empty_space height=&#8221;125px&#8221; el_class=&#8221;es-large&#8221;][vc_btn title=&#8221;Scheda tecnica di M-I Wate&#8221; style=&#8221;custom&#8221; custom_background=&#8221;#000000&#8243; custom_text=&#8221;#ffffff&#8221; shape=&#8221;square&#8221; size=&#8221;lg&#8221; align=&#8221;center&#8221; css=&#8221;&#8221; link=&#8221;url:https%3A%2F%2Frightturnsupply.com%2Fwp-content%2Fuploads%2F2024%2F06%2Fm-i-wate-ps.pdf|target:_blank|&#8221;][\/vc_column][vc_column css=&#8221;.vc_custom_1712614587677{padding-top: 0px !important;}&#8221;][vc_empty_space height=&#8221;80px&#8221; el_class=&#8221;es-large&#8221;][\/vc_column][\/vc_row]\n<\/div>","protected":false},"excerpt":{"rendered":"<p>M-I WATE* \u00e8 un solfato di bario di alta qualit\u00e0 utilizzato per aumentare la densit\u00e0 dei fluidi di perforazione. Questo minerale ad alta gravit\u00e0 specifica \u00e8 la barite di peso pi\u00f9 diffusa, trova applicazione in tutti i sistemi di fluidi di perforazione e soddisfa tutte le specifiche API per la barite, tranne la densit\u00e0. <\/p>\n","protected":false},"featured_media":4488,"comment_status":"open","ping_status":"closed","template":"","meta":{"_acf_changed":false,"inline_featured_image":false},"product_brand":[],"product_cat":[234,161],"product_tag":[230],"class_list":{"0":"post-4825","1":"product","2":"type-product","3":"status-publish","4":"has-post-thumbnail","6":"product_cat-agenti-di-ponderazione","7":"product_cat-fluidi-di-perforazione-additivi","8":"product_tag-agenti-di-ponderazione","9":"pa_industry-miniere","10":"pa_product-type-fluidi","11":"pa_product-type-utensili","13":"first","14":"instock","15":"taxable","16":"shipping-taxable","17":"product-type-simple"},"yoast_head":"<!-- This site is optimized with the Yoast SEO plugin v27.2 - https:\/\/yoast.com\/product\/yoast-seo-wordpress\/ -->\n<title>MI WATE (Barite) - Right Turn Supply<\/title>\n<meta name=\"description\" content=\"M-I WATE \u00e8 un solfato di bario di alta qualit\u00e0 utilizzato per aumentare la densit\u00e0 dei fluidi di perforazione.\" \/>\n<meta name=\"robots\" content=\"index, follow, max-snippet:-1, max-image-preview:large, max-video-preview:-1\" \/>\n<link rel=\"canonical\" href=\"https:\/\/rightturnsupply.com\/it\/prodotto\/mi-wate-barite\/\" \/>\n<meta property=\"og:locale\" content=\"it_IT\" \/>\n<meta property=\"og:type\" content=\"article\" \/>\n<meta property=\"og:title\" content=\"MI WATE (Barite) - Right Turn Supply\" \/>\n<meta property=\"og:description\" content=\"M-I WATE \u00e8 un solfato di bario di alta qualit\u00e0 utilizzato per aumentare la densit\u00e0 dei fluidi di perforazione.\" \/>\n<meta property=\"og:url\" content=\"https:\/\/rightturnsupply.com\/it\/prodotto\/mi-wate-barite\/\" \/>\n<meta property=\"og:site_name\" content=\"Right Turn Supply\" \/>\n<meta property=\"article:publisher\" content=\"https:\/\/www.facebook.com\/RightTurnSupply\" \/>\n<meta property=\"article:modified_time\" content=\"2025-04-22T18:06:00+00:00\" \/>\n<meta property=\"og:image\" content=\"https:\/\/rightturnsupply.com\/wp-content\/uploads\/2024\/08\/MI-WATE.jpg\" \/>\n\t<meta property=\"og:image:width\" content=\"1000\" \/>\n\t<meta property=\"og:image:height\" content=\"1000\" \/>\n\t<meta property=\"og:image:type\" content=\"image\/jpeg\" \/>\n<meta name=\"twitter:card\" content=\"summary_large_image\" \/>\n<script type=\"application\/ld+json\" class=\"yoast-schema-graph\">{\"@context\":\"https:\/\/schema.org\",\"@graph\":[{\"@type\":\"WebPage\",\"@id\":\"https:\/\/rightturnsupply.com\/it\/prodotto\/mi-wate-barite\/\",\"url\":\"https:\/\/rightturnsupply.com\/it\/prodotto\/mi-wate-barite\/\",\"name\":\"MI WATE (Barite) - Right Turn Supply\",\"isPartOf\":{\"@id\":\"https:\/\/rightturnsupply.com\/it\/#website\"},\"primaryImageOfPage\":{\"@id\":\"https:\/\/rightturnsupply.com\/it\/prodotto\/mi-wate-barite\/#primaryimage\"},\"image\":{\"@id\":\"https:\/\/rightturnsupply.com\/it\/prodotto\/mi-wate-barite\/#primaryimage\"},\"thumbnailUrl\":\"https:\/\/rightturnsupply.com\/wp-content\/uploads\/2024\/08\/MI-WATE.jpg\",\"datePublished\":\"2024-06-11T21:10:10+00:00\",\"dateModified\":\"2025-04-22T18:06:00+00:00\",\"description\":\"M-I WATE \u00e8 un solfato di bario di alta qualit\u00e0 utilizzato per aumentare la densit\u00e0 dei fluidi di perforazione.\",\"breadcrumb\":{\"@id\":\"https:\/\/rightturnsupply.com\/it\/prodotto\/mi-wate-barite\/#breadcrumb\"},\"inLanguage\":\"it-IT\",\"potentialAction\":[{\"@type\":\"ReadAction\",\"target\":[\"https:\/\/rightturnsupply.com\/it\/prodotto\/mi-wate-barite\/\"]}]},{\"@type\":\"ImageObject\",\"inLanguage\":\"it-IT\",\"@id\":\"https:\/\/rightturnsupply.com\/it\/prodotto\/mi-wate-barite\/#primaryimage\",\"url\":\"https:\/\/rightturnsupply.com\/wp-content\/uploads\/2024\/08\/MI-WATE.jpg\",\"contentUrl\":\"https:\/\/rightturnsupply.com\/wp-content\/uploads\/2024\/08\/MI-WATE.jpg\",\"width\":1000,\"height\":1000},{\"@type\":\"BreadcrumbList\",\"@id\":\"https:\/\/rightturnsupply.com\/it\/prodotto\/mi-wate-barite\/#breadcrumb\",\"itemListElement\":[{\"@type\":\"ListItem\",\"position\":1,\"name\":\"Negozio\",\"item\":\"https:\/\/rightturnsupply.com\/it\/negozio\/\"},{\"@type\":\"ListItem\",\"position\":2,\"name\":\"Main Products\",\"item\":\"https:\/\/rightturnsupply.com\/it\/categoria-prodotto\/main-products-it\/\"},{\"@type\":\"ListItem\",\"position\":3,\"name\":\"Agenti di ponderazione\",\"item\":\"https:\/\/rightturnsupply.com\/it\/categoria-prodotto\/main-products-it\/agenti-di-ponderazione\/\"},{\"@type\":\"ListItem\",\"position\":4,\"name\":\"MI WATE (Barite)\"}]},{\"@type\":\"WebSite\",\"@id\":\"https:\/\/rightturnsupply.com\/it\/#website\",\"url\":\"https:\/\/rightturnsupply.com\/it\/\",\"name\":\"Right Turn Supply\",\"description\":\"\",\"publisher\":{\"@id\":\"https:\/\/rightturnsupply.com\/it\/#organization\"},\"potentialAction\":[{\"@type\":\"SearchAction\",\"target\":{\"@type\":\"EntryPoint\",\"urlTemplate\":\"https:\/\/rightturnsupply.com\/it\/?s={search_term_string}\"},\"query-input\":{\"@type\":\"PropertyValueSpecification\",\"valueRequired\":true,\"valueName\":\"search_term_string\"}}],\"inLanguage\":\"it-IT\"},{\"@type\":\"Organization\",\"@id\":\"https:\/\/rightturnsupply.com\/it\/#organization\",\"name\":\"Rifornimento a destra\",\"url\":\"https:\/\/rightturnsupply.com\/it\/\",\"logo\":{\"@type\":\"ImageObject\",\"inLanguage\":\"it-IT\",\"@id\":\"https:\/\/rightturnsupply.com\/it\/#\/schema\/logo\/image\/\",\"url\":\"https:\/\/rightturnsupply.com\/wp-content\/uploads\/2024\/04\/RTS.png\",\"contentUrl\":\"https:\/\/rightturnsupply.com\/wp-content\/uploads\/2024\/04\/RTS.png\",\"width\":436,\"height\":255,\"caption\":\"Rifornimento a destra\"},\"image\":{\"@id\":\"https:\/\/rightturnsupply.com\/it\/#\/schema\/logo\/image\/\"},\"sameAs\":[\"https:\/\/www.facebook.com\/RightTurnSupply\",\"https:\/\/www.instagram.com\/RightTurnSupply\/\",\"https:\/\/www.linkedin.com\/company\/11219426\/\",\"https:\/\/www.youtube.com\/channel\/UCNXnAe0vHuufUiXimiXGaqA\"]}]}<\/script>\n<!-- \/ Yoast SEO plugin. -->","yoast_head_json":{"title":"MI WATE (Barite) - Right Turn Supply","description":"M-I WATE \u00e8 un solfato di bario di alta qualit\u00e0 utilizzato per aumentare la densit\u00e0 dei fluidi di perforazione.","robots":{"index":"index","follow":"follow","max-snippet":"max-snippet:-1","max-image-preview":"max-image-preview:large","max-video-preview":"max-video-preview:-1"},"canonical":"https:\/\/rightturnsupply.com\/it\/prodotto\/mi-wate-barite\/","og_locale":"it_IT","og_type":"article","og_title":"MI WATE (Barite) - Right Turn Supply","og_description":"M-I WATE \u00e8 un solfato di bario di alta qualit\u00e0 utilizzato per aumentare la densit\u00e0 dei fluidi di perforazione.","og_url":"https:\/\/rightturnsupply.com\/it\/prodotto\/mi-wate-barite\/","og_site_name":"Right Turn Supply","article_publisher":"https:\/\/www.facebook.com\/RightTurnSupply","article_modified_time":"2025-04-22T18:06:00+00:00","og_image":[{"width":1000,"height":1000,"url":"https:\/\/rightturnsupply.com\/wp-content\/uploads\/2024\/08\/MI-WATE.jpg","type":"image\/jpeg"}],"twitter_card":"summary_large_image","schema":{"@context":"https:\/\/schema.org","@graph":[{"@type":"WebPage","@id":"https:\/\/rightturnsupply.com\/it\/prodotto\/mi-wate-barite\/","url":"https:\/\/rightturnsupply.com\/it\/prodotto\/mi-wate-barite\/","name":"MI WATE (Barite) - Right Turn Supply","isPartOf":{"@id":"https:\/\/rightturnsupply.com\/it\/#website"},"primaryImageOfPage":{"@id":"https:\/\/rightturnsupply.com\/it\/prodotto\/mi-wate-barite\/#primaryimage"},"image":{"@id":"https:\/\/rightturnsupply.com\/it\/prodotto\/mi-wate-barite\/#primaryimage"},"thumbnailUrl":"https:\/\/rightturnsupply.com\/wp-content\/uploads\/2024\/08\/MI-WATE.jpg","datePublished":"2024-06-11T21:10:10+00:00","dateModified":"2025-04-22T18:06:00+00:00","description":"M-I WATE \u00e8 un solfato di bario di alta qualit\u00e0 utilizzato per aumentare la densit\u00e0 dei fluidi di perforazione.","breadcrumb":{"@id":"https:\/\/rightturnsupply.com\/it\/prodotto\/mi-wate-barite\/#breadcrumb"},"inLanguage":"it-IT","potentialAction":[{"@type":"ReadAction","target":["https:\/\/rightturnsupply.com\/it\/prodotto\/mi-wate-barite\/"]}]},{"@type":"ImageObject","inLanguage":"it-IT","@id":"https:\/\/rightturnsupply.com\/it\/prodotto\/mi-wate-barite\/#primaryimage","url":"https:\/\/rightturnsupply.com\/wp-content\/uploads\/2024\/08\/MI-WATE.jpg","contentUrl":"https:\/\/rightturnsupply.com\/wp-content\/uploads\/2024\/08\/MI-WATE.jpg","width":1000,"height":1000},{"@type":"BreadcrumbList","@id":"https:\/\/rightturnsupply.com\/it\/prodotto\/mi-wate-barite\/#breadcrumb","itemListElement":[{"@type":"ListItem","position":1,"name":"Negozio","item":"https:\/\/rightturnsupply.com\/it\/negozio\/"},{"@type":"ListItem","position":2,"name":"Main Products","item":"https:\/\/rightturnsupply.com\/it\/categoria-prodotto\/main-products-it\/"},{"@type":"ListItem","position":3,"name":"Agenti di ponderazione","item":"https:\/\/rightturnsupply.com\/it\/categoria-prodotto\/main-products-it\/agenti-di-ponderazione\/"},{"@type":"ListItem","position":4,"name":"MI WATE (Barite)"}]},{"@type":"WebSite","@id":"https:\/\/rightturnsupply.com\/it\/#website","url":"https:\/\/rightturnsupply.com\/it\/","name":"Right Turn Supply","description":"","publisher":{"@id":"https:\/\/rightturnsupply.com\/it\/#organization"},"potentialAction":[{"@type":"SearchAction","target":{"@type":"EntryPoint","urlTemplate":"https:\/\/rightturnsupply.com\/it\/?s={search_term_string}"},"query-input":{"@type":"PropertyValueSpecification","valueRequired":true,"valueName":"search_term_string"}}],"inLanguage":"it-IT"},{"@type":"Organization","@id":"https:\/\/rightturnsupply.com\/it\/#organization","name":"Rifornimento a destra","url":"https:\/\/rightturnsupply.com\/it\/","logo":{"@type":"ImageObject","inLanguage":"it-IT","@id":"https:\/\/rightturnsupply.com\/it\/#\/schema\/logo\/image\/","url":"https:\/\/rightturnsupply.com\/wp-content\/uploads\/2024\/04\/RTS.png","contentUrl":"https:\/\/rightturnsupply.com\/wp-content\/uploads\/2024\/04\/RTS.png","width":436,"height":255,"caption":"Rifornimento a destra"},"image":{"@id":"https:\/\/rightturnsupply.com\/it\/#\/schema\/logo\/image\/"},"sameAs":["https:\/\/www.facebook.com\/RightTurnSupply","https:\/\/www.instagram.com\/RightTurnSupply\/","https:\/\/www.linkedin.com\/company\/11219426\/","https:\/\/www.youtube.com\/channel\/UCNXnAe0vHuufUiXimiXGaqA"]}]}},"acf":[],"_links":{"self":[{"href":"https:\/\/rightturnsupply.com\/it\/wp-json\/wp\/v2\/product\/4825","targetHints":{"allow":["GET"]}}],"collection":[{"href":"https:\/\/rightturnsupply.com\/it\/wp-json\/wp\/v2\/product"}],"about":[{"href":"https:\/\/rightturnsupply.com\/it\/wp-json\/wp\/v2\/types\/product"}],"replies":[{"embeddable":true,"href":"https:\/\/rightturnsupply.com\/it\/wp-json\/wp\/v2\/comments?post=4825"}],"wp:featuredmedia":[{"embeddable":true,"href":"https:\/\/rightturnsupply.com\/it\/wp-json\/wp\/v2\/media\/4488"}],"wp:attachment":[{"href":"https:\/\/rightturnsupply.com\/it\/wp-json\/wp\/v2\/media?parent=4825"}],"wp:term":[{"taxonomy":"product_brand","embeddable":true,"href":"https:\/\/rightturnsupply.com\/it\/wp-json\/wp\/v2\/product_brand?post=4825"},{"taxonomy":"product_cat","embeddable":true,"href":"https:\/\/rightturnsupply.com\/it\/wp-json\/wp\/v2\/product_cat?post=4825"},{"taxonomy":"product_tag","embeddable":true,"href":"https:\/\/rightturnsupply.com\/it\/wp-json\/wp\/v2\/product_tag?post=4825"}],"curies":[{"name":"wp","href":"https:\/\/api.w.org\/{rel}","templated":true}]}}