{"id":4823,"date":"2024-06-11T16:46:36","date_gmt":"2024-06-11T21:46:36","guid":{"rendered":"https:\/\/rightturnsupply.com\/product\/max-gel\/"},"modified":"2025-04-22T12:59:43","modified_gmt":"2025-04-22T17:59:43","slug":"max-gel","status":"publish","type":"product","link":"https:\/\/rightturnsupply.com\/it\/prodotto\/max-gel\/","title":{"rendered":"Max Gel"},"content":{"rendered":"<div class=\"wpb-content-wrapper\">[vc_row full_width=&#8221;stretch_row&#8221; disable_element=&#8221;yes&#8221; css=&#8221;.vc_custom_1721772527014{background-color: #a8c74c !important;}&#8221;][vc_column css=&#8221;.vc_custom_1712614593758{padding-top: 0px !important;}&#8221;][vc_empty_space height=&#8221;125px&#8221; el_class=&#8221;es-large&#8221;][vc_btn title=&#8221;Scheda tecnica di MAX GEL&#8221; style=&#8221;custom&#8221; custom_background=&#8221;#000000&#8243; custom_text=&#8221;#ffffff&#8221; shape=&#8221;square&#8221; size=&#8221;lg&#8221; align=&#8221;center&#8221; css=&#8221;&#8221; link=&#8221;url:https%3A%2F%2Frightturnsupply.com%2Fwp-content%2Fuploads%2F2020%2F01%2Fmax-gel-ps1.pdf|target:_blank|&#8221;][\/vc_column][vc_column css=&#8221;.vc_custom_1712614587677{padding-top: 0px !important;}&#8221;][vc_empty_space height=&#8221;80px&#8221; el_class=&#8221;es-large&#8221;][\/vc_column][\/vc_row]\n<\/div>","protected":false},"excerpt":{"rendered":"<p>Il viscosificatore MAX GEL \u00e8 una bentonite Wyoming di qualit\u00e0 superiore da 220 lb miscelata con speciali estensori. Le applicazioni del viscosizzante MAX GEL includono il rapido aumento della viscosit\u00e0 del fango e la pulizia superiore del foro, nonch\u00e9 il controllo della perdita di circolazione, dello sloughing della formazione e dell&#8217;instabilit\u00e0 del foro in formazioni non consolidate. Il viscosizzante \u00e8 in grado di produrre una viscosit\u00e0 pi\u00f9 che doppia rispetto alla normale bentonite Wyoming.  <\/p>\n","protected":false},"featured_media":4580,"comment_status":"open","ping_status":"closed","template":"","meta":{"_acf_changed":false,"inline_featured_image":false},"product_brand":[],"product_cat":[160,161,231,175],"product_tag":[232],"class_list":{"0":"post-4823","1":"product","2":"type-product","3":"status-publish","4":"has-post-thumbnail","6":"product_cat-fluidi-di-perforazione-nsf","7":"product_cat-fluidi-di-perforazione-additivi","8":"product_cat-gel-bentonite-it","9":"product_cat-viscosificanti-reologia","10":"product_tag-gel-bentonite-it","11":"pa_ground-conditions-argilla","12":"pa_ground-conditions-roccia-ciottoli","13":"pa_ground-conditions-sabbia","14":"pa_industry-hdd-maxi-rig-it","15":"pa_industry-hdd-utilita","16":"pa_industry-miniere","17":"pa_industry-pozzo-dacqua","18":"pa_product-type-fluidi","19":"pa_product-type-utensili","21":"first","22":"instock","23":"taxable","24":"shipping-taxable","25":"product-type-simple"},"yoast_head":"<!-- This site is optimized with the Yoast SEO plugin v27.2 - https:\/\/yoast.com\/product\/yoast-seo-wordpress\/ -->\n<title>Max Gel - Right Turn Supply<\/title>\n<meta name=\"description\" content=\"Il viscosizzante MAX GEL \u00e8 una bentonite Wyoming di prima qualit\u00e0 da 220 lb miscelata con speciali estensori.\" \/>\n<meta name=\"robots\" content=\"index, follow, max-snippet:-1, max-image-preview:large, max-video-preview:-1\" \/>\n<link rel=\"canonical\" href=\"https:\/\/rightturnsupply.com\/it\/prodotto\/max-gel\/\" \/>\n<meta property=\"og:locale\" content=\"it_IT\" \/>\n<meta property=\"og:type\" content=\"article\" \/>\n<meta property=\"og:title\" content=\"Max Gel - Right Turn Supply\" \/>\n<meta property=\"og:description\" content=\"Il viscosizzante MAX GEL \u00e8 una bentonite Wyoming di prima qualit\u00e0 da 220 lb miscelata con speciali estensori.\" \/>\n<meta property=\"og:url\" content=\"https:\/\/rightturnsupply.com\/it\/prodotto\/max-gel\/\" \/>\n<meta property=\"og:site_name\" content=\"Right Turn Supply\" \/>\n<meta property=\"article:publisher\" content=\"https:\/\/www.facebook.com\/RightTurnSupply\" \/>\n<meta property=\"article:modified_time\" content=\"2025-04-22T17:59:43+00:00\" \/>\n<meta property=\"og:image\" content=\"https:\/\/rightturnsupply.com\/wp-content\/uploads\/2024\/06\/Max-Gel-1.jpg\" \/>\n\t<meta property=\"og:image:width\" content=\"1000\" \/>\n\t<meta property=\"og:image:height\" content=\"1000\" \/>\n\t<meta property=\"og:image:type\" content=\"image\/jpeg\" \/>\n<meta name=\"twitter:card\" content=\"summary_large_image\" \/>\n<script type=\"application\/ld+json\" class=\"yoast-schema-graph\">{\"@context\":\"https:\/\/schema.org\",\"@graph\":[{\"@type\":\"WebPage\",\"@id\":\"https:\/\/rightturnsupply.com\/it\/prodotto\/max-gel\/\",\"url\":\"https:\/\/rightturnsupply.com\/it\/prodotto\/max-gel\/\",\"name\":\"Max Gel - Right Turn Supply\",\"isPartOf\":{\"@id\":\"https:\/\/rightturnsupply.com\/it\/#website\"},\"primaryImageOfPage\":{\"@id\":\"https:\/\/rightturnsupply.com\/it\/prodotto\/max-gel\/#primaryimage\"},\"image\":{\"@id\":\"https:\/\/rightturnsupply.com\/it\/prodotto\/max-gel\/#primaryimage\"},\"thumbnailUrl\":\"https:\/\/rightturnsupply.com\/wp-content\/uploads\/2024\/06\/Max-Gel-1.jpg\",\"datePublished\":\"2024-06-11T21:46:36+00:00\",\"dateModified\":\"2025-04-22T17:59:43+00:00\",\"description\":\"Il viscosizzante MAX GEL \u00e8 una bentonite Wyoming di prima qualit\u00e0 da 220 lb miscelata con speciali estensori.\",\"breadcrumb\":{\"@id\":\"https:\/\/rightturnsupply.com\/it\/prodotto\/max-gel\/#breadcrumb\"},\"inLanguage\":\"it-IT\",\"potentialAction\":[{\"@type\":\"ReadAction\",\"target\":[\"https:\/\/rightturnsupply.com\/it\/prodotto\/max-gel\/\"]}]},{\"@type\":\"ImageObject\",\"inLanguage\":\"it-IT\",\"@id\":\"https:\/\/rightturnsupply.com\/it\/prodotto\/max-gel\/#primaryimage\",\"url\":\"https:\/\/rightturnsupply.com\/wp-content\/uploads\/2024\/06\/Max-Gel-1.jpg\",\"contentUrl\":\"https:\/\/rightturnsupply.com\/wp-content\/uploads\/2024\/06\/Max-Gel-1.jpg\",\"width\":1000,\"height\":1000},{\"@type\":\"BreadcrumbList\",\"@id\":\"https:\/\/rightturnsupply.com\/it\/prodotto\/max-gel\/#breadcrumb\",\"itemListElement\":[{\"@type\":\"ListItem\",\"position\":1,\"name\":\"Negozio\",\"item\":\"https:\/\/rightturnsupply.com\/it\/negozio\/\"},{\"@type\":\"ListItem\",\"position\":2,\"name\":\"Fluids\",\"item\":\"https:\/\/rightturnsupply.com\/it\/categoria-prodotto\/fluids-it\/\"},{\"@type\":\"ListItem\",\"position\":3,\"name\":\"Fluidi di perforazione\/additivi\",\"item\":\"https:\/\/rightturnsupply.com\/it\/categoria-prodotto\/fluids-it\/fluidi-di-perforazione-additivi\/\"},{\"@type\":\"ListItem\",\"position\":4,\"name\":\"Max Gel\"}]},{\"@type\":\"WebSite\",\"@id\":\"https:\/\/rightturnsupply.com\/it\/#website\",\"url\":\"https:\/\/rightturnsupply.com\/it\/\",\"name\":\"Right Turn Supply\",\"description\":\"\",\"publisher\":{\"@id\":\"https:\/\/rightturnsupply.com\/it\/#organization\"},\"potentialAction\":[{\"@type\":\"SearchAction\",\"target\":{\"@type\":\"EntryPoint\",\"urlTemplate\":\"https:\/\/rightturnsupply.com\/it\/?s={search_term_string}\"},\"query-input\":{\"@type\":\"PropertyValueSpecification\",\"valueRequired\":true,\"valueName\":\"search_term_string\"}}],\"inLanguage\":\"it-IT\"},{\"@type\":\"Organization\",\"@id\":\"https:\/\/rightturnsupply.com\/it\/#organization\",\"name\":\"Rifornimento a destra\",\"url\":\"https:\/\/rightturnsupply.com\/it\/\",\"logo\":{\"@type\":\"ImageObject\",\"inLanguage\":\"it-IT\",\"@id\":\"https:\/\/rightturnsupply.com\/it\/#\/schema\/logo\/image\/\",\"url\":\"https:\/\/rightturnsupply.com\/wp-content\/uploads\/2024\/04\/RTS.png\",\"contentUrl\":\"https:\/\/rightturnsupply.com\/wp-content\/uploads\/2024\/04\/RTS.png\",\"width\":436,\"height\":255,\"caption\":\"Rifornimento a destra\"},\"image\":{\"@id\":\"https:\/\/rightturnsupply.com\/it\/#\/schema\/logo\/image\/\"},\"sameAs\":[\"https:\/\/www.facebook.com\/RightTurnSupply\",\"https:\/\/www.instagram.com\/RightTurnSupply\/\",\"https:\/\/www.linkedin.com\/company\/11219426\/\",\"https:\/\/www.youtube.com\/channel\/UCNXnAe0vHuufUiXimiXGaqA\"]}]}<\/script>\n<!-- \/ Yoast SEO plugin. -->","yoast_head_json":{"title":"Max Gel - Right Turn Supply","description":"Il viscosizzante MAX GEL \u00e8 una bentonite Wyoming di prima qualit\u00e0 da 220 lb miscelata con speciali estensori.","robots":{"index":"index","follow":"follow","max-snippet":"max-snippet:-1","max-image-preview":"max-image-preview:large","max-video-preview":"max-video-preview:-1"},"canonical":"https:\/\/rightturnsupply.com\/it\/prodotto\/max-gel\/","og_locale":"it_IT","og_type":"article","og_title":"Max Gel - Right Turn Supply","og_description":"Il viscosizzante MAX GEL \u00e8 una bentonite Wyoming di prima qualit\u00e0 da 220 lb miscelata con speciali estensori.","og_url":"https:\/\/rightturnsupply.com\/it\/prodotto\/max-gel\/","og_site_name":"Right Turn Supply","article_publisher":"https:\/\/www.facebook.com\/RightTurnSupply","article_modified_time":"2025-04-22T17:59:43+00:00","og_image":[{"width":1000,"height":1000,"url":"https:\/\/rightturnsupply.com\/wp-content\/uploads\/2024\/06\/Max-Gel-1.jpg","type":"image\/jpeg"}],"twitter_card":"summary_large_image","schema":{"@context":"https:\/\/schema.org","@graph":[{"@type":"WebPage","@id":"https:\/\/rightturnsupply.com\/it\/prodotto\/max-gel\/","url":"https:\/\/rightturnsupply.com\/it\/prodotto\/max-gel\/","name":"Max Gel - Right Turn Supply","isPartOf":{"@id":"https:\/\/rightturnsupply.com\/it\/#website"},"primaryImageOfPage":{"@id":"https:\/\/rightturnsupply.com\/it\/prodotto\/max-gel\/#primaryimage"},"image":{"@id":"https:\/\/rightturnsupply.com\/it\/prodotto\/max-gel\/#primaryimage"},"thumbnailUrl":"https:\/\/rightturnsupply.com\/wp-content\/uploads\/2024\/06\/Max-Gel-1.jpg","datePublished":"2024-06-11T21:46:36+00:00","dateModified":"2025-04-22T17:59:43+00:00","description":"Il viscosizzante MAX GEL \u00e8 una bentonite Wyoming di prima qualit\u00e0 da 220 lb miscelata con speciali estensori.","breadcrumb":{"@id":"https:\/\/rightturnsupply.com\/it\/prodotto\/max-gel\/#breadcrumb"},"inLanguage":"it-IT","potentialAction":[{"@type":"ReadAction","target":["https:\/\/rightturnsupply.com\/it\/prodotto\/max-gel\/"]}]},{"@type":"ImageObject","inLanguage":"it-IT","@id":"https:\/\/rightturnsupply.com\/it\/prodotto\/max-gel\/#primaryimage","url":"https:\/\/rightturnsupply.com\/wp-content\/uploads\/2024\/06\/Max-Gel-1.jpg","contentUrl":"https:\/\/rightturnsupply.com\/wp-content\/uploads\/2024\/06\/Max-Gel-1.jpg","width":1000,"height":1000},{"@type":"BreadcrumbList","@id":"https:\/\/rightturnsupply.com\/it\/prodotto\/max-gel\/#breadcrumb","itemListElement":[{"@type":"ListItem","position":1,"name":"Negozio","item":"https:\/\/rightturnsupply.com\/it\/negozio\/"},{"@type":"ListItem","position":2,"name":"Fluids","item":"https:\/\/rightturnsupply.com\/it\/categoria-prodotto\/fluids-it\/"},{"@type":"ListItem","position":3,"name":"Fluidi di perforazione\/additivi","item":"https:\/\/rightturnsupply.com\/it\/categoria-prodotto\/fluids-it\/fluidi-di-perforazione-additivi\/"},{"@type":"ListItem","position":4,"name":"Max Gel"}]},{"@type":"WebSite","@id":"https:\/\/rightturnsupply.com\/it\/#website","url":"https:\/\/rightturnsupply.com\/it\/","name":"Right Turn Supply","description":"","publisher":{"@id":"https:\/\/rightturnsupply.com\/it\/#organization"},"potentialAction":[{"@type":"SearchAction","target":{"@type":"EntryPoint","urlTemplate":"https:\/\/rightturnsupply.com\/it\/?s={search_term_string}"},"query-input":{"@type":"PropertyValueSpecification","valueRequired":true,"valueName":"search_term_string"}}],"inLanguage":"it-IT"},{"@type":"Organization","@id":"https:\/\/rightturnsupply.com\/it\/#organization","name":"Rifornimento a destra","url":"https:\/\/rightturnsupply.com\/it\/","logo":{"@type":"ImageObject","inLanguage":"it-IT","@id":"https:\/\/rightturnsupply.com\/it\/#\/schema\/logo\/image\/","url":"https:\/\/rightturnsupply.com\/wp-content\/uploads\/2024\/04\/RTS.png","contentUrl":"https:\/\/rightturnsupply.com\/wp-content\/uploads\/2024\/04\/RTS.png","width":436,"height":255,"caption":"Rifornimento a destra"},"image":{"@id":"https:\/\/rightturnsupply.com\/it\/#\/schema\/logo\/image\/"},"sameAs":["https:\/\/www.facebook.com\/RightTurnSupply","https:\/\/www.instagram.com\/RightTurnSupply\/","https:\/\/www.linkedin.com\/company\/11219426\/","https:\/\/www.youtube.com\/channel\/UCNXnAe0vHuufUiXimiXGaqA"]}]}},"acf":[],"_links":{"self":[{"href":"https:\/\/rightturnsupply.com\/it\/wp-json\/wp\/v2\/product\/4823","targetHints":{"allow":["GET"]}}],"collection":[{"href":"https:\/\/rightturnsupply.com\/it\/wp-json\/wp\/v2\/product"}],"about":[{"href":"https:\/\/rightturnsupply.com\/it\/wp-json\/wp\/v2\/types\/product"}],"replies":[{"embeddable":true,"href":"https:\/\/rightturnsupply.com\/it\/wp-json\/wp\/v2\/comments?post=4823"}],"wp:featuredmedia":[{"embeddable":true,"href":"https:\/\/rightturnsupply.com\/it\/wp-json\/wp\/v2\/media\/4580"}],"wp:attachment":[{"href":"https:\/\/rightturnsupply.com\/it\/wp-json\/wp\/v2\/media?parent=4823"}],"wp:term":[{"taxonomy":"product_brand","embeddable":true,"href":"https:\/\/rightturnsupply.com\/it\/wp-json\/wp\/v2\/product_brand?post=4823"},{"taxonomy":"product_cat","embeddable":true,"href":"https:\/\/rightturnsupply.com\/it\/wp-json\/wp\/v2\/product_cat?post=4823"},{"taxonomy":"product_tag","embeddable":true,"href":"https:\/\/rightturnsupply.com\/it\/wp-json\/wp\/v2\/product_tag?post=4823"}],"curies":[{"name":"wp","href":"https:\/\/api.w.org\/{rel}","templated":true}]}}