{"id":4820,"date":"2024-07-01T12:41:20","date_gmt":"2024-07-01T17:41:20","guid":{"rendered":"https:\/\/rightturnsupply.com\/product\/spazzatrice-di-miniere\/"},"modified":"2025-04-22T13:06:44","modified_gmt":"2025-04-22T18:06:44","slug":"spazzatrice-di-miniere","status":"publish","type":"product","link":"https:\/\/rightturnsupply.com\/it\/prodotto\/spazzatrice-di-miniere\/","title":{"rendered":"Spazzatrice di miniere"},"content":{"rendered":"<div class=\"wpb-content-wrapper\">[vc_row full_width=&#8221;stretch_row&#8221; disable_element=&#8221;yes&#8221; css=&#8221;.vc_custom_1721772541143{background-color: #a8c74c !important;}&#8221;][vc_column css=&#8221;.vc_custom_1712614593758{padding-top: 0px !important;}&#8221;][vc_empty_space height=&#8221;125px&#8221; el_class=&#8221;es-large&#8221;][vc_btn title=&#8221;Scheda di sicurezza&#8221; style=&#8221;custom&#8221; custom_background=&#8221;#000000&#8243; custom_text=&#8221;#ffffff&#8221; shape=&#8221;square&#8221; size=&#8221;lg&#8221; align=&#8221;center&#8221; css=&#8221;&#8221; link=&#8221;url:https%3A%2F%2Frightturnsupply.com%2Fwp-content%2Fuploads%2F2024%2F07%2FRTS_2022_New_KoolAid_Final.pdf|target:_blank|&#8221;][\/vc_column][vc_column css=&#8221;.vc_custom_1712614587677{padding-top: 0px !important;}&#8221;][vc_empty_space height=&#8221;80px&#8221; el_class=&#8221;es-large&#8221;][\/vc_column][\/vc_row]\n<\/div>","protected":false},"excerpt":{"rendered":"<p>MINE SWEEPER \u00e8 un prodotto facilmente disperdibile progettato per incapsulare gli scarti di lavorazione e stabilizzare gli scisti. \u00c8 formulato per una facile miscelazione e una migliore dispersione per eliminare gli &#8220;occhi di pesce&#8221;. Questo \u00e8 vantaggioso quando si mescolano rapidamente grandi quantit\u00e0 o alte concentrazioni di polimero, quando non \u00e8 disponibile una buona attrezzatura per la miscelazione. MINE SWEEPER agisce come viscosizzante, riduttore di attrito, flocculante e regolatore della perdita di fluido.   <\/p>\n","protected":false},"featured_media":4356,"comment_status":"open","ping_status":"closed","template":"","meta":{"_acf_changed":false,"inline_featured_image":false},"product_brand":[],"product_cat":[161,175],"product_tag":[],"class_list":{"0":"post-4820","1":"product","2":"type-product","3":"status-publish","4":"has-post-thumbnail","6":"product_cat-fluidi-di-perforazione-additivi","7":"product_cat-viscosificanti-reologia","8":"pa_ground-conditions-argilla","9":"pa_industry-hdd-utilita","11":"first","12":"instock","13":"taxable","14":"shipping-taxable","15":"product-type-simple"},"yoast_head":"<!-- This site is optimized with the Yoast SEO plugin v27.2 - https:\/\/yoast.com\/product\/yoast-seo-wordpress\/ -->\n<title>Spazzatrice di miniere - Right Turn Supply<\/title>\n<meta name=\"robots\" content=\"index, follow, max-snippet:-1, max-image-preview:large, max-video-preview:-1\" \/>\n<link rel=\"canonical\" href=\"https:\/\/rightturnsupply.com\/it\/prodotto\/spazzatrice-di-miniere\/\" \/>\n<meta property=\"og:locale\" content=\"it_IT\" \/>\n<meta property=\"og:type\" content=\"article\" \/>\n<meta property=\"og:title\" content=\"Spazzatrice di miniere - Right Turn Supply\" \/>\n<meta property=\"og:description\" content=\"MINE SWEEPER \u00e8 un prodotto facilmente disperdibile progettato per incapsulare gli scarti di lavorazione e stabilizzare gli scisti. \u00c8 formulato per una facile miscelazione e una migliore dispersione per eliminare gli &quot;occhi di pesce&quot;. Questo \u00e8 vantaggioso quando si mescolano rapidamente grandi quantit\u00e0 o alte concentrazioni di polimero, quando non \u00e8 disponibile una buona attrezzatura per la miscelazione. MINE SWEEPER agisce come viscosizzante, riduttore di attrito, flocculante e regolatore della perdita di fluido.\" \/>\n<meta property=\"og:url\" content=\"https:\/\/rightturnsupply.com\/it\/prodotto\/spazzatrice-di-miniere\/\" \/>\n<meta property=\"og:site_name\" content=\"Right Turn Supply\" \/>\n<meta property=\"article:publisher\" content=\"https:\/\/www.facebook.com\/RightTurnSupply\" \/>\n<meta property=\"article:modified_time\" content=\"2025-04-22T18:06:44+00:00\" \/>\n<meta property=\"og:image\" content=\"https:\/\/rightturnsupply.com\/wp-content\/uploads\/2024\/07\/Mine-Sweeper-min.jpg\" \/>\n\t<meta property=\"og:image:width\" content=\"1000\" \/>\n\t<meta property=\"og:image:height\" content=\"1000\" \/>\n\t<meta property=\"og:image:type\" content=\"image\/jpeg\" \/>\n<meta name=\"twitter:card\" content=\"summary_large_image\" \/>\n<script type=\"application\/ld+json\" class=\"yoast-schema-graph\">{\"@context\":\"https:\/\/schema.org\",\"@graph\":[{\"@type\":\"WebPage\",\"@id\":\"https:\/\/rightturnsupply.com\/it\/prodotto\/spazzatrice-di-miniere\/\",\"url\":\"https:\/\/rightturnsupply.com\/it\/prodotto\/spazzatrice-di-miniere\/\",\"name\":\"Spazzatrice di miniere - Right Turn Supply\",\"isPartOf\":{\"@id\":\"https:\/\/rightturnsupply.com\/it\/#website\"},\"primaryImageOfPage\":{\"@id\":\"https:\/\/rightturnsupply.com\/it\/prodotto\/spazzatrice-di-miniere\/#primaryimage\"},\"image\":{\"@id\":\"https:\/\/rightturnsupply.com\/it\/prodotto\/spazzatrice-di-miniere\/#primaryimage\"},\"thumbnailUrl\":\"https:\/\/rightturnsupply.com\/wp-content\/uploads\/2024\/07\/Mine-Sweeper-min.jpg\",\"datePublished\":\"2024-07-01T17:41:20+00:00\",\"dateModified\":\"2025-04-22T18:06:44+00:00\",\"breadcrumb\":{\"@id\":\"https:\/\/rightturnsupply.com\/it\/prodotto\/spazzatrice-di-miniere\/#breadcrumb\"},\"inLanguage\":\"it-IT\",\"potentialAction\":[{\"@type\":\"ReadAction\",\"target\":[\"https:\/\/rightturnsupply.com\/it\/prodotto\/spazzatrice-di-miniere\/\"]}]},{\"@type\":\"ImageObject\",\"inLanguage\":\"it-IT\",\"@id\":\"https:\/\/rightturnsupply.com\/it\/prodotto\/spazzatrice-di-miniere\/#primaryimage\",\"url\":\"https:\/\/rightturnsupply.com\/wp-content\/uploads\/2024\/07\/Mine-Sweeper-min.jpg\",\"contentUrl\":\"https:\/\/rightturnsupply.com\/wp-content\/uploads\/2024\/07\/Mine-Sweeper-min.jpg\",\"width\":1000,\"height\":1000,\"caption\":\"Spazzatrice di miniere\"},{\"@type\":\"BreadcrumbList\",\"@id\":\"https:\/\/rightturnsupply.com\/it\/prodotto\/spazzatrice-di-miniere\/#breadcrumb\",\"itemListElement\":[{\"@type\":\"ListItem\",\"position\":1,\"name\":\"Negozio\",\"item\":\"https:\/\/rightturnsupply.com\/it\/negozio\/\"},{\"@type\":\"ListItem\",\"position\":2,\"name\":\"Fluids\",\"item\":\"https:\/\/rightturnsupply.com\/it\/categoria-prodotto\/fluids-it\/\"},{\"@type\":\"ListItem\",\"position\":3,\"name\":\"Fluidi di perforazione\/additivi\",\"item\":\"https:\/\/rightturnsupply.com\/it\/categoria-prodotto\/fluids-it\/fluidi-di-perforazione-additivi\/\"},{\"@type\":\"ListItem\",\"position\":4,\"name\":\"Spazzatrice di miniere\"}]},{\"@type\":\"WebSite\",\"@id\":\"https:\/\/rightturnsupply.com\/it\/#website\",\"url\":\"https:\/\/rightturnsupply.com\/it\/\",\"name\":\"Right Turn Supply\",\"description\":\"\",\"publisher\":{\"@id\":\"https:\/\/rightturnsupply.com\/it\/#organization\"},\"potentialAction\":[{\"@type\":\"SearchAction\",\"target\":{\"@type\":\"EntryPoint\",\"urlTemplate\":\"https:\/\/rightturnsupply.com\/it\/?s={search_term_string}\"},\"query-input\":{\"@type\":\"PropertyValueSpecification\",\"valueRequired\":true,\"valueName\":\"search_term_string\"}}],\"inLanguage\":\"it-IT\"},{\"@type\":\"Organization\",\"@id\":\"https:\/\/rightturnsupply.com\/it\/#organization\",\"name\":\"Rifornimento a destra\",\"url\":\"https:\/\/rightturnsupply.com\/it\/\",\"logo\":{\"@type\":\"ImageObject\",\"inLanguage\":\"it-IT\",\"@id\":\"https:\/\/rightturnsupply.com\/it\/#\/schema\/logo\/image\/\",\"url\":\"https:\/\/rightturnsupply.com\/wp-content\/uploads\/2024\/04\/RTS.png\",\"contentUrl\":\"https:\/\/rightturnsupply.com\/wp-content\/uploads\/2024\/04\/RTS.png\",\"width\":436,\"height\":255,\"caption\":\"Rifornimento a destra\"},\"image\":{\"@id\":\"https:\/\/rightturnsupply.com\/it\/#\/schema\/logo\/image\/\"},\"sameAs\":[\"https:\/\/www.facebook.com\/RightTurnSupply\",\"https:\/\/www.instagram.com\/RightTurnSupply\/\",\"https:\/\/www.linkedin.com\/company\/11219426\/\",\"https:\/\/www.youtube.com\/channel\/UCNXnAe0vHuufUiXimiXGaqA\"]}]}<\/script>\n<!-- \/ Yoast SEO plugin. -->","yoast_head_json":{"title":"Spazzatrice di miniere - Right Turn Supply","robots":{"index":"index","follow":"follow","max-snippet":"max-snippet:-1","max-image-preview":"max-image-preview:large","max-video-preview":"max-video-preview:-1"},"canonical":"https:\/\/rightturnsupply.com\/it\/prodotto\/spazzatrice-di-miniere\/","og_locale":"it_IT","og_type":"article","og_title":"Spazzatrice di miniere - Right Turn Supply","og_description":"MINE SWEEPER \u00e8 un prodotto facilmente disperdibile progettato per incapsulare gli scarti di lavorazione e stabilizzare gli scisti. \u00c8 formulato per una facile miscelazione e una migliore dispersione per eliminare gli \"occhi di pesce\". Questo \u00e8 vantaggioso quando si mescolano rapidamente grandi quantit\u00e0 o alte concentrazioni di polimero, quando non \u00e8 disponibile una buona attrezzatura per la miscelazione. MINE SWEEPER agisce come viscosizzante, riduttore di attrito, flocculante e regolatore della perdita di fluido.","og_url":"https:\/\/rightturnsupply.com\/it\/prodotto\/spazzatrice-di-miniere\/","og_site_name":"Right Turn Supply","article_publisher":"https:\/\/www.facebook.com\/RightTurnSupply","article_modified_time":"2025-04-22T18:06:44+00:00","og_image":[{"width":1000,"height":1000,"url":"https:\/\/rightturnsupply.com\/wp-content\/uploads\/2024\/07\/Mine-Sweeper-min.jpg","type":"image\/jpeg"}],"twitter_card":"summary_large_image","schema":{"@context":"https:\/\/schema.org","@graph":[{"@type":"WebPage","@id":"https:\/\/rightturnsupply.com\/it\/prodotto\/spazzatrice-di-miniere\/","url":"https:\/\/rightturnsupply.com\/it\/prodotto\/spazzatrice-di-miniere\/","name":"Spazzatrice di miniere - Right Turn Supply","isPartOf":{"@id":"https:\/\/rightturnsupply.com\/it\/#website"},"primaryImageOfPage":{"@id":"https:\/\/rightturnsupply.com\/it\/prodotto\/spazzatrice-di-miniere\/#primaryimage"},"image":{"@id":"https:\/\/rightturnsupply.com\/it\/prodotto\/spazzatrice-di-miniere\/#primaryimage"},"thumbnailUrl":"https:\/\/rightturnsupply.com\/wp-content\/uploads\/2024\/07\/Mine-Sweeper-min.jpg","datePublished":"2024-07-01T17:41:20+00:00","dateModified":"2025-04-22T18:06:44+00:00","breadcrumb":{"@id":"https:\/\/rightturnsupply.com\/it\/prodotto\/spazzatrice-di-miniere\/#breadcrumb"},"inLanguage":"it-IT","potentialAction":[{"@type":"ReadAction","target":["https:\/\/rightturnsupply.com\/it\/prodotto\/spazzatrice-di-miniere\/"]}]},{"@type":"ImageObject","inLanguage":"it-IT","@id":"https:\/\/rightturnsupply.com\/it\/prodotto\/spazzatrice-di-miniere\/#primaryimage","url":"https:\/\/rightturnsupply.com\/wp-content\/uploads\/2024\/07\/Mine-Sweeper-min.jpg","contentUrl":"https:\/\/rightturnsupply.com\/wp-content\/uploads\/2024\/07\/Mine-Sweeper-min.jpg","width":1000,"height":1000,"caption":"Spazzatrice di miniere"},{"@type":"BreadcrumbList","@id":"https:\/\/rightturnsupply.com\/it\/prodotto\/spazzatrice-di-miniere\/#breadcrumb","itemListElement":[{"@type":"ListItem","position":1,"name":"Negozio","item":"https:\/\/rightturnsupply.com\/it\/negozio\/"},{"@type":"ListItem","position":2,"name":"Fluids","item":"https:\/\/rightturnsupply.com\/it\/categoria-prodotto\/fluids-it\/"},{"@type":"ListItem","position":3,"name":"Fluidi di perforazione\/additivi","item":"https:\/\/rightturnsupply.com\/it\/categoria-prodotto\/fluids-it\/fluidi-di-perforazione-additivi\/"},{"@type":"ListItem","position":4,"name":"Spazzatrice di miniere"}]},{"@type":"WebSite","@id":"https:\/\/rightturnsupply.com\/it\/#website","url":"https:\/\/rightturnsupply.com\/it\/","name":"Right Turn Supply","description":"","publisher":{"@id":"https:\/\/rightturnsupply.com\/it\/#organization"},"potentialAction":[{"@type":"SearchAction","target":{"@type":"EntryPoint","urlTemplate":"https:\/\/rightturnsupply.com\/it\/?s={search_term_string}"},"query-input":{"@type":"PropertyValueSpecification","valueRequired":true,"valueName":"search_term_string"}}],"inLanguage":"it-IT"},{"@type":"Organization","@id":"https:\/\/rightturnsupply.com\/it\/#organization","name":"Rifornimento a destra","url":"https:\/\/rightturnsupply.com\/it\/","logo":{"@type":"ImageObject","inLanguage":"it-IT","@id":"https:\/\/rightturnsupply.com\/it\/#\/schema\/logo\/image\/","url":"https:\/\/rightturnsupply.com\/wp-content\/uploads\/2024\/04\/RTS.png","contentUrl":"https:\/\/rightturnsupply.com\/wp-content\/uploads\/2024\/04\/RTS.png","width":436,"height":255,"caption":"Rifornimento a destra"},"image":{"@id":"https:\/\/rightturnsupply.com\/it\/#\/schema\/logo\/image\/"},"sameAs":["https:\/\/www.facebook.com\/RightTurnSupply","https:\/\/www.instagram.com\/RightTurnSupply\/","https:\/\/www.linkedin.com\/company\/11219426\/","https:\/\/www.youtube.com\/channel\/UCNXnAe0vHuufUiXimiXGaqA"]}]}},"acf":[],"_links":{"self":[{"href":"https:\/\/rightturnsupply.com\/it\/wp-json\/wp\/v2\/product\/4820","targetHints":{"allow":["GET"]}}],"collection":[{"href":"https:\/\/rightturnsupply.com\/it\/wp-json\/wp\/v2\/product"}],"about":[{"href":"https:\/\/rightturnsupply.com\/it\/wp-json\/wp\/v2\/types\/product"}],"replies":[{"embeddable":true,"href":"https:\/\/rightturnsupply.com\/it\/wp-json\/wp\/v2\/comments?post=4820"}],"wp:featuredmedia":[{"embeddable":true,"href":"https:\/\/rightturnsupply.com\/it\/wp-json\/wp\/v2\/media\/4356"}],"wp:attachment":[{"href":"https:\/\/rightturnsupply.com\/it\/wp-json\/wp\/v2\/media?parent=4820"}],"wp:term":[{"taxonomy":"product_brand","embeddable":true,"href":"https:\/\/rightturnsupply.com\/it\/wp-json\/wp\/v2\/product_brand?post=4820"},{"taxonomy":"product_cat","embeddable":true,"href":"https:\/\/rightturnsupply.com\/it\/wp-json\/wp\/v2\/product_cat?post=4820"},{"taxonomy":"product_tag","embeddable":true,"href":"https:\/\/rightturnsupply.com\/it\/wp-json\/wp\/v2\/product_tag?post=4820"}],"curies":[{"name":"wp","href":"https:\/\/api.w.org\/{rel}","templated":true}]}}