{"id":4812,"date":"2024-07-01T12:57:19","date_gmt":"2024-07-01T17:57:19","guid":{"rendered":"https:\/\/rightturnsupply.com\/product\/forza-pac-r\/"},"modified":"2025-04-22T13:08:59","modified_gmt":"2025-04-22T18:08:59","slug":"forza-pac-r","status":"publish","type":"product","link":"https:\/\/rightturnsupply.com\/it\/prodotto\/forza-pac-r\/","title":{"rendered":"Forza Pac R"},"content":{"rendered":"","protected":false},"excerpt":{"rendered":"<p>PAC R FORCE \u00e8 un additivo proprietario a base di cellulosa polianionica di qualit\u00e0 superiore e di elevata purezza, utilizzato per il controllo della reologia e delle perdite di fluido nei fluidi di perforazione. \u00c8 efficace nel controllare le perdite di fluido con un aumento minimo della viscosit\u00e0. Inoltre, migliora la qualit\u00e0 dei residui di filtraggio nei sistemi di fluidi di perforazione a base d&#8217;acqua. PAC R FORCE \u00e8 ideale per i sistemi di fluidi di perforazione che richiedono uno stretto controllo della filtrazione e basse propriet\u00e0 reologiche.   <\/p>\n","protected":false},"featured_media":4360,"comment_status":"open","ping_status":"closed","template":"","meta":{"_acf_changed":false,"inline_featured_image":false},"product_brand":[],"product_cat":[191,160,161],"product_tag":[224],"class_list":{"0":"post-4812","1":"product","2":"type-product","3":"status-publish","4":"has-post-thumbnail","6":"product_cat-filtrazione-perdita-dacqua","7":"product_cat-fluidi-di-perforazione-nsf","8":"product_cat-fluidi-di-perforazione-additivi","9":"product_tag-additivi-per-la-perdita-di-fluido","10":"pa_ground-conditions-argilla","11":"pa_ground-conditions-roccia-ciottoli","12":"pa_ground-conditions-sabbia","13":"pa_industry-hdd-maxi-rig-it","14":"pa_industry-hdd-utilita","15":"pa_industry-miniere","16":"pa_industry-pozzo-dacqua","18":"first","19":"instock","20":"taxable","21":"shipping-taxable","22":"product-type-simple"},"yoast_head":"<!-- This site is optimized with the Yoast SEO plugin v27.4 - https:\/\/yoast.com\/product\/yoast-seo-wordpress\/ -->\n<title>Forza Pac R - Right Turn Supply<\/title>\n<meta name=\"robots\" content=\"index, follow, max-snippet:-1, max-image-preview:large, max-video-preview:-1\" \/>\n<link rel=\"canonical\" href=\"https:\/\/rightturnsupply.com\/it\/prodotto\/forza-pac-r\/\" \/>\n<meta property=\"og:locale\" content=\"it_IT\" \/>\n<meta property=\"og:type\" content=\"article\" \/>\n<meta property=\"og:title\" content=\"Forza Pac R - Right Turn Supply\" \/>\n<meta property=\"og:description\" content=\"PAC R FORCE \u00e8 un additivo proprietario a base di cellulosa polianionica di qualit\u00e0 superiore e di elevata purezza, utilizzato per il controllo della reologia e delle perdite di fluido nei fluidi di perforazione. \u00c8 efficace nel controllare le perdite di fluido con un aumento minimo della viscosit\u00e0. Inoltre, migliora la qualit\u00e0 dei residui di filtraggio nei sistemi di fluidi di perforazione a base d&#039;acqua. PAC R FORCE \u00e8 ideale per i sistemi di fluidi di perforazione che richiedono uno stretto controllo della filtrazione e basse propriet\u00e0 reologiche.\" \/>\n<meta property=\"og:url\" content=\"https:\/\/rightturnsupply.com\/it\/prodotto\/forza-pac-r\/\" \/>\n<meta property=\"og:site_name\" content=\"Right Turn Supply\" \/>\n<meta property=\"article:publisher\" content=\"https:\/\/www.facebook.com\/RightTurnSupply\" \/>\n<meta property=\"article:modified_time\" content=\"2025-04-22T18:08:59+00:00\" \/>\n<meta property=\"og:image\" content=\"https:\/\/rightturnsupply.com\/wp-content\/uploads\/2024\/07\/PAC-R-Force-min.jpg\" \/>\n\t<meta property=\"og:image:width\" content=\"1000\" \/>\n\t<meta property=\"og:image:height\" content=\"1000\" \/>\n\t<meta property=\"og:image:type\" content=\"image\/jpeg\" \/>\n<meta name=\"twitter:card\" content=\"summary_large_image\" \/>\n<script type=\"application\/ld+json\" class=\"yoast-schema-graph\">{\"@context\":\"https:\\\/\\\/schema.org\",\"@graph\":[{\"@type\":\"WebPage\",\"@id\":\"https:\\\/\\\/rightturnsupply.com\\\/it\\\/prodotto\\\/forza-pac-r\\\/\",\"url\":\"https:\\\/\\\/rightturnsupply.com\\\/it\\\/prodotto\\\/forza-pac-r\\\/\",\"name\":\"Forza Pac R - Right Turn Supply\",\"isPartOf\":{\"@id\":\"https:\\\/\\\/rightturnsupply.com\\\/it\\\/#website\"},\"primaryImageOfPage\":{\"@id\":\"https:\\\/\\\/rightturnsupply.com\\\/it\\\/prodotto\\\/forza-pac-r\\\/#primaryimage\"},\"image\":{\"@id\":\"https:\\\/\\\/rightturnsupply.com\\\/it\\\/prodotto\\\/forza-pac-r\\\/#primaryimage\"},\"thumbnailUrl\":\"https:\\\/\\\/rightturnsupply.com\\\/wp-content\\\/uploads\\\/2024\\\/07\\\/PAC-R-Force-min.jpg\",\"datePublished\":\"2024-07-01T17:57:19+00:00\",\"dateModified\":\"2025-04-22T18:08:59+00:00\",\"breadcrumb\":{\"@id\":\"https:\\\/\\\/rightturnsupply.com\\\/it\\\/prodotto\\\/forza-pac-r\\\/#breadcrumb\"},\"inLanguage\":\"it-IT\",\"potentialAction\":[{\"@type\":\"ReadAction\",\"target\":[\"https:\\\/\\\/rightturnsupply.com\\\/it\\\/prodotto\\\/forza-pac-r\\\/\"]}]},{\"@type\":\"ImageObject\",\"inLanguage\":\"it-IT\",\"@id\":\"https:\\\/\\\/rightturnsupply.com\\\/it\\\/prodotto\\\/forza-pac-r\\\/#primaryimage\",\"url\":\"https:\\\/\\\/rightturnsupply.com\\\/wp-content\\\/uploads\\\/2024\\\/07\\\/PAC-R-Force-min.jpg\",\"contentUrl\":\"https:\\\/\\\/rightturnsupply.com\\\/wp-content\\\/uploads\\\/2024\\\/07\\\/PAC-R-Force-min.jpg\",\"width\":1000,\"height\":1000,\"caption\":\"Forza Pac R\"},{\"@type\":\"BreadcrumbList\",\"@id\":\"https:\\\/\\\/rightturnsupply.com\\\/it\\\/prodotto\\\/forza-pac-r\\\/#breadcrumb\",\"itemListElement\":[{\"@type\":\"ListItem\",\"position\":1,\"name\":\"Negozio\",\"item\":\"https:\\\/\\\/rightturnsupply.com\\\/it\\\/negozio\\\/\"},{\"@type\":\"ListItem\",\"position\":2,\"name\":\"Fluids\",\"item\":\"https:\\\/\\\/rightturnsupply.com\\\/it\\\/categoria-prodotto\\\/fluids-it\\\/\"},{\"@type\":\"ListItem\",\"position\":3,\"name\":\"Fluidi di perforazione\\\/additivi\",\"item\":\"https:\\\/\\\/rightturnsupply.com\\\/it\\\/categoria-prodotto\\\/fluids-it\\\/fluidi-di-perforazione-additivi\\\/\"},{\"@type\":\"ListItem\",\"position\":4,\"name\":\"Forza Pac R\"}]},{\"@type\":\"WebSite\",\"@id\":\"https:\\\/\\\/rightturnsupply.com\\\/it\\\/#website\",\"url\":\"https:\\\/\\\/rightturnsupply.com\\\/it\\\/\",\"name\":\"Right Turn Supply\",\"description\":\"\",\"publisher\":{\"@id\":\"https:\\\/\\\/rightturnsupply.com\\\/it\\\/#organization\"},\"potentialAction\":[{\"@type\":\"SearchAction\",\"target\":{\"@type\":\"EntryPoint\",\"urlTemplate\":\"https:\\\/\\\/rightturnsupply.com\\\/it\\\/?s={search_term_string}\"},\"query-input\":{\"@type\":\"PropertyValueSpecification\",\"valueRequired\":true,\"valueName\":\"search_term_string\"}}],\"inLanguage\":\"it-IT\"},{\"@type\":\"Organization\",\"@id\":\"https:\\\/\\\/rightturnsupply.com\\\/it\\\/#organization\",\"name\":\"Rifornimento a destra\",\"url\":\"https:\\\/\\\/rightturnsupply.com\\\/it\\\/\",\"logo\":{\"@type\":\"ImageObject\",\"inLanguage\":\"it-IT\",\"@id\":\"https:\\\/\\\/rightturnsupply.com\\\/it\\\/#\\\/schema\\\/logo\\\/image\\\/\",\"url\":\"https:\\\/\\\/rightturnsupply.com\\\/wp-content\\\/uploads\\\/2024\\\/04\\\/RTS.png\",\"contentUrl\":\"https:\\\/\\\/rightturnsupply.com\\\/wp-content\\\/uploads\\\/2024\\\/04\\\/RTS.png\",\"width\":436,\"height\":255,\"caption\":\"Rifornimento a destra\"},\"image\":{\"@id\":\"https:\\\/\\\/rightturnsupply.com\\\/it\\\/#\\\/schema\\\/logo\\\/image\\\/\"},\"sameAs\":[\"https:\\\/\\\/www.facebook.com\\\/RightTurnSupply\",\"https:\\\/\\\/www.instagram.com\\\/RightTurnSupply\\\/\",\"https:\\\/\\\/www.linkedin.com\\\/company\\\/11219426\\\/\",\"https:\\\/\\\/www.youtube.com\\\/channel\\\/UCNXnAe0vHuufUiXimiXGaqA\"]}]}<\/script>\n<!-- \/ Yoast SEO plugin. -->","yoast_head_json":{"title":"Forza Pac R - Right Turn Supply","robots":{"index":"index","follow":"follow","max-snippet":"max-snippet:-1","max-image-preview":"max-image-preview:large","max-video-preview":"max-video-preview:-1"},"canonical":"https:\/\/rightturnsupply.com\/it\/prodotto\/forza-pac-r\/","og_locale":"it_IT","og_type":"article","og_title":"Forza Pac R - Right Turn Supply","og_description":"PAC R FORCE \u00e8 un additivo proprietario a base di cellulosa polianionica di qualit\u00e0 superiore e di elevata purezza, utilizzato per il controllo della reologia e delle perdite di fluido nei fluidi di perforazione. \u00c8 efficace nel controllare le perdite di fluido con un aumento minimo della viscosit\u00e0. Inoltre, migliora la qualit\u00e0 dei residui di filtraggio nei sistemi di fluidi di perforazione a base d'acqua. PAC R FORCE \u00e8 ideale per i sistemi di fluidi di perforazione che richiedono uno stretto controllo della filtrazione e basse propriet\u00e0 reologiche.","og_url":"https:\/\/rightturnsupply.com\/it\/prodotto\/forza-pac-r\/","og_site_name":"Right Turn Supply","article_publisher":"https:\/\/www.facebook.com\/RightTurnSupply","article_modified_time":"2025-04-22T18:08:59+00:00","og_image":[{"width":1000,"height":1000,"url":"https:\/\/rightturnsupply.com\/wp-content\/uploads\/2024\/07\/PAC-R-Force-min.jpg","type":"image\/jpeg"}],"twitter_card":"summary_large_image","schema":{"@context":"https:\/\/schema.org","@graph":[{"@type":"WebPage","@id":"https:\/\/rightturnsupply.com\/it\/prodotto\/forza-pac-r\/","url":"https:\/\/rightturnsupply.com\/it\/prodotto\/forza-pac-r\/","name":"Forza Pac R - Right Turn Supply","isPartOf":{"@id":"https:\/\/rightturnsupply.com\/it\/#website"},"primaryImageOfPage":{"@id":"https:\/\/rightturnsupply.com\/it\/prodotto\/forza-pac-r\/#primaryimage"},"image":{"@id":"https:\/\/rightturnsupply.com\/it\/prodotto\/forza-pac-r\/#primaryimage"},"thumbnailUrl":"https:\/\/rightturnsupply.com\/wp-content\/uploads\/2024\/07\/PAC-R-Force-min.jpg","datePublished":"2024-07-01T17:57:19+00:00","dateModified":"2025-04-22T18:08:59+00:00","breadcrumb":{"@id":"https:\/\/rightturnsupply.com\/it\/prodotto\/forza-pac-r\/#breadcrumb"},"inLanguage":"it-IT","potentialAction":[{"@type":"ReadAction","target":["https:\/\/rightturnsupply.com\/it\/prodotto\/forza-pac-r\/"]}]},{"@type":"ImageObject","inLanguage":"it-IT","@id":"https:\/\/rightturnsupply.com\/it\/prodotto\/forza-pac-r\/#primaryimage","url":"https:\/\/rightturnsupply.com\/wp-content\/uploads\/2024\/07\/PAC-R-Force-min.jpg","contentUrl":"https:\/\/rightturnsupply.com\/wp-content\/uploads\/2024\/07\/PAC-R-Force-min.jpg","width":1000,"height":1000,"caption":"Forza Pac R"},{"@type":"BreadcrumbList","@id":"https:\/\/rightturnsupply.com\/it\/prodotto\/forza-pac-r\/#breadcrumb","itemListElement":[{"@type":"ListItem","position":1,"name":"Negozio","item":"https:\/\/rightturnsupply.com\/it\/negozio\/"},{"@type":"ListItem","position":2,"name":"Fluids","item":"https:\/\/rightturnsupply.com\/it\/categoria-prodotto\/fluids-it\/"},{"@type":"ListItem","position":3,"name":"Fluidi di perforazione\/additivi","item":"https:\/\/rightturnsupply.com\/it\/categoria-prodotto\/fluids-it\/fluidi-di-perforazione-additivi\/"},{"@type":"ListItem","position":4,"name":"Forza Pac R"}]},{"@type":"WebSite","@id":"https:\/\/rightturnsupply.com\/it\/#website","url":"https:\/\/rightturnsupply.com\/it\/","name":"Right Turn Supply","description":"","publisher":{"@id":"https:\/\/rightturnsupply.com\/it\/#organization"},"potentialAction":[{"@type":"SearchAction","target":{"@type":"EntryPoint","urlTemplate":"https:\/\/rightturnsupply.com\/it\/?s={search_term_string}"},"query-input":{"@type":"PropertyValueSpecification","valueRequired":true,"valueName":"search_term_string"}}],"inLanguage":"it-IT"},{"@type":"Organization","@id":"https:\/\/rightturnsupply.com\/it\/#organization","name":"Rifornimento a destra","url":"https:\/\/rightturnsupply.com\/it\/","logo":{"@type":"ImageObject","inLanguage":"it-IT","@id":"https:\/\/rightturnsupply.com\/it\/#\/schema\/logo\/image\/","url":"https:\/\/rightturnsupply.com\/wp-content\/uploads\/2024\/04\/RTS.png","contentUrl":"https:\/\/rightturnsupply.com\/wp-content\/uploads\/2024\/04\/RTS.png","width":436,"height":255,"caption":"Rifornimento a destra"},"image":{"@id":"https:\/\/rightturnsupply.com\/it\/#\/schema\/logo\/image\/"},"sameAs":["https:\/\/www.facebook.com\/RightTurnSupply","https:\/\/www.instagram.com\/RightTurnSupply\/","https:\/\/www.linkedin.com\/company\/11219426\/","https:\/\/www.youtube.com\/channel\/UCNXnAe0vHuufUiXimiXGaqA"]}]}},"acf":[],"_links":{"self":[{"href":"https:\/\/rightturnsupply.com\/it\/wp-json\/wp\/v2\/product\/4812","targetHints":{"allow":["GET"]}}],"collection":[{"href":"https:\/\/rightturnsupply.com\/it\/wp-json\/wp\/v2\/product"}],"about":[{"href":"https:\/\/rightturnsupply.com\/it\/wp-json\/wp\/v2\/types\/product"}],"replies":[{"embeddable":true,"href":"https:\/\/rightturnsupply.com\/it\/wp-json\/wp\/v2\/comments?post=4812"}],"wp:featuredmedia":[{"embeddable":true,"href":"https:\/\/rightturnsupply.com\/it\/wp-json\/wp\/v2\/media\/4360"}],"wp:attachment":[{"href":"https:\/\/rightturnsupply.com\/it\/wp-json\/wp\/v2\/media?parent=4812"}],"wp:term":[{"taxonomy":"product_brand","embeddable":true,"href":"https:\/\/rightturnsupply.com\/it\/wp-json\/wp\/v2\/product_brand?post=4812"},{"taxonomy":"product_cat","embeddable":true,"href":"https:\/\/rightturnsupply.com\/it\/wp-json\/wp\/v2\/product_cat?post=4812"},{"taxonomy":"product_tag","embeddable":true,"href":"https:\/\/rightturnsupply.com\/it\/wp-json\/wp\/v2\/product_tag?post=4812"}],"curies":[{"name":"wp","href":"https:\/\/api.w.org\/{rel}","templated":true}]}}