{"id":4723,"date":"2024-08-19T13:27:47","date_gmt":"2024-08-19T18:27:47","guid":{"rendered":"https:\/\/rightturnsupply.com\/product\/comandante-della-sabbia\/"},"modified":"2026-03-19T13:23:15","modified_gmt":"2026-03-19T18:23:15","slug":"comandante-della-sabbia","status":"publish","type":"product","link":"https:\/\/rightturnsupply.com\/it\/prodotto\/comandante-della-sabbia\/","title":{"rendered":"Comandante della sabbia"},"content":{"rendered":"","protected":false},"excerpt":{"rendered":"<p><span data-ogsc=\"black\" data-olk-copy-source=\"MessageBody\">Non \u00e8 un segreto che lavorare nella sabbia possa presentare delle difficolt\u00e0. Sand Commander da destra <\/span><span data-ogsc=\"black\">Turn Supply \u00e8 un additivo tutto in uno progettato per contrastare la perdita di fluido, migliorare la stabilit\u00e0 del foro,<\/span> <span data-ogsc=\"black\">aumentare la resistenza del gel e pulire il foro senza aumentare significativamente le pressioni di fondo pozzo.<\/span> <span data-ogsc=\"black\">Per l&#8217;alesatura in sabbia difficile, \u00e8 sufficiente aggiungere un contenitore di Sand Commander con due sacchi.<\/span> <span data-ogsc=\"black\">di bentonite del Wyoming ad alta resa (220 bbl). Semplifica la tua miscela di sabbia e riduci il numero <\/span><span data-ogsc=\"black\">dei prodotti che porti al lavoro utilizzando Sand Commander di Right Turn Supply.<\/span><\/p>\n<p>&nbsp;<\/p>\n","protected":false},"featured_media":6663,"comment_status":"closed","ping_status":"closed","template":"","meta":{"_acf_changed":false,"inline_featured_image":false},"product_brand":[],"product_cat":[161,175],"product_tag":[],"class_list":{"0":"post-4723","1":"product","2":"type-product","3":"status-publish","4":"has-post-thumbnail","6":"product_cat-fluidi-di-perforazione-additivi","7":"product_cat-viscosificanti-reologia","8":"pa_ground-conditions-argilla","9":"pa_ground-conditions-roccia-ciottoli","10":"pa_ground-conditions-sabbia","11":"pa_industry-hdd-utilita","13":"first","14":"instock","15":"taxable","16":"shipping-taxable","17":"product-type-simple"},"yoast_head":"<!-- This site is optimized with the Yoast SEO plugin v27.2 - https:\/\/yoast.com\/product\/yoast-seo-wordpress\/ -->\n<title>Comandante della sabbia - Right Turn Supply<\/title>\n<meta name=\"robots\" content=\"index, follow, max-snippet:-1, max-image-preview:large, max-video-preview:-1\" \/>\n<link rel=\"canonical\" href=\"https:\/\/rightturnsupply.com\/it\/prodotto\/comandante-della-sabbia\/\" \/>\n<meta property=\"og:locale\" content=\"it_IT\" \/>\n<meta property=\"og:type\" content=\"article\" \/>\n<meta property=\"og:title\" content=\"Comandante della sabbia - Right Turn Supply\" \/>\n<meta property=\"og:description\" content=\"Non \u00e8 un segreto che lavorare nella sabbia possa presentare delle difficolt\u00e0. Sand Commander da destra Turn Supply \u00e8 un additivo tutto in uno progettato per contrastare la perdita di fluido, migliorare la stabilit\u00e0 del foro, aumentare la resistenza del gel e pulire il foro senza aumentare significativamente le pressioni di fondo pozzo. Per l&#039;alesatura in sabbia difficile, \u00e8 sufficiente aggiungere un contenitore di Sand Commander con due sacchi. di bentonite del Wyoming ad alta resa (220 bbl). Semplifica la tua miscela di sabbia e riduci il numero dei prodotti che porti al lavoro utilizzando Sand Commander di Right Turn Supply.  &nbsp;\" \/>\n<meta property=\"og:url\" content=\"https:\/\/rightturnsupply.com\/it\/prodotto\/comandante-della-sabbia\/\" \/>\n<meta property=\"og:site_name\" content=\"Right Turn Supply\" \/>\n<meta property=\"article:publisher\" content=\"https:\/\/www.facebook.com\/RightTurnSupply\" \/>\n<meta property=\"article:modified_time\" content=\"2026-03-19T18:23:15+00:00\" \/>\n<meta property=\"og:image\" content=\"https:\/\/rightturnsupply.com\/wp-content\/uploads\/2024\/08\/SAND-COMMANDER-updated-min.jpg\" \/>\n\t<meta property=\"og:image:width\" content=\"1000\" \/>\n\t<meta property=\"og:image:height\" content=\"1000\" \/>\n\t<meta property=\"og:image:type\" content=\"image\/jpeg\" \/>\n<meta name=\"twitter:card\" content=\"summary_large_image\" \/>\n<meta name=\"twitter:label1\" content=\"Tempo di lettura stimato\" \/>\n\t<meta name=\"twitter:data1\" content=\"1 minuto\" \/>\n<script type=\"application\/ld+json\" class=\"yoast-schema-graph\">{\"@context\":\"https:\/\/schema.org\",\"@graph\":[{\"@type\":\"WebPage\",\"@id\":\"https:\/\/rightturnsupply.com\/it\/prodotto\/comandante-della-sabbia\/\",\"url\":\"https:\/\/rightturnsupply.com\/it\/prodotto\/comandante-della-sabbia\/\",\"name\":\"Comandante della sabbia - Right Turn Supply\",\"isPartOf\":{\"@id\":\"https:\/\/rightturnsupply.com\/it\/#website\"},\"primaryImageOfPage\":{\"@id\":\"https:\/\/rightturnsupply.com\/it\/prodotto\/comandante-della-sabbia\/#primaryimage\"},\"image\":{\"@id\":\"https:\/\/rightturnsupply.com\/it\/prodotto\/comandante-della-sabbia\/#primaryimage\"},\"thumbnailUrl\":\"https:\/\/rightturnsupply.com\/wp-content\/uploads\/2024\/08\/SAND-COMMANDER-updated-min.jpg\",\"datePublished\":\"2024-08-19T18:27:47+00:00\",\"dateModified\":\"2026-03-19T18:23:15+00:00\",\"breadcrumb\":{\"@id\":\"https:\/\/rightturnsupply.com\/it\/prodotto\/comandante-della-sabbia\/#breadcrumb\"},\"inLanguage\":\"it-IT\",\"potentialAction\":[{\"@type\":\"ReadAction\",\"target\":[\"https:\/\/rightturnsupply.com\/it\/prodotto\/comandante-della-sabbia\/\"]}]},{\"@type\":\"ImageObject\",\"inLanguage\":\"it-IT\",\"@id\":\"https:\/\/rightturnsupply.com\/it\/prodotto\/comandante-della-sabbia\/#primaryimage\",\"url\":\"https:\/\/rightturnsupply.com\/wp-content\/uploads\/2024\/08\/SAND-COMMANDER-updated-min.jpg\",\"contentUrl\":\"https:\/\/rightturnsupply.com\/wp-content\/uploads\/2024\/08\/SAND-COMMANDER-updated-min.jpg\",\"width\":1000,\"height\":1000},{\"@type\":\"BreadcrumbList\",\"@id\":\"https:\/\/rightturnsupply.com\/it\/prodotto\/comandante-della-sabbia\/#breadcrumb\",\"itemListElement\":[{\"@type\":\"ListItem\",\"position\":1,\"name\":\"Negozio\",\"item\":\"https:\/\/rightturnsupply.com\/it\/negozio\/\"},{\"@type\":\"ListItem\",\"position\":2,\"name\":\"Fluids\",\"item\":\"https:\/\/rightturnsupply.com\/it\/categoria-prodotto\/fluids-it\/\"},{\"@type\":\"ListItem\",\"position\":3,\"name\":\"Fluidi di perforazione\/additivi\",\"item\":\"https:\/\/rightturnsupply.com\/it\/categoria-prodotto\/fluids-it\/fluidi-di-perforazione-additivi\/\"},{\"@type\":\"ListItem\",\"position\":4,\"name\":\"Comandante della sabbia\"}]},{\"@type\":\"WebSite\",\"@id\":\"https:\/\/rightturnsupply.com\/it\/#website\",\"url\":\"https:\/\/rightturnsupply.com\/it\/\",\"name\":\"Right Turn Supply\",\"description\":\"\",\"publisher\":{\"@id\":\"https:\/\/rightturnsupply.com\/it\/#organization\"},\"potentialAction\":[{\"@type\":\"SearchAction\",\"target\":{\"@type\":\"EntryPoint\",\"urlTemplate\":\"https:\/\/rightturnsupply.com\/it\/?s={search_term_string}\"},\"query-input\":{\"@type\":\"PropertyValueSpecification\",\"valueRequired\":true,\"valueName\":\"search_term_string\"}}],\"inLanguage\":\"it-IT\"},{\"@type\":\"Organization\",\"@id\":\"https:\/\/rightturnsupply.com\/it\/#organization\",\"name\":\"Rifornimento a destra\",\"url\":\"https:\/\/rightturnsupply.com\/it\/\",\"logo\":{\"@type\":\"ImageObject\",\"inLanguage\":\"it-IT\",\"@id\":\"https:\/\/rightturnsupply.com\/it\/#\/schema\/logo\/image\/\",\"url\":\"https:\/\/rightturnsupply.com\/wp-content\/uploads\/2024\/04\/RTS.png\",\"contentUrl\":\"https:\/\/rightturnsupply.com\/wp-content\/uploads\/2024\/04\/RTS.png\",\"width\":436,\"height\":255,\"caption\":\"Rifornimento a destra\"},\"image\":{\"@id\":\"https:\/\/rightturnsupply.com\/it\/#\/schema\/logo\/image\/\"},\"sameAs\":[\"https:\/\/www.facebook.com\/RightTurnSupply\",\"https:\/\/www.instagram.com\/RightTurnSupply\/\",\"https:\/\/www.linkedin.com\/company\/11219426\/\",\"https:\/\/www.youtube.com\/channel\/UCNXnAe0vHuufUiXimiXGaqA\"]}]}<\/script>\n<!-- \/ Yoast SEO plugin. -->","yoast_head_json":{"title":"Comandante della sabbia - Right Turn Supply","robots":{"index":"index","follow":"follow","max-snippet":"max-snippet:-1","max-image-preview":"max-image-preview:large","max-video-preview":"max-video-preview:-1"},"canonical":"https:\/\/rightturnsupply.com\/it\/prodotto\/comandante-della-sabbia\/","og_locale":"it_IT","og_type":"article","og_title":"Comandante della sabbia - Right Turn Supply","og_description":"Non \u00e8 un segreto che lavorare nella sabbia possa presentare delle difficolt\u00e0. Sand Commander da destra Turn Supply \u00e8 un additivo tutto in uno progettato per contrastare la perdita di fluido, migliorare la stabilit\u00e0 del foro, aumentare la resistenza del gel e pulire il foro senza aumentare significativamente le pressioni di fondo pozzo. Per l'alesatura in sabbia difficile, \u00e8 sufficiente aggiungere un contenitore di Sand Commander con due sacchi. di bentonite del Wyoming ad alta resa (220 bbl). Semplifica la tua miscela di sabbia e riduci il numero dei prodotti che porti al lavoro utilizzando Sand Commander di Right Turn Supply.  &nbsp;","og_url":"https:\/\/rightturnsupply.com\/it\/prodotto\/comandante-della-sabbia\/","og_site_name":"Right Turn Supply","article_publisher":"https:\/\/www.facebook.com\/RightTurnSupply","article_modified_time":"2026-03-19T18:23:15+00:00","og_image":[{"width":1000,"height":1000,"url":"https:\/\/rightturnsupply.com\/wp-content\/uploads\/2024\/08\/SAND-COMMANDER-updated-min.jpg","type":"image\/jpeg"}],"twitter_card":"summary_large_image","twitter_misc":{"Tempo di lettura stimato":"1 minuto"},"schema":{"@context":"https:\/\/schema.org","@graph":[{"@type":"WebPage","@id":"https:\/\/rightturnsupply.com\/it\/prodotto\/comandante-della-sabbia\/","url":"https:\/\/rightturnsupply.com\/it\/prodotto\/comandante-della-sabbia\/","name":"Comandante della sabbia - Right Turn Supply","isPartOf":{"@id":"https:\/\/rightturnsupply.com\/it\/#website"},"primaryImageOfPage":{"@id":"https:\/\/rightturnsupply.com\/it\/prodotto\/comandante-della-sabbia\/#primaryimage"},"image":{"@id":"https:\/\/rightturnsupply.com\/it\/prodotto\/comandante-della-sabbia\/#primaryimage"},"thumbnailUrl":"https:\/\/rightturnsupply.com\/wp-content\/uploads\/2024\/08\/SAND-COMMANDER-updated-min.jpg","datePublished":"2024-08-19T18:27:47+00:00","dateModified":"2026-03-19T18:23:15+00:00","breadcrumb":{"@id":"https:\/\/rightturnsupply.com\/it\/prodotto\/comandante-della-sabbia\/#breadcrumb"},"inLanguage":"it-IT","potentialAction":[{"@type":"ReadAction","target":["https:\/\/rightturnsupply.com\/it\/prodotto\/comandante-della-sabbia\/"]}]},{"@type":"ImageObject","inLanguage":"it-IT","@id":"https:\/\/rightturnsupply.com\/it\/prodotto\/comandante-della-sabbia\/#primaryimage","url":"https:\/\/rightturnsupply.com\/wp-content\/uploads\/2024\/08\/SAND-COMMANDER-updated-min.jpg","contentUrl":"https:\/\/rightturnsupply.com\/wp-content\/uploads\/2024\/08\/SAND-COMMANDER-updated-min.jpg","width":1000,"height":1000},{"@type":"BreadcrumbList","@id":"https:\/\/rightturnsupply.com\/it\/prodotto\/comandante-della-sabbia\/#breadcrumb","itemListElement":[{"@type":"ListItem","position":1,"name":"Negozio","item":"https:\/\/rightturnsupply.com\/it\/negozio\/"},{"@type":"ListItem","position":2,"name":"Fluids","item":"https:\/\/rightturnsupply.com\/it\/categoria-prodotto\/fluids-it\/"},{"@type":"ListItem","position":3,"name":"Fluidi di perforazione\/additivi","item":"https:\/\/rightturnsupply.com\/it\/categoria-prodotto\/fluids-it\/fluidi-di-perforazione-additivi\/"},{"@type":"ListItem","position":4,"name":"Comandante della sabbia"}]},{"@type":"WebSite","@id":"https:\/\/rightturnsupply.com\/it\/#website","url":"https:\/\/rightturnsupply.com\/it\/","name":"Right Turn Supply","description":"","publisher":{"@id":"https:\/\/rightturnsupply.com\/it\/#organization"},"potentialAction":[{"@type":"SearchAction","target":{"@type":"EntryPoint","urlTemplate":"https:\/\/rightturnsupply.com\/it\/?s={search_term_string}"},"query-input":{"@type":"PropertyValueSpecification","valueRequired":true,"valueName":"search_term_string"}}],"inLanguage":"it-IT"},{"@type":"Organization","@id":"https:\/\/rightturnsupply.com\/it\/#organization","name":"Rifornimento a destra","url":"https:\/\/rightturnsupply.com\/it\/","logo":{"@type":"ImageObject","inLanguage":"it-IT","@id":"https:\/\/rightturnsupply.com\/it\/#\/schema\/logo\/image\/","url":"https:\/\/rightturnsupply.com\/wp-content\/uploads\/2024\/04\/RTS.png","contentUrl":"https:\/\/rightturnsupply.com\/wp-content\/uploads\/2024\/04\/RTS.png","width":436,"height":255,"caption":"Rifornimento a destra"},"image":{"@id":"https:\/\/rightturnsupply.com\/it\/#\/schema\/logo\/image\/"},"sameAs":["https:\/\/www.facebook.com\/RightTurnSupply","https:\/\/www.instagram.com\/RightTurnSupply\/","https:\/\/www.linkedin.com\/company\/11219426\/","https:\/\/www.youtube.com\/channel\/UCNXnAe0vHuufUiXimiXGaqA"]}]}},"acf":[],"_links":{"self":[{"href":"https:\/\/rightturnsupply.com\/it\/wp-json\/wp\/v2\/product\/4723","targetHints":{"allow":["GET"]}}],"collection":[{"href":"https:\/\/rightturnsupply.com\/it\/wp-json\/wp\/v2\/product"}],"about":[{"href":"https:\/\/rightturnsupply.com\/it\/wp-json\/wp\/v2\/types\/product"}],"replies":[{"embeddable":true,"href":"https:\/\/rightturnsupply.com\/it\/wp-json\/wp\/v2\/comments?post=4723"}],"wp:featuredmedia":[{"embeddable":true,"href":"https:\/\/rightturnsupply.com\/it\/wp-json\/wp\/v2\/media\/6663"}],"wp:attachment":[{"href":"https:\/\/rightturnsupply.com\/it\/wp-json\/wp\/v2\/media?parent=4723"}],"wp:term":[{"taxonomy":"product_brand","embeddable":true,"href":"https:\/\/rightturnsupply.com\/it\/wp-json\/wp\/v2\/product_brand?post=4723"},{"taxonomy":"product_cat","embeddable":true,"href":"https:\/\/rightturnsupply.com\/it\/wp-json\/wp\/v2\/product_cat?post=4723"},{"taxonomy":"product_tag","embeddable":true,"href":"https:\/\/rightturnsupply.com\/it\/wp-json\/wp\/v2\/product_tag?post=4723"}],"curies":[{"name":"wp","href":"https:\/\/api.w.org\/{rel}","templated":true}]}}