{"id":4707,"date":"2024-09-05T17:47:55","date_gmt":"2024-09-05T22:47:55","guid":{"rendered":"https:\/\/rightturnsupply.com\/product\/cobble-commander-5-galloni\/"},"modified":"2025-04-25T18:14:19","modified_gmt":"2025-04-25T23:14:19","slug":"cobble-commander-5-galloni","status":"publish","type":"product","link":"https:\/\/rightturnsupply.com\/it\/prodotto\/cobble-commander-5-galloni\/","title":{"rendered":"Cobble Commander &#8211; 5 galloni"},"content":{"rendered":"<div class=\"wpb-content-wrapper\">[vc_row full_width=&#8221;stretch_row&#8221; disable_element=&#8221;yes&#8221; css=&#8221;.vc_custom_1721770580229{background-color: #a8c74c !important;}&#8221;][vc_column css=&#8221;.vc_custom_1712614593758{padding-top: 0px !important;}&#8221;][vc_empty_space height=&#8221;125px&#8221; el_class=&#8221;es-large&#8221;][vc_btn title=&#8221;COBBLE COMMANDER Scheda di sicurezza&#8221; style=&#8221;custom&#8221; custom_background=&#8221;#000000&#8243; custom_text=&#8221;#ffffff&#8221; shape=&#8221;square&#8221; size=&#8221;lg&#8221; align=&#8221;center&#8221; css=&#8221;&#8221; link=&#8221;url:https%3A%2F%2Frightturnsupply.com%2Fwp-content%2Fuploads%2F2020%2F02%2FCobble-Commander-SDS-01.01.18.pdf|target:_blank|&#8221;][\/vc_column][vc_column css=&#8221;.vc_custom_1712614587677{padding-top: 0px !important;}&#8221;][vc_empty_space height=&#8221;80px&#8221; el_class=&#8221;es-large&#8221;][\/vc_column][\/vc_row]\n<\/div>","protected":false},"excerpt":{"rendered":"<p>Questo fluido di perforazione per HDD, unico nel suo genere, non ha ancora incontrato un lavoro che non sia in grado di gestire. COBBLE COMMANDER aumenta la capacit\u00e0 del fluido di perforazione di trasportare i tagli senza influenzare drasticamente la viscosit\u00e0. Nel complesso, COBBLE COMMANDER consente una perforazione pi\u00f9 efficiente in termini di tempo e il trasporto di un maggior numero di trucioli, dimostrando l&#8217;efficienza e la qualit\u00e0 della formula.<\/p>\n","protected":false},"featured_media":4524,"comment_status":"closed","ping_status":"closed","template":"","meta":{"_acf_changed":false,"inline_featured_image":false},"product_brand":[],"product_cat":[160,161,175],"product_tag":[176],"class_list":{"0":"post-4707","1":"product","2":"type-product","3":"status-publish","4":"has-post-thumbnail","6":"product_cat-fluidi-di-perforazione-nsf","7":"product_cat-fluidi-di-perforazione-additivi","8":"product_cat-viscosificanti-reologia","9":"product_tag-modificatori-reologici","10":"pa_ground-conditions-argilla","11":"pa_industry-hdd-maxi-rig-it","12":"pa_industry-pozzo-dacqua","13":"pa_product-type-fluidi","15":"first","16":"instock","17":"taxable","18":"shipping-taxable","19":"product-type-simple"},"yoast_head":"<!-- This site is optimized with the Yoast SEO plugin v27.2 - https:\/\/yoast.com\/product\/yoast-seo-wordpress\/ -->\n<title>Cobble Commander - 5 galloni - Right Turn Supply<\/title>\n<meta name=\"robots\" content=\"index, follow, max-snippet:-1, max-image-preview:large, max-video-preview:-1\" \/>\n<link rel=\"canonical\" href=\"https:\/\/rightturnsupply.com\/it\/prodotto\/cobble-commander-5-galloni\/\" \/>\n<meta property=\"og:locale\" content=\"it_IT\" \/>\n<meta property=\"og:type\" content=\"article\" \/>\n<meta property=\"og:title\" content=\"Cobble Commander - 5 galloni - Right Turn Supply\" \/>\n<meta property=\"og:description\" content=\"Questo fluido di perforazione per HDD, unico nel suo genere, non ha ancora incontrato un lavoro che non sia in grado di gestire. COBBLE COMMANDER aumenta la capacit\u00e0 del fluido di perforazione di trasportare i tagli senza influenzare drasticamente la viscosit\u00e0. Nel complesso, COBBLE COMMANDER consente una perforazione pi\u00f9 efficiente in termini di tempo e il trasporto di un maggior numero di trucioli, dimostrando l&#039;efficienza e la qualit\u00e0 della formula.\" \/>\n<meta property=\"og:url\" content=\"https:\/\/rightturnsupply.com\/it\/prodotto\/cobble-commander-5-galloni\/\" \/>\n<meta property=\"og:site_name\" content=\"Right Turn Supply\" \/>\n<meta property=\"article:publisher\" content=\"https:\/\/www.facebook.com\/RightTurnSupply\" \/>\n<meta property=\"article:modified_time\" content=\"2025-04-25T23:14:19+00:00\" \/>\n<meta property=\"og:image\" content=\"https:\/\/rightturnsupply.com\/wp-content\/uploads\/2024\/09\/FRO1553-min.jpg\" \/>\n\t<meta property=\"og:image:width\" content=\"1152\" \/>\n\t<meta property=\"og:image:height\" content=\"766\" \/>\n\t<meta property=\"og:image:type\" content=\"image\/jpeg\" \/>\n<meta name=\"twitter:card\" content=\"summary_large_image\" \/>\n<meta name=\"twitter:label1\" content=\"Tempo di lettura stimato\" \/>\n\t<meta name=\"twitter:data1\" content=\"1 minuto\" \/>\n<script type=\"application\/ld+json\" class=\"yoast-schema-graph\">{\"@context\":\"https:\/\/schema.org\",\"@graph\":[{\"@type\":\"WebPage\",\"@id\":\"https:\/\/rightturnsupply.com\/it\/prodotto\/cobble-commander-5-galloni\/\",\"url\":\"https:\/\/rightturnsupply.com\/it\/prodotto\/cobble-commander-5-galloni\/\",\"name\":\"Cobble Commander - 5 galloni - Right Turn Supply\",\"isPartOf\":{\"@id\":\"https:\/\/rightturnsupply.com\/it\/#website\"},\"primaryImageOfPage\":{\"@id\":\"https:\/\/rightturnsupply.com\/it\/prodotto\/cobble-commander-5-galloni\/#primaryimage\"},\"image\":{\"@id\":\"https:\/\/rightturnsupply.com\/it\/prodotto\/cobble-commander-5-galloni\/#primaryimage\"},\"thumbnailUrl\":\"https:\/\/rightturnsupply.com\/wp-content\/uploads\/2024\/09\/FRO1553-min.jpg\",\"datePublished\":\"2024-09-05T22:47:55+00:00\",\"dateModified\":\"2025-04-25T23:14:19+00:00\",\"breadcrumb\":{\"@id\":\"https:\/\/rightturnsupply.com\/it\/prodotto\/cobble-commander-5-galloni\/#breadcrumb\"},\"inLanguage\":\"it-IT\",\"potentialAction\":[{\"@type\":\"ReadAction\",\"target\":[\"https:\/\/rightturnsupply.com\/it\/prodotto\/cobble-commander-5-galloni\/\"]}]},{\"@type\":\"ImageObject\",\"inLanguage\":\"it-IT\",\"@id\":\"https:\/\/rightturnsupply.com\/it\/prodotto\/cobble-commander-5-galloni\/#primaryimage\",\"url\":\"https:\/\/rightturnsupply.com\/wp-content\/uploads\/2024\/09\/FRO1553-min.jpg\",\"contentUrl\":\"https:\/\/rightturnsupply.com\/wp-content\/uploads\/2024\/09\/FRO1553-min.jpg\",\"width\":1152,\"height\":766},{\"@type\":\"BreadcrumbList\",\"@id\":\"https:\/\/rightturnsupply.com\/it\/prodotto\/cobble-commander-5-galloni\/#breadcrumb\",\"itemListElement\":[{\"@type\":\"ListItem\",\"position\":1,\"name\":\"Negozio\",\"item\":\"https:\/\/rightturnsupply.com\/it\/negozio\/\"},{\"@type\":\"ListItem\",\"position\":2,\"name\":\"Fluids\",\"item\":\"https:\/\/rightturnsupply.com\/it\/categoria-prodotto\/fluids-it\/\"},{\"@type\":\"ListItem\",\"position\":3,\"name\":\"Fluidi di perforazione\/additivi\",\"item\":\"https:\/\/rightturnsupply.com\/it\/categoria-prodotto\/fluids-it\/fluidi-di-perforazione-additivi\/\"},{\"@type\":\"ListItem\",\"position\":4,\"name\":\"Cobble Commander &#8211; 5 galloni\"}]},{\"@type\":\"WebSite\",\"@id\":\"https:\/\/rightturnsupply.com\/it\/#website\",\"url\":\"https:\/\/rightturnsupply.com\/it\/\",\"name\":\"Right Turn Supply\",\"description\":\"\",\"publisher\":{\"@id\":\"https:\/\/rightturnsupply.com\/it\/#organization\"},\"potentialAction\":[{\"@type\":\"SearchAction\",\"target\":{\"@type\":\"EntryPoint\",\"urlTemplate\":\"https:\/\/rightturnsupply.com\/it\/?s={search_term_string}\"},\"query-input\":{\"@type\":\"PropertyValueSpecification\",\"valueRequired\":true,\"valueName\":\"search_term_string\"}}],\"inLanguage\":\"it-IT\"},{\"@type\":\"Organization\",\"@id\":\"https:\/\/rightturnsupply.com\/it\/#organization\",\"name\":\"Rifornimento a destra\",\"url\":\"https:\/\/rightturnsupply.com\/it\/\",\"logo\":{\"@type\":\"ImageObject\",\"inLanguage\":\"it-IT\",\"@id\":\"https:\/\/rightturnsupply.com\/it\/#\/schema\/logo\/image\/\",\"url\":\"https:\/\/rightturnsupply.com\/wp-content\/uploads\/2024\/04\/RTS.png\",\"contentUrl\":\"https:\/\/rightturnsupply.com\/wp-content\/uploads\/2024\/04\/RTS.png\",\"width\":436,\"height\":255,\"caption\":\"Rifornimento a destra\"},\"image\":{\"@id\":\"https:\/\/rightturnsupply.com\/it\/#\/schema\/logo\/image\/\"},\"sameAs\":[\"https:\/\/www.facebook.com\/RightTurnSupply\",\"https:\/\/www.instagram.com\/RightTurnSupply\/\",\"https:\/\/www.linkedin.com\/company\/11219426\/\",\"https:\/\/www.youtube.com\/channel\/UCNXnAe0vHuufUiXimiXGaqA\"]}]}<\/script>\n<!-- \/ Yoast SEO plugin. -->","yoast_head_json":{"title":"Cobble Commander - 5 galloni - Right Turn Supply","robots":{"index":"index","follow":"follow","max-snippet":"max-snippet:-1","max-image-preview":"max-image-preview:large","max-video-preview":"max-video-preview:-1"},"canonical":"https:\/\/rightturnsupply.com\/it\/prodotto\/cobble-commander-5-galloni\/","og_locale":"it_IT","og_type":"article","og_title":"Cobble Commander - 5 galloni - Right Turn Supply","og_description":"Questo fluido di perforazione per HDD, unico nel suo genere, non ha ancora incontrato un lavoro che non sia in grado di gestire. COBBLE COMMANDER aumenta la capacit\u00e0 del fluido di perforazione di trasportare i tagli senza influenzare drasticamente la viscosit\u00e0. Nel complesso, COBBLE COMMANDER consente una perforazione pi\u00f9 efficiente in termini di tempo e il trasporto di un maggior numero di trucioli, dimostrando l'efficienza e la qualit\u00e0 della formula.","og_url":"https:\/\/rightturnsupply.com\/it\/prodotto\/cobble-commander-5-galloni\/","og_site_name":"Right Turn Supply","article_publisher":"https:\/\/www.facebook.com\/RightTurnSupply","article_modified_time":"2025-04-25T23:14:19+00:00","og_image":[{"width":1152,"height":766,"url":"https:\/\/rightturnsupply.com\/wp-content\/uploads\/2024\/09\/FRO1553-min.jpg","type":"image\/jpeg"}],"twitter_card":"summary_large_image","twitter_misc":{"Tempo di lettura stimato":"1 minuto"},"schema":{"@context":"https:\/\/schema.org","@graph":[{"@type":"WebPage","@id":"https:\/\/rightturnsupply.com\/it\/prodotto\/cobble-commander-5-galloni\/","url":"https:\/\/rightturnsupply.com\/it\/prodotto\/cobble-commander-5-galloni\/","name":"Cobble Commander - 5 galloni - Right Turn Supply","isPartOf":{"@id":"https:\/\/rightturnsupply.com\/it\/#website"},"primaryImageOfPage":{"@id":"https:\/\/rightturnsupply.com\/it\/prodotto\/cobble-commander-5-galloni\/#primaryimage"},"image":{"@id":"https:\/\/rightturnsupply.com\/it\/prodotto\/cobble-commander-5-galloni\/#primaryimage"},"thumbnailUrl":"https:\/\/rightturnsupply.com\/wp-content\/uploads\/2024\/09\/FRO1553-min.jpg","datePublished":"2024-09-05T22:47:55+00:00","dateModified":"2025-04-25T23:14:19+00:00","breadcrumb":{"@id":"https:\/\/rightturnsupply.com\/it\/prodotto\/cobble-commander-5-galloni\/#breadcrumb"},"inLanguage":"it-IT","potentialAction":[{"@type":"ReadAction","target":["https:\/\/rightturnsupply.com\/it\/prodotto\/cobble-commander-5-galloni\/"]}]},{"@type":"ImageObject","inLanguage":"it-IT","@id":"https:\/\/rightturnsupply.com\/it\/prodotto\/cobble-commander-5-galloni\/#primaryimage","url":"https:\/\/rightturnsupply.com\/wp-content\/uploads\/2024\/09\/FRO1553-min.jpg","contentUrl":"https:\/\/rightturnsupply.com\/wp-content\/uploads\/2024\/09\/FRO1553-min.jpg","width":1152,"height":766},{"@type":"BreadcrumbList","@id":"https:\/\/rightturnsupply.com\/it\/prodotto\/cobble-commander-5-galloni\/#breadcrumb","itemListElement":[{"@type":"ListItem","position":1,"name":"Negozio","item":"https:\/\/rightturnsupply.com\/it\/negozio\/"},{"@type":"ListItem","position":2,"name":"Fluids","item":"https:\/\/rightturnsupply.com\/it\/categoria-prodotto\/fluids-it\/"},{"@type":"ListItem","position":3,"name":"Fluidi di perforazione\/additivi","item":"https:\/\/rightturnsupply.com\/it\/categoria-prodotto\/fluids-it\/fluidi-di-perforazione-additivi\/"},{"@type":"ListItem","position":4,"name":"Cobble Commander &#8211; 5 galloni"}]},{"@type":"WebSite","@id":"https:\/\/rightturnsupply.com\/it\/#website","url":"https:\/\/rightturnsupply.com\/it\/","name":"Right Turn Supply","description":"","publisher":{"@id":"https:\/\/rightturnsupply.com\/it\/#organization"},"potentialAction":[{"@type":"SearchAction","target":{"@type":"EntryPoint","urlTemplate":"https:\/\/rightturnsupply.com\/it\/?s={search_term_string}"},"query-input":{"@type":"PropertyValueSpecification","valueRequired":true,"valueName":"search_term_string"}}],"inLanguage":"it-IT"},{"@type":"Organization","@id":"https:\/\/rightturnsupply.com\/it\/#organization","name":"Rifornimento a destra","url":"https:\/\/rightturnsupply.com\/it\/","logo":{"@type":"ImageObject","inLanguage":"it-IT","@id":"https:\/\/rightturnsupply.com\/it\/#\/schema\/logo\/image\/","url":"https:\/\/rightturnsupply.com\/wp-content\/uploads\/2024\/04\/RTS.png","contentUrl":"https:\/\/rightturnsupply.com\/wp-content\/uploads\/2024\/04\/RTS.png","width":436,"height":255,"caption":"Rifornimento a destra"},"image":{"@id":"https:\/\/rightturnsupply.com\/it\/#\/schema\/logo\/image\/"},"sameAs":["https:\/\/www.facebook.com\/RightTurnSupply","https:\/\/www.instagram.com\/RightTurnSupply\/","https:\/\/www.linkedin.com\/company\/11219426\/","https:\/\/www.youtube.com\/channel\/UCNXnAe0vHuufUiXimiXGaqA"]}]}},"acf":[],"_links":{"self":[{"href":"https:\/\/rightturnsupply.com\/it\/wp-json\/wp\/v2\/product\/4707","targetHints":{"allow":["GET"]}}],"collection":[{"href":"https:\/\/rightturnsupply.com\/it\/wp-json\/wp\/v2\/product"}],"about":[{"href":"https:\/\/rightturnsupply.com\/it\/wp-json\/wp\/v2\/types\/product"}],"replies":[{"embeddable":true,"href":"https:\/\/rightturnsupply.com\/it\/wp-json\/wp\/v2\/comments?post=4707"}],"wp:featuredmedia":[{"embeddable":true,"href":"https:\/\/rightturnsupply.com\/it\/wp-json\/wp\/v2\/media\/4524"}],"wp:attachment":[{"href":"https:\/\/rightturnsupply.com\/it\/wp-json\/wp\/v2\/media?parent=4707"}],"wp:term":[{"taxonomy":"product_brand","embeddable":true,"href":"https:\/\/rightturnsupply.com\/it\/wp-json\/wp\/v2\/product_brand?post=4707"},{"taxonomy":"product_cat","embeddable":true,"href":"https:\/\/rightturnsupply.com\/it\/wp-json\/wp\/v2\/product_cat?post=4707"},{"taxonomy":"product_tag","embeddable":true,"href":"https:\/\/rightturnsupply.com\/it\/wp-json\/wp\/v2\/product_tag?post=4707"}],"curies":[{"name":"wp","href":"https:\/\/api.w.org\/{rel}","templated":true}]}}