{"id":4943,"date":"2017-08-08T15:40:19","date_gmt":"2017-08-08T20:40:19","guid":{"rendered":"https:\/\/rightturnsupply.com\/chi-siamo\/"},"modified":"2025-10-06T14:59:35","modified_gmt":"2025-10-06T19:59:35","slug":"chi-siamo","status":"publish","type":"page","link":"https:\/\/rightturnsupply.com\/it\/chi-siamo\/","title":{"rendered":"Chi siamo"},"content":{"rendered":"<div class=\"wpb-content-wrapper\">[vc_row full_width=&#8221;stretch_row&#8221;][vc_column css=&#8221;.vc_custom_1712073160436{padding-top: 0px !important;}&#8221;][vc_empty_space height=&#8221;73px&#8221; el_class=&#8221;es-large&#8221;][\/vc_column][\/vc_row][vc_row full_width=&#8221;stretch_row&#8221; css=&#8221;.vc_custom_1716926227565{border-top-width: 8px !important;border-bottom-width: 8px !important;padding-top: 25px !important;padding-bottom: 25px !important;background: #000000 url(https:\/\/rightturnsupply.com\/wp-content\/uploads\/2024\/05\/rightturnsupply_title_bg.jpg?id=2442) !important;background-position: center !important;background-repeat: no-repeat !important;background-size: cover !important;border-top-style: solid !important;border-bottom-style: solid !important;border-color: #807e80 !important;}&#8221;][vc_column css=&#8221;.vc_custom_1712073160436{padding-top: 0px !important;}&#8221;][vc_custom_heading source=&#8221;post_title&#8221; font_container=&#8221;tag:h1|font_size:80px|text_align:center|color:%23ffffff|line_height:1&#8243; use_theme_fonts=&#8221;yes&#8221; css=&#8221;.vc_custom_1716926429722{margin-bottom: 0px !important;}&#8221; el_class=&#8221;BigNoodleTitlingOblique txt-spacing-2&#8243;][\/vc_column][\/vc_row][vc_row full_width=&#8221;stretch_row&#8221;][vc_column css=&#8221;.vc_custom_1712073160436{padding-top: 0px !important;}&#8221;][vc_empty_space height=&#8221;120px&#8221; el_class=&#8221;es-large&#8221;][\/vc_column][\/vc_row][vc_row full_width=&#8221;stretch_row&#8221; equal_height=&#8221;yes&#8221;][vc_column css=&#8221;.vc_custom_1716925508305{padding-top: 0px !important;padding-right: 4vw !important;}&#8221; offset=&#8221;vc_col-lg-2\/5 vc_col-md-6&#8243; el_class=&#8221;padding-reset&#8221;][vc_custom_heading text=&#8221;HAI FATTO LA <b>SCELTA GIUSTA<\/b>&#8221; font_container=&#8221;tag:h2|font_size:46px|text_align:left|line_height:1&#8243; use_theme_fonts=&#8221;yes&#8221; css=&#8221;.vc_custom_1716925118482{margin-bottom: 20px !important;}&#8221; el_class=&#8221;txt-spacing-1&#8243;][vc_custom_heading text=&#8221;Il rispetto si guadagna, l&apos;onest\u00e0 si aspetta, la fiducia si guadagna, la lealt\u00e0 si ricambia.&#8221; font_container=&#8221;tag:h4|font_size:18px|text_align:left|line_height:1&#8243; use_theme_fonts=&#8221;yes&#8221; css=&#8221;.vc_custom_1716924750355{margin-bottom: 30px !important;}&#8221; el_class=&#8221;txt-spacing-0-5 industry txt-weight-700&#8243;][vc_column_text css=&#8221;.vc_custom_1724450006433{margin-bottom: 0px !important;}&#8221;]Alla Right Turn Supply, la nostra passione va oltre il settore: riguarda le persone che lo guidano. Crediamo nella costruzione di relazioni forti e nel dare ai nostri clienti la possibilit\u00e0 di raggiungere i loro obiettivi. <\/p>\n<p>La nostra missione \u00e8 chiarissima: reperire i migliori prodotti per la perforazione e fornirli con un&#8217;onest\u00e0 incrollabile e un servizio eccezionale. Il nostro motto, &#8220;Fornire soluzioni semplici, per farti andare a destra&#8221;, riflette il nostro impegno costante per l&#8217;affidabilit\u00e0 e la qualit\u00e0. <\/p>\n<p>Sfruttando la nostra esperienza, ci impegniamo a semplificare la perforazione. Siamo consapevoli che il successo dipende da un&#8217;operazione senza soluzione di continuit\u00e0: dalla trivella all&#8217;attrezzatura ai fluidi, tutto deve funzionare alla perfezione.[\/vc_column_text][vc_row_inner][vc_column_inner css=&#8221;.vc_custom_1717785973115{padding-top: 0px !important;}&#8221; offset=&#8221;vc_hidden-lg vc_hidden-md&#8221;][vc_empty_space height=&#8221;35px&#8221;][\/vc_column_inner][\/vc_row_inner][\/vc_column][vc_column css=&#8221;.vc_custom_1716925513945{padding-top: 0px !important;}&#8221; offset=&#8221;vc_col-lg-3\/5 vc_col-md-6&#8243;][vc_raw_html css=&#8221;.vc_custom_1750794100261{margin-bottom: 0px !important;}&#8221;]W3ZpZGVvX2xpZ2h0Ym94X3lvdXR1YmUgdmlkZW9faWQ9IkxleU1YM3VKQnhvIiB3aWR0aD0iMTAxOCIgaGVpZ2h0PSI1NzciIGFuY2hvcj0iaHR0cHM6Ly9yaWdodHR1cm5zdXBwbHkuY29tL3dwLWNvbnRlbnQvdXBsb2Fkcy8yMDI0LzA4L2hlYWRxdWFydGVycy10aHVtYm5haWwuanBnIiBhbHQ9IkluZm9ybWF6aW9uaSBzdSBSaWdodCBUdXJuIFN1cHBseSJd[\/vc_raw_html][vc_column_text css=&#8221;.vc_custom_1724789662427{margin-bottom: 0px !important;padding-top: 30px !important;padding-right: 45px !important;padding-bottom: 25px !important;padding-left: 45px !important;background-color: #a8c74c !important;}&#8221; el_class=&#8221;light&#8221;]\n<p style=\"text-align: center; line-height: 1.35; margin-bottom: 0;\"><strong><span style=\"color: #000000; font-size: 24px;\">QUESTE SONO PI\u00d9 CHE SEMPLICI PAROLE SU UN MURO.<\/span><\/strong><\/p>\n<p style=\"text-align: center;\"><span class=\"BigNoodleTitlingOblique\" style=\"font-size: 32px; letter-spacing: 8px;\">\u00c8 IL MODO IN CUI FACCIAMO AFFARI.<\/span><\/p>\n[\/vc_column_text][\/vc_column][vc_column offset=&#8221;vc_hidden-lg vc_hidden-md vc_hidden-sm vc_hidden-xs&#8221;][vc_custom_heading text=&#8221;TROVIAMO I MIGLIORI ARTICOLI SUL MERCATO&#8221; font_container=&#8221;tag:h4|font_size:18px|text_align:left|line_height:1&#8243; use_theme_fonts=&#8221;yes&#8221; css=&#8221;.vc_custom_1712328896588{margin-bottom: 30px !important;}&#8221; el_class=&#8221;txt-spacing-0-5 industry txt-weight-700&#8243;][vc_column_text css=&#8221;.vc_custom_1712259218055{margin-bottom: 0px !important;}&#8221;]Ci piace questo settore. Ci piacciono le persone. Quando hai queste caratteristiche, il lavoro diventa pi\u00f9 incentrato sulle relazioni che si creano e sul prendersi cura dei clienti.  <\/p>\n<p>Abbiamo fondato Right Turn Supply proprio per questo. Troviamo i migliori articoli sul mercato. Li consegniamo con informazioni oneste e un servizio di altissimo livello &#8211; l&#8217;intera enchilada.  <\/p>\n<p>Se vuoi la versione pi\u00f9 lunga della storia, prendi una sedia e te la racconteremo.[\/vc_column_text][vc_column_text css=&#8221;.vc_custom_1716925498264{margin-bottom: 0px !important;}&#8221;]Alla Right Turn Supply, la nostra passione va oltre il settore: riguarda le persone che lo guidano. Crediamo nella costruzione di relazioni forti e nel dare ai nostri clienti la possibilit\u00e0 di raggiungere i loro obiettivi. <\/p>\n<p>La nostra missione \u00e8 chiarissima: reperire i migliori prodotti per la perforazione e fornirli con un&#8217;onest\u00e0 incrollabile e un servizio eccezionale. Il nostro motto, &#8220;Fornire soluzioni semplici, per farti andare a destra&#8221;, riflette il nostro impegno costante per l&#8217;affidabilit\u00e0 e la qualit\u00e0. <\/p>\n<p>Sfruttando la nostra esperienza, ci impegniamo a semplificare la perforazione. Siamo consapevoli che il successo dipende da un&#8217;operazione senza soluzione di continuit\u00e0: dalla trivella all&#8217;attrezzatura ai fluidi, tutto deve funzionare alla perfezione. <\/p>\n<p>Il nostro nome, Right Turn Supply, non \u00e8 solo una questione di direzione: incarna il nostro principio fondamentale di fare ci\u00f2 che \u00e8 giusto. Questo impegno viene mostrato con orgoglio nella nostra sede centrale attraverso un mantra a cui teniamo molto: <\/p>\n<p>&#8220;Il rispetto si guadagna, l&#8217;onest\u00e0 ci si aspetta, la fiducia si guadagna, la lealt\u00e0 si ricambia&#8221;.<\/p>\n<p>Non sono solo parole su un muro: definiscono chi siamo e i valori con cui viviamo.[\/vc_column_text][\/vc_column][\/vc_row][vc_row full_width=&#8221;stretch_row&#8221;][vc_column css=&#8221;.vc_custom_1712073160436{padding-top: 0px !important;}&#8221;][vc_empty_space height=&#8221;80px&#8221; el_class=&#8221;es-large&#8221;][\/vc_column][\/vc_row][vc_row full_width=&#8221;stretch_row&#8221; el_id=&#8221;fondatori&#8221;][vc_column css=&#8221;.vc_custom_1712073160436{padding-top: 0px !important;}&#8221;][vc_custom_heading text=&#8221;<b>I NOSTRI<\/b> FONDATORI&#8221; font_container=&#8221;tag:h2|font_size:46px|text_align:left|line_height:1&#8243; use_theme_fonts=&#8221;yes&#8221; css=&#8221;.vc_custom_1723497983284{margin-bottom: 0px !important;}&#8221; el_class=&#8221;txt-spacing-2&#8243;][\/vc_column][\/vc_row][vc_row full_width=&#8221;stretch_row&#8221;][vc_column css=&#8221;.vc_custom_1712073160436{padding-top: 0px !important;}&#8221;][vc_raw_html css=&#8221;.vc_custom_1712346482359{margin-bottom: 0px !important;}&#8221;]W2F3c210ZWFtIGlkPSIyMTk2Il0=[\/vc_raw_html][\/vc_column][\/vc_row][vc_row full_width=&#8221;stretch_row&#8221;][vc_column css=&#8221;.vc_custom_1712073160436{padding-top: 0px !important;}&#8221;][vc_empty_space height=&#8221;80px&#8221; el_class=&#8221;es-large&#8221;][\/vc_column][\/vc_row][vc_row full_width=&#8221;stretch_row&#8221;][vc_column css=&#8221;.vc_custom_1712073160436{padding-top: 0px !important;}&#8221;][vc_row_inner css=&#8221;.vc_custom_1712260114112{padding-top: 50px !important;padding-right: 4vw !important;padding-bottom: 15px !important;padding-left: 3.125vw !important;background-color: #f1f1f3 !important;}&#8221; el_class=&#8221;padding-reset&#8221;][vc_column_inner offset=&#8221;vc_col-lg-2 vc_col-md-2&#8243; css=&#8221;.vc_custom_1712259992289{padding-top: 0px !important;}&#8221;][vc_single_image image=&#8221;2192&#8243; img_size=&#8221;full&#8221; css=&#8221;.vc_custom_1712259687077{margin-bottom: 35px !important;}&#8221;][\/vc_column_inner][vc_column_inner el_class=&#8221;padding-reset&#8221; css=&#8221;.vc_custom_1712260220635{padding-top: 0px !important;padding-left: 3vw !important;}&#8221; offset=&#8221;vc_col-lg-10 vc_col-md-10&#8243;][vc_custom_heading text=&#8221;Anche se I Tre Pilastri della Difesa sembra un&apos;iniziativa nuova, in realt\u00e0 si sta realizzando dietro le quinte da molto tempo. Ogni cantiere, formazione e sfida ci ha portato a fare un passo avanti per portare a te, ai nostri partner e ai nostri clienti, la versione migliore di Right Turn Supply. Quando mettiamo insieme i nostri prodotti, come i fluidi di perforazione appositamente formulati e gli strumenti costruiti su misura, e li combiniamo con la nostra esperienza pluriennale, siamo in grado di aiutarti a difenderti da argilla, sabbia e roccia, e molto altro ancora. Il nostro obiettivo \u00e8 trasferire a te ci\u00f2 che sappiamo, in modo che tu possa essere il migliore sul lavoro, sempre. dannatamente. Tempo.&#8221; font_container=&#8221;tag:p|font_size:18px|text_align:left&#8221; use_theme_fonts=&#8221;yes&#8221; css=&#8221;.vc_custom_1712259939670{margin-bottom: 35px !important;}&#8221;][\/vc_column_inner][\/vc_row_inner][\/vc_column][\/vc_row][vc_row full_width=&#8221;stretch_row&#8221;][vc_column css=&#8221;.vc_custom_1712073160436{padding-top: 0px !important;}&#8221;][vc_empty_space height=&#8221;120px&#8221; el_class=&#8221;es-large&#8221;][\/vc_column][\/vc_row][vc_row full_width=&#8221;stretch_row_content_no_spaces&#8221; gap=&#8221;5&#8243;][vc_column css=&#8221;.vc_custom_1712330510712{padding-top: 0px !important;background-image: url(https:\/\/rightturnsupply.com\/wp-content\/uploads\/2024\/04\/gallery_11-min.jpg?id=2242) !important;background-position: center !important;background-repeat: no-repeat !important;background-size: cover !important;}&#8221; offset=&#8221;vc_col-lg-2 vc_col-md-6&#8243; el_class=&#8221;bg-bottom-center&#8221;][vc_empty_space height=&#8221;407px&#8221;][\/vc_column][vc_column css=&#8221;.vc_custom_1712330606322{padding-top: 0px !important;background-image: url(https:\/\/rightturnsupply.com\/wp-content\/uploads\/2024\/04\/gallery_12-min.jpg?id=2243) !important;background-position: center !important;background-repeat: no-repeat !important;background-size: cover !important;}&#8221; offset=&#8221;vc_col-lg-6 vc_col-md-6&#8243;][vc_empty_space height=&#8221;407px&#8221;][\/vc_column][vc_column css=&#8221;.vc_custom_1712330639147{padding-top: 0px !important;background-image: url(https:\/\/rightturnsupply.com\/wp-content\/uploads\/2024\/04\/gallery_13-min.jpg?id=2244) !important;background-position: center !important;background-repeat: no-repeat !important;background-size: cover !important;}&#8221; offset=&#8221;vc_col-lg-2 vc_col-md-6&#8243;][vc_empty_space height=&#8221;407px&#8221;][\/vc_column][vc_column css=&#8221;.vc_custom_1712330647427{padding-top: 0px !important;background-image: url(https:\/\/rightturnsupply.com\/wp-content\/uploads\/2024\/04\/gallery_14-min.jpg?id=2245) !important;background-position: center !important;background-repeat: no-repeat !important;background-size: cover !important;}&#8221; offset=&#8221;vc_col-lg-2 vc_col-md-6&#8243;][vc_empty_space height=&#8221;407px&#8221;][\/vc_column][\/vc_row][vc_row full_width=&#8221;stretch_row&#8221;][vc_column css=&#8221;.vc_custom_1712073160436{padding-top: 0px !important;}&#8221;][vc_empty_space height=&#8221;85px&#8221; el_class=&#8221;es-large&#8221;][\/vc_column][\/vc_row]\n<\/div>","protected":false},"excerpt":{"rendered":"<p>[vc_row full_width=&#8221;stretch_row&#8221;][vc_column css=&#8221;.vc_custom_1712073160436{padding-top: 0px !important;}&#8221;][vc_empty_space height=&#8221;73px&#8221; el_class=&#8221;es-large&#8221;][\/vc_column][\/vc_row][vc_row full_width=&#8221;stretch_row&#8221; css=&#8221;.vc_custom_1716926227565{border-top-width: 8px !important;border-bottom-width: 8px !important;padding-top: 25px !important;padding-bottom: 25px !important;background: #000000 url(https:\/\/rightturnsupply.com\/wp-content\/uploads\/2024\/05\/rightturnsupply_title_bg.jpg?id=2442) !important;background-position: center !important;background-repeat: no-repeat !important;background-size: cover !important;border-top-style: solid !important;border-bottom-style: solid !important;border-color: #807e80 !important;}&#8221;][vc_column css=&#8221;.vc_custom_1712073160436{padding-top: 0px !important;}&#8221;][vc_custom_heading source=&#8221;post_title&#8221; font_container=&#8221;tag:h1|font_size:80px|text_align:center|color:%23ffffff|line_height:1&#8243; use_theme_fonts=&#8221;yes&#8221; css=&#8221;.vc_custom_1716926429722{margin-bottom: 0px !important;}&#8221; el_class=&#8221;BigNoodleTitlingOblique txt-spacing-2&#8243;][\/vc_column][\/vc_row][vc_row full_width=&#8221;stretch_row&#8221;][vc_column css=&#8221;.vc_custom_1712073160436{padding-top: 0px !important;}&#8221;][vc_empty_space height=&#8221;120px&#8221; el_class=&#8221;es-large&#8221;][\/vc_column][\/vc_row][vc_row full_width=&#8221;stretch_row&#8221; equal_height=&#8221;yes&#8221;][vc_column css=&#8221;.vc_custom_1716925508305{padding-top: 0px !important;padding-right: 4vw [&hellip;]<\/p>\n","protected":false},"author":2,"featured_media":0,"parent":0,"menu_order":0,"comment_status":"closed","ping_status":"closed","template":"","meta":{"_acf_changed":false,"inline_featured_image":false,"footnotes":""},"class_list":["post-4943","page","type-page","status-publish","hentry"],"yoast_head":"<!-- This site is optimized with the Yoast SEO plugin v27.4 - https:\/\/yoast.com\/product\/yoast-seo-wordpress\/ -->\n<title>Chi siamo - Right Turn Supply<\/title>\n<meta name=\"description\" content=\"Il leader nei fluidi di perforazione, negli utensili personalizzati e nell&#039;esperienza del settore. Il nostro impegno per l&#039;eccellenza ci spinge a fornire prodotti e servizi eccezionali.\" \/>\n<meta name=\"robots\" content=\"index, follow, max-snippet:-1, max-image-preview:large, max-video-preview:-1\" \/>\n<link rel=\"canonical\" href=\"https:\/\/rightturnsupply.com\/it\/chi-siamo\/\" \/>\n<meta property=\"og:locale\" content=\"it_IT\" \/>\n<meta property=\"og:type\" content=\"article\" \/>\n<meta property=\"og:title\" content=\"Chi siamo - Right Turn Supply\" \/>\n<meta property=\"og:description\" content=\"Il leader nei fluidi di perforazione, negli utensili personalizzati e nell&#039;esperienza del settore. Il nostro impegno per l&#039;eccellenza ci spinge a fornire prodotti e servizi eccezionali.\" \/>\n<meta property=\"og:url\" content=\"https:\/\/rightturnsupply.com\/it\/chi-siamo\/\" \/>\n<meta property=\"og:site_name\" content=\"Right Turn Supply\" \/>\n<meta property=\"article:publisher\" content=\"https:\/\/www.facebook.com\/RightTurnSupply\" \/>\n<meta property=\"article:modified_time\" content=\"2025-10-06T19:59:35+00:00\" \/>\n<meta property=\"og:image\" content=\"https:\/\/rightturnsupply.com\/wp-content\/uploads\/2024\/04\/social-graphic-yoast-seo.jpg\" \/>\n\t<meta property=\"og:image:width\" content=\"1200\" \/>\n\t<meta property=\"og:image:height\" content=\"630\" \/>\n\t<meta property=\"og:image:type\" content=\"image\/jpeg\" \/>\n<meta name=\"twitter:card\" content=\"summary_large_image\" \/>\n<meta name=\"twitter:label1\" content=\"Tempo di lettura stimato\" \/>\n\t<meta name=\"twitter:data1\" content=\"4 minuti\" \/>\n<script type=\"application\/ld+json\" class=\"yoast-schema-graph\">{\"@context\":\"https:\\\/\\\/schema.org\",\"@graph\":[{\"@type\":\"WebPage\",\"@id\":\"https:\\\/\\\/rightturnsupply.com\\\/it\\\/chi-siamo\\\/\",\"url\":\"https:\\\/\\\/rightturnsupply.com\\\/it\\\/chi-siamo\\\/\",\"name\":\"Chi siamo - Right Turn Supply\",\"isPartOf\":{\"@id\":\"https:\\\/\\\/rightturnsupply.com\\\/it\\\/#website\"},\"datePublished\":\"2017-08-08T20:40:19+00:00\",\"dateModified\":\"2025-10-06T19:59:35+00:00\",\"description\":\"Il leader nei fluidi di perforazione, negli utensili personalizzati e nell'esperienza del settore. Il nostro impegno per l'eccellenza ci spinge a fornire prodotti e servizi eccezionali.\",\"inLanguage\":\"it-IT\",\"potentialAction\":[{\"@type\":\"ReadAction\",\"target\":[\"https:\\\/\\\/rightturnsupply.com\\\/it\\\/chi-siamo\\\/\"]}]},{\"@type\":\"WebSite\",\"@id\":\"https:\\\/\\\/rightturnsupply.com\\\/it\\\/#website\",\"url\":\"https:\\\/\\\/rightturnsupply.com\\\/it\\\/\",\"name\":\"Right Turn Supply\",\"description\":\"\",\"publisher\":{\"@id\":\"https:\\\/\\\/rightturnsupply.com\\\/it\\\/#organization\"},\"potentialAction\":[{\"@type\":\"SearchAction\",\"target\":{\"@type\":\"EntryPoint\",\"urlTemplate\":\"https:\\\/\\\/rightturnsupply.com\\\/it\\\/?s={search_term_string}\"},\"query-input\":{\"@type\":\"PropertyValueSpecification\",\"valueRequired\":true,\"valueName\":\"search_term_string\"}}],\"inLanguage\":\"it-IT\"},{\"@type\":\"Organization\",\"@id\":\"https:\\\/\\\/rightturnsupply.com\\\/it\\\/#organization\",\"name\":\"Rifornimento a destra\",\"url\":\"https:\\\/\\\/rightturnsupply.com\\\/it\\\/\",\"logo\":{\"@type\":\"ImageObject\",\"inLanguage\":\"it-IT\",\"@id\":\"https:\\\/\\\/rightturnsupply.com\\\/it\\\/#\\\/schema\\\/logo\\\/image\\\/\",\"url\":\"https:\\\/\\\/rightturnsupply.com\\\/wp-content\\\/uploads\\\/2024\\\/04\\\/RTS.png\",\"contentUrl\":\"https:\\\/\\\/rightturnsupply.com\\\/wp-content\\\/uploads\\\/2024\\\/04\\\/RTS.png\",\"width\":436,\"height\":255,\"caption\":\"Rifornimento a destra\"},\"image\":{\"@id\":\"https:\\\/\\\/rightturnsupply.com\\\/it\\\/#\\\/schema\\\/logo\\\/image\\\/\"},\"sameAs\":[\"https:\\\/\\\/www.facebook.com\\\/RightTurnSupply\",\"https:\\\/\\\/www.instagram.com\\\/RightTurnSupply\\\/\",\"https:\\\/\\\/www.linkedin.com\\\/company\\\/11219426\\\/\",\"https:\\\/\\\/www.youtube.com\\\/channel\\\/UCNXnAe0vHuufUiXimiXGaqA\"]}]}<\/script>\n<!-- \/ Yoast SEO plugin. -->","yoast_head_json":{"title":"Chi siamo - Right Turn Supply","description":"Il leader nei fluidi di perforazione, negli utensili personalizzati e nell'esperienza del settore. Il nostro impegno per l'eccellenza ci spinge a fornire prodotti e servizi eccezionali.","robots":{"index":"index","follow":"follow","max-snippet":"max-snippet:-1","max-image-preview":"max-image-preview:large","max-video-preview":"max-video-preview:-1"},"canonical":"https:\/\/rightturnsupply.com\/it\/chi-siamo\/","og_locale":"it_IT","og_type":"article","og_title":"Chi siamo - Right Turn Supply","og_description":"Il leader nei fluidi di perforazione, negli utensili personalizzati e nell'esperienza del settore. Il nostro impegno per l'eccellenza ci spinge a fornire prodotti e servizi eccezionali.","og_url":"https:\/\/rightturnsupply.com\/it\/chi-siamo\/","og_site_name":"Right Turn Supply","article_publisher":"https:\/\/www.facebook.com\/RightTurnSupply","article_modified_time":"2025-10-06T19:59:35+00:00","og_image":[{"width":1200,"height":630,"url":"https:\/\/rightturnsupply.com\/wp-content\/uploads\/2024\/04\/social-graphic-yoast-seo.jpg","type":"image\/jpeg"}],"twitter_card":"summary_large_image","twitter_misc":{"Tempo di lettura stimato":"4 minuti"},"schema":{"@context":"https:\/\/schema.org","@graph":[{"@type":"WebPage","@id":"https:\/\/rightturnsupply.com\/it\/chi-siamo\/","url":"https:\/\/rightturnsupply.com\/it\/chi-siamo\/","name":"Chi siamo - Right Turn Supply","isPartOf":{"@id":"https:\/\/rightturnsupply.com\/it\/#website"},"datePublished":"2017-08-08T20:40:19+00:00","dateModified":"2025-10-06T19:59:35+00:00","description":"Il leader nei fluidi di perforazione, negli utensili personalizzati e nell'esperienza del settore. Il nostro impegno per l'eccellenza ci spinge a fornire prodotti e servizi eccezionali.","inLanguage":"it-IT","potentialAction":[{"@type":"ReadAction","target":["https:\/\/rightturnsupply.com\/it\/chi-siamo\/"]}]},{"@type":"WebSite","@id":"https:\/\/rightturnsupply.com\/it\/#website","url":"https:\/\/rightturnsupply.com\/it\/","name":"Right Turn Supply","description":"","publisher":{"@id":"https:\/\/rightturnsupply.com\/it\/#organization"},"potentialAction":[{"@type":"SearchAction","target":{"@type":"EntryPoint","urlTemplate":"https:\/\/rightturnsupply.com\/it\/?s={search_term_string}"},"query-input":{"@type":"PropertyValueSpecification","valueRequired":true,"valueName":"search_term_string"}}],"inLanguage":"it-IT"},{"@type":"Organization","@id":"https:\/\/rightturnsupply.com\/it\/#organization","name":"Rifornimento a destra","url":"https:\/\/rightturnsupply.com\/it\/","logo":{"@type":"ImageObject","inLanguage":"it-IT","@id":"https:\/\/rightturnsupply.com\/it\/#\/schema\/logo\/image\/","url":"https:\/\/rightturnsupply.com\/wp-content\/uploads\/2024\/04\/RTS.png","contentUrl":"https:\/\/rightturnsupply.com\/wp-content\/uploads\/2024\/04\/RTS.png","width":436,"height":255,"caption":"Rifornimento a destra"},"image":{"@id":"https:\/\/rightturnsupply.com\/it\/#\/schema\/logo\/image\/"},"sameAs":["https:\/\/www.facebook.com\/RightTurnSupply","https:\/\/www.instagram.com\/RightTurnSupply\/","https:\/\/www.linkedin.com\/company\/11219426\/","https:\/\/www.youtube.com\/channel\/UCNXnAe0vHuufUiXimiXGaqA"]}]}},"acf":[],"_links":{"self":[{"href":"https:\/\/rightturnsupply.com\/it\/wp-json\/wp\/v2\/pages\/4943","targetHints":{"allow":["GET"]}}],"collection":[{"href":"https:\/\/rightturnsupply.com\/it\/wp-json\/wp\/v2\/pages"}],"about":[{"href":"https:\/\/rightturnsupply.com\/it\/wp-json\/wp\/v2\/types\/page"}],"author":[{"embeddable":true,"href":"https:\/\/rightturnsupply.com\/it\/wp-json\/wp\/v2\/users\/2"}],"replies":[{"embeddable":true,"href":"https:\/\/rightturnsupply.com\/it\/wp-json\/wp\/v2\/comments?post=4943"}],"version-history":[{"count":0,"href":"https:\/\/rightturnsupply.com\/it\/wp-json\/wp\/v2\/pages\/4943\/revisions"}],"wp:attachment":[{"href":"https:\/\/rightturnsupply.com\/it\/wp-json\/wp\/v2\/media?parent=4943"}],"curies":[{"name":"wp","href":"https:\/\/api.w.org\/{rel}","templated":true}]}}