{"id":6649,"date":"2025-12-11T17:00:02","date_gmt":"2025-12-11T23:00:02","guid":{"rendered":"https:\/\/rightturnsupply.com\/?post_type=product&#038;p=6649"},"modified":"2025-12-12T09:50:09","modified_gmt":"2025-12-12T15:50:09","slug":"cabezal-de-traccion-quickconnect-para-maxi-rig-copy","status":"publish","type":"product","link":"https:\/\/rightturnsupply.com\/es\/producto\/cabezal-de-traccion-quickconnect-para-maxi-rig-copy\/","title":{"rendered":"Cabezal de tracci\u00f3n QuickConnect: para contratistas de servicios p\u00fablicos"},"content":{"rendered":"<div class=\"wpb-content-wrapper\">[vc_row][vc_column][vc_single_image image=&#8221;6647&#8243; img_size=&#8221;full&#8221; css=&#8221;&#8221;][\/vc_column][\/vc_row]\n<\/div>","protected":false},"excerpt":{"rendered":"<p><strong>La forma m\u00e1s inteligente de ejecutar varias l\u00edneas<\/strong><\/p>\n<p>Los contratistas de servicios p\u00fablicos a menudo se enfrentan al reto de instalar m\u00faltiples conductos a trav\u00e9s de servidumbres de paso estrechas y corredores concurridos, ya sea para servicios de gas, electricidad, alcantarillado o telecomunicaciones. Los arneses tradicionales pierden tiempo y se desgastan r\u00e1pidamente, mientras que m\u00faltiples tendidos pueden ralentizar los proyectos. <\/p>\n<p>El cabezal de tracci\u00f3n universal y el extractor multitubo de QuickConnect le permiten extraer m\u00faltiples conductos en una sola pasada, de forma segura y eficiente. Disponibles en tama\u00f1os de 4&#8243; a 14&#8243;, las herramientas QuickConnect est\u00e1n dise\u00f1adas para maximizar la eficiencia de los contratistas de servicios p\u00fablicos que trabajan en entornos de alta demanda. <\/p>\n<p><strong>Beneficios para los contratistas de servicios p\u00fablicos:<\/strong><\/p>\n<ul>\n<li><strong>M\u00faltiples tirones, una herramienta<\/strong> : configura tantas l\u00edneas como puedas<\/li>\n<li><strong>Ahorre tiempo<\/strong> : sin arneses personalizados ni tirones adicionales<\/li>\n<li><strong>Mantenga a las tripulaciones seguras<\/strong> : menos horas en la zanja<\/li>\n<li><strong>Durable y reutilizable<\/strong> : lo suficientemente resistente para d\u00e9cadas de uso.<\/li>\n<\/ul>\n","protected":false},"featured_media":6632,"comment_status":"closed","ping_status":"closed","template":"","meta":{"_acf_changed":false,"inline_featured_image":false},"product_brand":[],"product_cat":[185],"product_tag":[],"class_list":{"0":"post-6649","1":"product","2":"type-product","3":"status-publish","4":"has-post-thumbnail","6":"product_cat-herramientas","8":"first","9":"instock","10":"taxable","11":"shipping-taxable","12":"product-type-simple"},"yoast_head":"<!-- This site is optimized with the Yoast SEO plugin v27.5 - https:\/\/yoast.com\/product\/yoast-seo-wordpress\/ -->\n<title>Cabezal de tracci\u00f3n QuickConnect: para contratistas de servicios p\u00fablicos - Right Turn Supply<\/title>\n<meta name=\"robots\" content=\"index, follow, max-snippet:-1, max-image-preview:large, max-video-preview:-1\" \/>\n<link rel=\"canonical\" href=\"https:\/\/rightturnsupply.com\/es\/producto\/cabezal-de-traccion-quickconnect-para-maxi-rig-copy\/\" \/>\n<meta property=\"og:locale\" content=\"es_ES\" \/>\n<meta property=\"og:type\" content=\"article\" \/>\n<meta property=\"og:title\" content=\"Cabezal de tracci\u00f3n QuickConnect: para contratistas de servicios p\u00fablicos - Right Turn Supply\" \/>\n<meta property=\"og:description\" content=\"La forma m\u00e1s inteligente de ejecutar varias l\u00edneas Los contratistas de servicios p\u00fablicos a menudo se enfrentan al reto de instalar m\u00faltiples conductos a trav\u00e9s de servidumbres de paso estrechas y corredores concurridos, ya sea para servicios de gas, electricidad, alcantarillado o telecomunicaciones. Los arneses tradicionales pierden tiempo y se desgastan r\u00e1pidamente, mientras que m\u00faltiples tendidos pueden ralentizar los proyectos.  El cabezal de tracci\u00f3n universal y el extractor multitubo de QuickConnect le permiten extraer m\u00faltiples conductos en una sola pasada, de forma segura y eficiente. Disponibles en tama\u00f1os de 4&quot; a 14&quot;, las herramientas QuickConnect est\u00e1n dise\u00f1adas para maximizar la eficiencia de los contratistas de servicios p\u00fablicos que trabajan en entornos de alta demanda.  Beneficios para los contratistas de servicios p\u00fablicos:  M\u00faltiples tirones, una herramienta : configura tantas l\u00edneas como puedas  Ahorre tiempo : sin arneses personalizados ni tirones adicionales  Mantenga a las tripulaciones seguras : menos horas en la zanja  Durable y reutilizable : lo suficientemente resistente para d\u00e9cadas de uso.\" \/>\n<meta property=\"og:url\" content=\"https:\/\/rightturnsupply.com\/es\/producto\/cabezal-de-traccion-quickconnect-para-maxi-rig-copy\/\" \/>\n<meta property=\"og:site_name\" content=\"Right Turn Supply\" \/>\n<meta property=\"article:publisher\" content=\"https:\/\/www.facebook.com\/RightTurnSupply\" \/>\n<meta property=\"article:modified_time\" content=\"2025-12-12T15:50:09+00:00\" \/>\n<meta property=\"og:image\" content=\"https:\/\/rightturnsupply.com\/wp-content\/uploads\/2025\/12\/Mini-pull-head-2.jpg\" \/>\n\t<meta property=\"og:image:width\" content=\"1200\" \/>\n\t<meta property=\"og:image:height\" content=\"1200\" \/>\n\t<meta property=\"og:image:type\" content=\"image\/jpeg\" \/>\n<meta name=\"twitter:card\" content=\"summary_large_image\" \/>\n<script type=\"application\/ld+json\" class=\"yoast-schema-graph\">{\"@context\":\"https:\\\/\\\/schema.org\",\"@graph\":[{\"@type\":\"WebPage\",\"@id\":\"https:\\\/\\\/rightturnsupply.com\\\/es\\\/producto\\\/cabezal-de-traccion-quickconnect-para-maxi-rig-copy\\\/\",\"url\":\"https:\\\/\\\/rightturnsupply.com\\\/es\\\/producto\\\/cabezal-de-traccion-quickconnect-para-maxi-rig-copy\\\/\",\"name\":\"Cabezal de tracci\u00f3n QuickConnect: para contratistas de servicios p\u00fablicos - Right Turn Supply\",\"isPartOf\":{\"@id\":\"https:\\\/\\\/rightturnsupply.com\\\/es\\\/#website\"},\"primaryImageOfPage\":{\"@id\":\"https:\\\/\\\/rightturnsupply.com\\\/es\\\/producto\\\/cabezal-de-traccion-quickconnect-para-maxi-rig-copy\\\/#primaryimage\"},\"image\":{\"@id\":\"https:\\\/\\\/rightturnsupply.com\\\/es\\\/producto\\\/cabezal-de-traccion-quickconnect-para-maxi-rig-copy\\\/#primaryimage\"},\"thumbnailUrl\":\"https:\\\/\\\/rightturnsupply.com\\\/wp-content\\\/uploads\\\/2025\\\/12\\\/Mini-pull-head-2.jpg\",\"datePublished\":\"2025-12-11T23:00:02+00:00\",\"dateModified\":\"2025-12-12T15:50:09+00:00\",\"breadcrumb\":{\"@id\":\"https:\\\/\\\/rightturnsupply.com\\\/es\\\/producto\\\/cabezal-de-traccion-quickconnect-para-maxi-rig-copy\\\/#breadcrumb\"},\"inLanguage\":\"es\",\"potentialAction\":[{\"@type\":\"ReadAction\",\"target\":[\"https:\\\/\\\/rightturnsupply.com\\\/es\\\/producto\\\/cabezal-de-traccion-quickconnect-para-maxi-rig-copy\\\/\"]}]},{\"@type\":\"ImageObject\",\"inLanguage\":\"es\",\"@id\":\"https:\\\/\\\/rightturnsupply.com\\\/es\\\/producto\\\/cabezal-de-traccion-quickconnect-para-maxi-rig-copy\\\/#primaryimage\",\"url\":\"https:\\\/\\\/rightturnsupply.com\\\/wp-content\\\/uploads\\\/2025\\\/12\\\/Mini-pull-head-2.jpg\",\"contentUrl\":\"https:\\\/\\\/rightturnsupply.com\\\/wp-content\\\/uploads\\\/2025\\\/12\\\/Mini-pull-head-2.jpg\",\"width\":1200,\"height\":1200},{\"@type\":\"BreadcrumbList\",\"@id\":\"https:\\\/\\\/rightturnsupply.com\\\/es\\\/producto\\\/cabezal-de-traccion-quickconnect-para-maxi-rig-copy\\\/#breadcrumb\",\"itemListElement\":[{\"@type\":\"ListItem\",\"position\":1,\"name\":\"Tienda\",\"item\":\"https:\\\/\\\/rightturnsupply.com\\\/es\\\/tienda\\\/\"},{\"@type\":\"ListItem\",\"position\":2,\"name\":\"Herramientas\",\"item\":\"https:\\\/\\\/rightturnsupply.com\\\/es\\\/categoria-producto\\\/herramientas\\\/\"},{\"@type\":\"ListItem\",\"position\":3,\"name\":\"Cabezal de tracci\u00f3n QuickConnect: para contratistas de servicios p\u00fablicos\"}]},{\"@type\":\"WebSite\",\"@id\":\"https:\\\/\\\/rightturnsupply.com\\\/es\\\/#website\",\"url\":\"https:\\\/\\\/rightturnsupply.com\\\/es\\\/\",\"name\":\"Right Turn Supply\",\"description\":\"\",\"publisher\":{\"@id\":\"https:\\\/\\\/rightturnsupply.com\\\/es\\\/#organization\"},\"potentialAction\":[{\"@type\":\"SearchAction\",\"target\":{\"@type\":\"EntryPoint\",\"urlTemplate\":\"https:\\\/\\\/rightturnsupply.com\\\/es\\\/?s={search_term_string}\"},\"query-input\":{\"@type\":\"PropertyValueSpecification\",\"valueRequired\":true,\"valueName\":\"search_term_string\"}}],\"inLanguage\":\"es\"},{\"@type\":\"Organization\",\"@id\":\"https:\\\/\\\/rightturnsupply.com\\\/es\\\/#organization\",\"name\":\"Suministro de giro a la derecha\",\"url\":\"https:\\\/\\\/rightturnsupply.com\\\/es\\\/\",\"logo\":{\"@type\":\"ImageObject\",\"inLanguage\":\"es\",\"@id\":\"https:\\\/\\\/rightturnsupply.com\\\/es\\\/#\\\/schema\\\/logo\\\/image\\\/\",\"url\":\"https:\\\/\\\/rightturnsupply.com\\\/wp-content\\\/uploads\\\/2024\\\/04\\\/RTS.png\",\"contentUrl\":\"https:\\\/\\\/rightturnsupply.com\\\/wp-content\\\/uploads\\\/2024\\\/04\\\/RTS.png\",\"width\":436,\"height\":255,\"caption\":\"Suministro de giro a la derecha\"},\"image\":{\"@id\":\"https:\\\/\\\/rightturnsupply.com\\\/es\\\/#\\\/schema\\\/logo\\\/image\\\/\"},\"sameAs\":[\"https:\\\/\\\/www.facebook.com\\\/RightTurnSupply\",\"https:\\\/\\\/www.instagram.com\\\/RightTurnSupply\\\/\",\"https:\\\/\\\/www.linkedin.com\\\/company\\\/11219426\\\/\",\"https:\\\/\\\/www.youtube.com\\\/channel\\\/UCNXnAe0vHuufUiXimiXGaqA\"]}]}<\/script>\n<!-- \/ Yoast SEO plugin. -->","yoast_head_json":{"title":"Cabezal de tracci\u00f3n QuickConnect: para contratistas de servicios p\u00fablicos - Right Turn Supply","robots":{"index":"index","follow":"follow","max-snippet":"max-snippet:-1","max-image-preview":"max-image-preview:large","max-video-preview":"max-video-preview:-1"},"canonical":"https:\/\/rightturnsupply.com\/es\/producto\/cabezal-de-traccion-quickconnect-para-maxi-rig-copy\/","og_locale":"es_ES","og_type":"article","og_title":"Cabezal de tracci\u00f3n QuickConnect: para contratistas de servicios p\u00fablicos - Right Turn Supply","og_description":"La forma m\u00e1s inteligente de ejecutar varias l\u00edneas Los contratistas de servicios p\u00fablicos a menudo se enfrentan al reto de instalar m\u00faltiples conductos a trav\u00e9s de servidumbres de paso estrechas y corredores concurridos, ya sea para servicios de gas, electricidad, alcantarillado o telecomunicaciones. Los arneses tradicionales pierden tiempo y se desgastan r\u00e1pidamente, mientras que m\u00faltiples tendidos pueden ralentizar los proyectos.  El cabezal de tracci\u00f3n universal y el extractor multitubo de QuickConnect le permiten extraer m\u00faltiples conductos en una sola pasada, de forma segura y eficiente. Disponibles en tama\u00f1os de 4\" a 14\", las herramientas QuickConnect est\u00e1n dise\u00f1adas para maximizar la eficiencia de los contratistas de servicios p\u00fablicos que trabajan en entornos de alta demanda.  Beneficios para los contratistas de servicios p\u00fablicos:  M\u00faltiples tirones, una herramienta : configura tantas l\u00edneas como puedas  Ahorre tiempo : sin arneses personalizados ni tirones adicionales  Mantenga a las tripulaciones seguras : menos horas en la zanja  Durable y reutilizable : lo suficientemente resistente para d\u00e9cadas de uso.","og_url":"https:\/\/rightturnsupply.com\/es\/producto\/cabezal-de-traccion-quickconnect-para-maxi-rig-copy\/","og_site_name":"Right Turn Supply","article_publisher":"https:\/\/www.facebook.com\/RightTurnSupply","article_modified_time":"2025-12-12T15:50:09+00:00","og_image":[{"width":1200,"height":1200,"url":"https:\/\/rightturnsupply.com\/wp-content\/uploads\/2025\/12\/Mini-pull-head-2.jpg","type":"image\/jpeg"}],"twitter_card":"summary_large_image","schema":{"@context":"https:\/\/schema.org","@graph":[{"@type":"WebPage","@id":"https:\/\/rightturnsupply.com\/es\/producto\/cabezal-de-traccion-quickconnect-para-maxi-rig-copy\/","url":"https:\/\/rightturnsupply.com\/es\/producto\/cabezal-de-traccion-quickconnect-para-maxi-rig-copy\/","name":"Cabezal de tracci\u00f3n QuickConnect: para contratistas de servicios p\u00fablicos - Right Turn Supply","isPartOf":{"@id":"https:\/\/rightturnsupply.com\/es\/#website"},"primaryImageOfPage":{"@id":"https:\/\/rightturnsupply.com\/es\/producto\/cabezal-de-traccion-quickconnect-para-maxi-rig-copy\/#primaryimage"},"image":{"@id":"https:\/\/rightturnsupply.com\/es\/producto\/cabezal-de-traccion-quickconnect-para-maxi-rig-copy\/#primaryimage"},"thumbnailUrl":"https:\/\/rightturnsupply.com\/wp-content\/uploads\/2025\/12\/Mini-pull-head-2.jpg","datePublished":"2025-12-11T23:00:02+00:00","dateModified":"2025-12-12T15:50:09+00:00","breadcrumb":{"@id":"https:\/\/rightturnsupply.com\/es\/producto\/cabezal-de-traccion-quickconnect-para-maxi-rig-copy\/#breadcrumb"},"inLanguage":"es","potentialAction":[{"@type":"ReadAction","target":["https:\/\/rightturnsupply.com\/es\/producto\/cabezal-de-traccion-quickconnect-para-maxi-rig-copy\/"]}]},{"@type":"ImageObject","inLanguage":"es","@id":"https:\/\/rightturnsupply.com\/es\/producto\/cabezal-de-traccion-quickconnect-para-maxi-rig-copy\/#primaryimage","url":"https:\/\/rightturnsupply.com\/wp-content\/uploads\/2025\/12\/Mini-pull-head-2.jpg","contentUrl":"https:\/\/rightturnsupply.com\/wp-content\/uploads\/2025\/12\/Mini-pull-head-2.jpg","width":1200,"height":1200},{"@type":"BreadcrumbList","@id":"https:\/\/rightturnsupply.com\/es\/producto\/cabezal-de-traccion-quickconnect-para-maxi-rig-copy\/#breadcrumb","itemListElement":[{"@type":"ListItem","position":1,"name":"Tienda","item":"https:\/\/rightturnsupply.com\/es\/tienda\/"},{"@type":"ListItem","position":2,"name":"Herramientas","item":"https:\/\/rightturnsupply.com\/es\/categoria-producto\/herramientas\/"},{"@type":"ListItem","position":3,"name":"Cabezal de tracci\u00f3n QuickConnect: para contratistas de servicios p\u00fablicos"}]},{"@type":"WebSite","@id":"https:\/\/rightturnsupply.com\/es\/#website","url":"https:\/\/rightturnsupply.com\/es\/","name":"Right Turn Supply","description":"","publisher":{"@id":"https:\/\/rightturnsupply.com\/es\/#organization"},"potentialAction":[{"@type":"SearchAction","target":{"@type":"EntryPoint","urlTemplate":"https:\/\/rightturnsupply.com\/es\/?s={search_term_string}"},"query-input":{"@type":"PropertyValueSpecification","valueRequired":true,"valueName":"search_term_string"}}],"inLanguage":"es"},{"@type":"Organization","@id":"https:\/\/rightturnsupply.com\/es\/#organization","name":"Suministro de giro a la derecha","url":"https:\/\/rightturnsupply.com\/es\/","logo":{"@type":"ImageObject","inLanguage":"es","@id":"https:\/\/rightturnsupply.com\/es\/#\/schema\/logo\/image\/","url":"https:\/\/rightturnsupply.com\/wp-content\/uploads\/2024\/04\/RTS.png","contentUrl":"https:\/\/rightturnsupply.com\/wp-content\/uploads\/2024\/04\/RTS.png","width":436,"height":255,"caption":"Suministro de giro a la derecha"},"image":{"@id":"https:\/\/rightturnsupply.com\/es\/#\/schema\/logo\/image\/"},"sameAs":["https:\/\/www.facebook.com\/RightTurnSupply","https:\/\/www.instagram.com\/RightTurnSupply\/","https:\/\/www.linkedin.com\/company\/11219426\/","https:\/\/www.youtube.com\/channel\/UCNXnAe0vHuufUiXimiXGaqA"]}]}},"acf":[],"_links":{"self":[{"href":"https:\/\/rightturnsupply.com\/es\/wp-json\/wp\/v2\/product\/6649","targetHints":{"allow":["GET"]}}],"collection":[{"href":"https:\/\/rightturnsupply.com\/es\/wp-json\/wp\/v2\/product"}],"about":[{"href":"https:\/\/rightturnsupply.com\/es\/wp-json\/wp\/v2\/types\/product"}],"replies":[{"embeddable":true,"href":"https:\/\/rightturnsupply.com\/es\/wp-json\/wp\/v2\/comments?post=6649"}],"wp:featuredmedia":[{"embeddable":true,"href":"https:\/\/rightturnsupply.com\/es\/wp-json\/wp\/v2\/media\/6632"}],"wp:attachment":[{"href":"https:\/\/rightturnsupply.com\/es\/wp-json\/wp\/v2\/media?parent=6649"}],"wp:term":[{"taxonomy":"product_brand","embeddable":true,"href":"https:\/\/rightturnsupply.com\/es\/wp-json\/wp\/v2\/product_brand?post=6649"},{"taxonomy":"product_cat","embeddable":true,"href":"https:\/\/rightturnsupply.com\/es\/wp-json\/wp\/v2\/product_cat?post=6649"},{"taxonomy":"product_tag","embeddable":true,"href":"https:\/\/rightturnsupply.com\/es\/wp-json\/wp\/v2\/product_tag?post=6649"}],"curies":[{"name":"wp","href":"https:\/\/api.w.org\/{rel}","templated":true}]}}