{"id":6093,"date":"2025-12-05T11:19:32","date_gmt":"2025-12-05T17:19:32","guid":{"rendered":"https:\/\/rightturnsupply.com\/?post_type=product&#038;p=6093"},"modified":"2025-12-11T16:56:25","modified_gmt":"2025-12-11T22:56:25","slug":"escariador-pdc-copy","status":"publish","type":"product","link":"https:\/\/rightturnsupply.com\/es\/producto\/escariador-pdc-copy\/","title":{"rendered":"Cabezal de tracci\u00f3n QuickConnect &#8211; Para Maxi Rig"},"content":{"rendered":"<div class=\"wpb-content-wrapper\">[vc_row gap=&#8221;35&#8243;][vc_column width=&#8221;1\/2&#8243;][vc_custom_heading text=&#8221;Beneficios del producto&#8221; font_container=&#8221;tag:h4|text_align:left&#8221; use_theme_fonts=&#8221;yes&#8221; css=&#8221;&#8221;][vc_column_text css=&#8221;&#8221;]\n<div class=\"wpb_wrapper\">\n<div class=\"wpb_text_column wpb_content_element \">\n<ul>\n<li>Trabaja con gas, telecomunicaciones, electricidad y alcantarillado.<\/li>\n<li>M\u00faltiples opciones de tuber\u00eda<\/li>\n<li>Proporciona \u201cconexiones r\u00e1pidas\u201d, lo que a\u00f1ade velocidad y ahorra tiempo a la tripulaci\u00f3n.<\/li>\n<li>No es necesario reemplazar tiradores de cables deshilachados<\/li>\n<\/ul>\n<\/div>\n<\/div>\n[\/vc_column_text][\/vc_column][vc_column width=&#8221;1\/2&#8243;][vc_custom_heading text=&#8221;Aplicaciones&#8221; font_container=&#8221;tag:h4|text_align:left&#8221; use_theme_fonts=&#8221;yes&#8221; css=&#8221;&#8221;][vc_column_text css=&#8221;&#8221;]\n<div class=\"wpb_text_column wpb_content_element \">\n<ul>\n<li>Perforaci\u00f3n direccional horizontal (HDD)<\/li>\n<li>Ruptura de tuber\u00eda<\/li>\n<li>Revestimiento deslizante o cualquier otro m\u00e9todo de instalaci\u00f3n de servicios p\u00fablicos subterr\u00e1neos<\/li>\n<\/ul>\n<\/div>\n[\/vc_column_text][\/vc_column][\/vc_row][vc_row gap=&#8221;35&#8243;][vc_column width=&#8221;1\/2&#8243;][vc_video link=&#8221;https:\/\/www.youtube.com\/watch?v=XC-hRBkOJj0&#8243; align=&#8221;center&#8221; css=&#8221;&#8221;][\/vc_column][vc_column width=&#8221;1\/2&#8243;][vc_video link=&#8221;https:\/\/www.youtube.com\/watch?v=FBoCqPpGRfU&#8221; align=&#8221;center&#8221; css=&#8221;&#8221;][\/vc_column][\/vc_row]\n<\/div>","protected":false},"excerpt":{"rendered":"<p><strong>Dise\u00f1ado para la potencia. Probado en los trabajos m\u00e1s exigentes. <\/strong><\/p>\n<p>Los proyectos de HDD con plataformas Maxi requieren equipos capaces de soportar largas distancias, altas fuerzas y condiciones dif\u00edciles. Los cabezales de tracci\u00f3n QuickConnect est\u00e1n dise\u00f1ados para soportar fuerzas que superan el doble de la fuerza de tracci\u00f3n m\u00e1xima (dependiendo de la tuber\u00eda), lo que le brinda la confianza para completar instalaciones cr\u00edticas sin demoras costosas. <\/p>\n<p>Con tama\u00f1os que van desde 4\u201d a 36\u201d, QuickConnect ofrece:<\/p>\n<ul>\n<li><strong>Resistencia bajo carga<\/strong> : dise\u00f1ada para tuber\u00edas de gran di\u00e1metro y fuertes retrocesos<\/li>\n<li><strong>Velocidad y seguridad<\/strong> : elimine la fusi\u00f3n de zanjas y reduzca las horas de mano de obra<\/li>\n<li><strong>Conexiones limpias<\/strong> : mantenga el lodo y los fluidos de perforaci\u00f3n fuera de la l\u00ednea<\/li>\n<li><strong>Versatilidad<\/strong> : tire de m\u00faltiples conductos con nuestro extractor de m\u00faltiples tubos<\/li>\n<\/ul>\n","protected":false},"featured_media":6641,"comment_status":"closed","ping_status":"closed","template":"","meta":{"_acf_changed":false,"inline_featured_image":false},"product_brand":[],"product_cat":[185],"product_tag":[],"class_list":{"0":"post-6093","1":"product","2":"type-product","3":"status-publish","4":"has-post-thumbnail","6":"product_cat-herramientas","8":"first","9":"instock","10":"taxable","11":"shipping-taxable","12":"product-type-simple"},"yoast_head":"<!-- This site is optimized with the Yoast SEO plugin v27.5 - https:\/\/yoast.com\/product\/yoast-seo-wordpress\/ -->\n<title>Cabezal de tracci\u00f3n QuickConnect - Para Maxi Rig - Right Turn Supply<\/title>\n<meta name=\"robots\" content=\"index, follow, max-snippet:-1, max-image-preview:large, max-video-preview:-1\" \/>\n<link rel=\"canonical\" href=\"https:\/\/rightturnsupply.com\/es\/producto\/escariador-pdc-copy\/\" \/>\n<meta property=\"og:locale\" content=\"es_ES\" \/>\n<meta property=\"og:type\" content=\"article\" \/>\n<meta property=\"og:title\" content=\"Cabezal de tracci\u00f3n QuickConnect - Para Maxi Rig - Right Turn Supply\" \/>\n<meta property=\"og:description\" content=\"Dise\u00f1ado para la potencia. Probado en los trabajos m\u00e1s exigentes.  Los proyectos de HDD con plataformas Maxi requieren equipos capaces de soportar largas distancias, altas fuerzas y condiciones dif\u00edciles. Los cabezales de tracci\u00f3n QuickConnect est\u00e1n dise\u00f1ados para soportar fuerzas que superan el doble de la fuerza de tracci\u00f3n m\u00e1xima (dependiendo de la tuber\u00eda), lo que le brinda la confianza para completar instalaciones cr\u00edticas sin demoras costosas.  Con tama\u00f1os que van desde 4\u201d a 36\u201d, QuickConnect ofrece:  Resistencia bajo carga : dise\u00f1ada para tuber\u00edas de gran di\u00e1metro y fuertes retrocesos  Velocidad y seguridad : elimine la fusi\u00f3n de zanjas y reduzca las horas de mano de obra  Conexiones limpias : mantenga el lodo y los fluidos de perforaci\u00f3n fuera de la l\u00ednea  Versatilidad : tire de m\u00faltiples conductos con nuestro extractor de m\u00faltiples tubos\" \/>\n<meta property=\"og:url\" content=\"https:\/\/rightturnsupply.com\/es\/producto\/escariador-pdc-copy\/\" \/>\n<meta property=\"og:site_name\" content=\"Right Turn Supply\" \/>\n<meta property=\"article:publisher\" content=\"https:\/\/www.facebook.com\/RightTurnSupply\" \/>\n<meta property=\"article:modified_time\" content=\"2025-12-11T22:56:25+00:00\" \/>\n<meta property=\"og:image\" content=\"https:\/\/rightturnsupply.com\/wp-content\/uploads\/2025\/12\/PullHead-0009-2.jpg\" \/>\n\t<meta property=\"og:image:width\" content=\"1200\" \/>\n\t<meta property=\"og:image:height\" content=\"1200\" \/>\n\t<meta property=\"og:image:type\" content=\"image\/jpeg\" \/>\n<meta name=\"twitter:card\" content=\"summary_large_image\" \/>\n<meta name=\"twitter:label1\" content=\"Tiempo de lectura\" \/>\n\t<meta name=\"twitter:data1\" content=\"1 minuto\" \/>\n<script type=\"application\/ld+json\" class=\"yoast-schema-graph\">{\"@context\":\"https:\\\/\\\/schema.org\",\"@graph\":[{\"@type\":\"WebPage\",\"@id\":\"https:\\\/\\\/rightturnsupply.com\\\/es\\\/producto\\\/escariador-pdc-copy\\\/\",\"url\":\"https:\\\/\\\/rightturnsupply.com\\\/es\\\/producto\\\/escariador-pdc-copy\\\/\",\"name\":\"Cabezal de tracci\u00f3n QuickConnect - Para Maxi Rig - Right Turn Supply\",\"isPartOf\":{\"@id\":\"https:\\\/\\\/rightturnsupply.com\\\/es\\\/#website\"},\"primaryImageOfPage\":{\"@id\":\"https:\\\/\\\/rightturnsupply.com\\\/es\\\/producto\\\/escariador-pdc-copy\\\/#primaryimage\"},\"image\":{\"@id\":\"https:\\\/\\\/rightturnsupply.com\\\/es\\\/producto\\\/escariador-pdc-copy\\\/#primaryimage\"},\"thumbnailUrl\":\"https:\\\/\\\/rightturnsupply.com\\\/wp-content\\\/uploads\\\/2025\\\/12\\\/PullHead-0009-2.jpg\",\"datePublished\":\"2025-12-05T17:19:32+00:00\",\"dateModified\":\"2025-12-11T22:56:25+00:00\",\"breadcrumb\":{\"@id\":\"https:\\\/\\\/rightturnsupply.com\\\/es\\\/producto\\\/escariador-pdc-copy\\\/#breadcrumb\"},\"inLanguage\":\"es\",\"potentialAction\":[{\"@type\":\"ReadAction\",\"target\":[\"https:\\\/\\\/rightturnsupply.com\\\/es\\\/producto\\\/escariador-pdc-copy\\\/\"]}]},{\"@type\":\"ImageObject\",\"inLanguage\":\"es\",\"@id\":\"https:\\\/\\\/rightturnsupply.com\\\/es\\\/producto\\\/escariador-pdc-copy\\\/#primaryimage\",\"url\":\"https:\\\/\\\/rightturnsupply.com\\\/wp-content\\\/uploads\\\/2025\\\/12\\\/PullHead-0009-2.jpg\",\"contentUrl\":\"https:\\\/\\\/rightturnsupply.com\\\/wp-content\\\/uploads\\\/2025\\\/12\\\/PullHead-0009-2.jpg\",\"width\":1200,\"height\":1200},{\"@type\":\"BreadcrumbList\",\"@id\":\"https:\\\/\\\/rightturnsupply.com\\\/es\\\/producto\\\/escariador-pdc-copy\\\/#breadcrumb\",\"itemListElement\":[{\"@type\":\"ListItem\",\"position\":1,\"name\":\"Tienda\",\"item\":\"https:\\\/\\\/rightturnsupply.com\\\/es\\\/tienda\\\/\"},{\"@type\":\"ListItem\",\"position\":2,\"name\":\"Herramientas\",\"item\":\"https:\\\/\\\/rightturnsupply.com\\\/es\\\/categoria-producto\\\/herramientas\\\/\"},{\"@type\":\"ListItem\",\"position\":3,\"name\":\"Cabezal de tracci\u00f3n QuickConnect &#8211; Para Maxi Rig\"}]},{\"@type\":\"WebSite\",\"@id\":\"https:\\\/\\\/rightturnsupply.com\\\/es\\\/#website\",\"url\":\"https:\\\/\\\/rightturnsupply.com\\\/es\\\/\",\"name\":\"Right Turn Supply\",\"description\":\"\",\"publisher\":{\"@id\":\"https:\\\/\\\/rightturnsupply.com\\\/es\\\/#organization\"},\"potentialAction\":[{\"@type\":\"SearchAction\",\"target\":{\"@type\":\"EntryPoint\",\"urlTemplate\":\"https:\\\/\\\/rightturnsupply.com\\\/es\\\/?s={search_term_string}\"},\"query-input\":{\"@type\":\"PropertyValueSpecification\",\"valueRequired\":true,\"valueName\":\"search_term_string\"}}],\"inLanguage\":\"es\"},{\"@type\":\"Organization\",\"@id\":\"https:\\\/\\\/rightturnsupply.com\\\/es\\\/#organization\",\"name\":\"Suministro de giro a la derecha\",\"url\":\"https:\\\/\\\/rightturnsupply.com\\\/es\\\/\",\"logo\":{\"@type\":\"ImageObject\",\"inLanguage\":\"es\",\"@id\":\"https:\\\/\\\/rightturnsupply.com\\\/es\\\/#\\\/schema\\\/logo\\\/image\\\/\",\"url\":\"https:\\\/\\\/rightturnsupply.com\\\/wp-content\\\/uploads\\\/2024\\\/04\\\/RTS.png\",\"contentUrl\":\"https:\\\/\\\/rightturnsupply.com\\\/wp-content\\\/uploads\\\/2024\\\/04\\\/RTS.png\",\"width\":436,\"height\":255,\"caption\":\"Suministro de giro a la derecha\"},\"image\":{\"@id\":\"https:\\\/\\\/rightturnsupply.com\\\/es\\\/#\\\/schema\\\/logo\\\/image\\\/\"},\"sameAs\":[\"https:\\\/\\\/www.facebook.com\\\/RightTurnSupply\",\"https:\\\/\\\/www.instagram.com\\\/RightTurnSupply\\\/\",\"https:\\\/\\\/www.linkedin.com\\\/company\\\/11219426\\\/\",\"https:\\\/\\\/www.youtube.com\\\/channel\\\/UCNXnAe0vHuufUiXimiXGaqA\"]}]}<\/script>\n<!-- \/ Yoast SEO plugin. -->","yoast_head_json":{"title":"Cabezal de tracci\u00f3n QuickConnect - Para Maxi Rig - Right Turn Supply","robots":{"index":"index","follow":"follow","max-snippet":"max-snippet:-1","max-image-preview":"max-image-preview:large","max-video-preview":"max-video-preview:-1"},"canonical":"https:\/\/rightturnsupply.com\/es\/producto\/escariador-pdc-copy\/","og_locale":"es_ES","og_type":"article","og_title":"Cabezal de tracci\u00f3n QuickConnect - Para Maxi Rig - Right Turn Supply","og_description":"Dise\u00f1ado para la potencia. Probado en los trabajos m\u00e1s exigentes.  Los proyectos de HDD con plataformas Maxi requieren equipos capaces de soportar largas distancias, altas fuerzas y condiciones dif\u00edciles. Los cabezales de tracci\u00f3n QuickConnect est\u00e1n dise\u00f1ados para soportar fuerzas que superan el doble de la fuerza de tracci\u00f3n m\u00e1xima (dependiendo de la tuber\u00eda), lo que le brinda la confianza para completar instalaciones cr\u00edticas sin demoras costosas.  Con tama\u00f1os que van desde 4\u201d a 36\u201d, QuickConnect ofrece:  Resistencia bajo carga : dise\u00f1ada para tuber\u00edas de gran di\u00e1metro y fuertes retrocesos  Velocidad y seguridad : elimine la fusi\u00f3n de zanjas y reduzca las horas de mano de obra  Conexiones limpias : mantenga el lodo y los fluidos de perforaci\u00f3n fuera de la l\u00ednea  Versatilidad : tire de m\u00faltiples conductos con nuestro extractor de m\u00faltiples tubos","og_url":"https:\/\/rightturnsupply.com\/es\/producto\/escariador-pdc-copy\/","og_site_name":"Right Turn Supply","article_publisher":"https:\/\/www.facebook.com\/RightTurnSupply","article_modified_time":"2025-12-11T22:56:25+00:00","og_image":[{"width":1200,"height":1200,"url":"https:\/\/rightturnsupply.com\/wp-content\/uploads\/2025\/12\/PullHead-0009-2.jpg","type":"image\/jpeg"}],"twitter_card":"summary_large_image","twitter_misc":{"Tiempo de lectura":"1 minuto"},"schema":{"@context":"https:\/\/schema.org","@graph":[{"@type":"WebPage","@id":"https:\/\/rightturnsupply.com\/es\/producto\/escariador-pdc-copy\/","url":"https:\/\/rightturnsupply.com\/es\/producto\/escariador-pdc-copy\/","name":"Cabezal de tracci\u00f3n QuickConnect - Para Maxi Rig - Right Turn Supply","isPartOf":{"@id":"https:\/\/rightturnsupply.com\/es\/#website"},"primaryImageOfPage":{"@id":"https:\/\/rightturnsupply.com\/es\/producto\/escariador-pdc-copy\/#primaryimage"},"image":{"@id":"https:\/\/rightturnsupply.com\/es\/producto\/escariador-pdc-copy\/#primaryimage"},"thumbnailUrl":"https:\/\/rightturnsupply.com\/wp-content\/uploads\/2025\/12\/PullHead-0009-2.jpg","datePublished":"2025-12-05T17:19:32+00:00","dateModified":"2025-12-11T22:56:25+00:00","breadcrumb":{"@id":"https:\/\/rightturnsupply.com\/es\/producto\/escariador-pdc-copy\/#breadcrumb"},"inLanguage":"es","potentialAction":[{"@type":"ReadAction","target":["https:\/\/rightturnsupply.com\/es\/producto\/escariador-pdc-copy\/"]}]},{"@type":"ImageObject","inLanguage":"es","@id":"https:\/\/rightturnsupply.com\/es\/producto\/escariador-pdc-copy\/#primaryimage","url":"https:\/\/rightturnsupply.com\/wp-content\/uploads\/2025\/12\/PullHead-0009-2.jpg","contentUrl":"https:\/\/rightturnsupply.com\/wp-content\/uploads\/2025\/12\/PullHead-0009-2.jpg","width":1200,"height":1200},{"@type":"BreadcrumbList","@id":"https:\/\/rightturnsupply.com\/es\/producto\/escariador-pdc-copy\/#breadcrumb","itemListElement":[{"@type":"ListItem","position":1,"name":"Tienda","item":"https:\/\/rightturnsupply.com\/es\/tienda\/"},{"@type":"ListItem","position":2,"name":"Herramientas","item":"https:\/\/rightturnsupply.com\/es\/categoria-producto\/herramientas\/"},{"@type":"ListItem","position":3,"name":"Cabezal de tracci\u00f3n QuickConnect &#8211; Para Maxi Rig"}]},{"@type":"WebSite","@id":"https:\/\/rightturnsupply.com\/es\/#website","url":"https:\/\/rightturnsupply.com\/es\/","name":"Right Turn Supply","description":"","publisher":{"@id":"https:\/\/rightturnsupply.com\/es\/#organization"},"potentialAction":[{"@type":"SearchAction","target":{"@type":"EntryPoint","urlTemplate":"https:\/\/rightturnsupply.com\/es\/?s={search_term_string}"},"query-input":{"@type":"PropertyValueSpecification","valueRequired":true,"valueName":"search_term_string"}}],"inLanguage":"es"},{"@type":"Organization","@id":"https:\/\/rightturnsupply.com\/es\/#organization","name":"Suministro de giro a la derecha","url":"https:\/\/rightturnsupply.com\/es\/","logo":{"@type":"ImageObject","inLanguage":"es","@id":"https:\/\/rightturnsupply.com\/es\/#\/schema\/logo\/image\/","url":"https:\/\/rightturnsupply.com\/wp-content\/uploads\/2024\/04\/RTS.png","contentUrl":"https:\/\/rightturnsupply.com\/wp-content\/uploads\/2024\/04\/RTS.png","width":436,"height":255,"caption":"Suministro de giro a la derecha"},"image":{"@id":"https:\/\/rightturnsupply.com\/es\/#\/schema\/logo\/image\/"},"sameAs":["https:\/\/www.facebook.com\/RightTurnSupply","https:\/\/www.instagram.com\/RightTurnSupply\/","https:\/\/www.linkedin.com\/company\/11219426\/","https:\/\/www.youtube.com\/channel\/UCNXnAe0vHuufUiXimiXGaqA"]}]}},"acf":[],"_links":{"self":[{"href":"https:\/\/rightturnsupply.com\/es\/wp-json\/wp\/v2\/product\/6093","targetHints":{"allow":["GET"]}}],"collection":[{"href":"https:\/\/rightturnsupply.com\/es\/wp-json\/wp\/v2\/product"}],"about":[{"href":"https:\/\/rightturnsupply.com\/es\/wp-json\/wp\/v2\/types\/product"}],"replies":[{"embeddable":true,"href":"https:\/\/rightturnsupply.com\/es\/wp-json\/wp\/v2\/comments?post=6093"}],"wp:featuredmedia":[{"embeddable":true,"href":"https:\/\/rightturnsupply.com\/es\/wp-json\/wp\/v2\/media\/6641"}],"wp:attachment":[{"href":"https:\/\/rightturnsupply.com\/es\/wp-json\/wp\/v2\/media?parent=6093"}],"wp:term":[{"taxonomy":"product_brand","embeddable":true,"href":"https:\/\/rightturnsupply.com\/es\/wp-json\/wp\/v2\/product_brand?post=6093"},{"taxonomy":"product_cat","embeddable":true,"href":"https:\/\/rightturnsupply.com\/es\/wp-json\/wp\/v2\/product_cat?post=6093"},{"taxonomy":"product_tag","embeddable":true,"href":"https:\/\/rightturnsupply.com\/es\/wp-json\/wp\/v2\/product_tag?post=6093"}],"curies":[{"name":"wp","href":"https:\/\/api.w.org\/{rel}","templated":true}]}}