{"id":5428,"date":"2025-03-27T09:54:11","date_gmt":"2025-03-27T14:54:11","guid":{"rendered":"https:\/\/rightturnsupply.com\/product\/rodillos-para-tubos-rts-de-4-a-20-con-rodillo-estilo-mini-en-v-simple\/"},"modified":"2025-05-20T15:22:54","modified_gmt":"2025-05-20T20:22:54","slug":"rodillos-para-tubos-rts-de-4-a-20-con-rodillo-estilo-mini-en-v-simple","status":"publish","type":"product","link":"https:\/\/rightturnsupply.com\/es\/producto\/rodillos-para-tubos-rts-de-4-a-20-con-rodillo-estilo-mini-en-v-simple\/","title":{"rendered":"Rodillos para tubos RTS de 4\u201d a 20\u201d con rodillo estilo mini en V simple"},"content":{"rendered":"","protected":false},"excerpt":{"rendered":"<p><span data-ogsc=\"black\">Los RODILLOS PARA TUBER\u00cdAS RIGHT TURN SUPPLY han sido dise\u00f1ados espec\u00edficamente para el sector de las tuber\u00edas por tuberos veteranos y profesionales de la HDD, y est\u00e1n concebidos para sostener, apoyar y guiar secciones de tuber\u00edas a trav\u00e9s de cruces de r\u00edos y carreteras con facilidad. Los rodillos, que vienen en cuatro tama\u00f1os, soportan f\u00e1cilmente di\u00e1metros de tuber\u00eda de 4&#8243; a 54&#8243; y est\u00e1n fabricados a mano por maestros soldadores con acero de fabricaci\u00f3n estadounidense. <\/span><\/p>\n<p><img loading=\"lazy\" decoding=\"async\" class=\"size-full wp-image-5420 alignnone\" src=\"https:\/\/rightturnsupply.com\/wp-content\/uploads\/2024\/07\/Pipe-Roller-Chart.png\" alt=\"\" width=\"1844\" height=\"420\"><\/p>\n","protected":false},"featured_media":5997,"comment_status":"open","ping_status":"closed","template":"","meta":{"_acf_changed":false,"inline_featured_image":false},"product_brand":[],"product_cat":[185],"product_tag":[],"class_list":{"0":"post-5428","1":"product","2":"type-product","3":"status-publish","4":"has-post-thumbnail","6":"product_cat-herramientas","7":"pa_industry-herramientas","9":"first","10":"instock","11":"taxable","12":"shipping-taxable","13":"product-type-simple"},"yoast_head":"<!-- This site is optimized with the Yoast SEO plugin v27.4 - https:\/\/yoast.com\/product\/yoast-seo-wordpress\/ -->\n<title>Rodillos para tubos RTS de 4\u201d a 20\u201d con rodillo estilo mini en V simple - Right Turn Supply<\/title>\n<meta name=\"robots\" content=\"index, follow, max-snippet:-1, max-image-preview:large, max-video-preview:-1\" \/>\n<link rel=\"canonical\" href=\"https:\/\/rightturnsupply.com\/es\/producto\/rodillos-para-tubos-rts-de-4-a-20-con-rodillo-estilo-mini-en-v-simple\/\" \/>\n<meta property=\"og:locale\" content=\"es_ES\" \/>\n<meta property=\"og:type\" content=\"article\" \/>\n<meta property=\"og:title\" content=\"Rodillos para tubos RTS de 4\u201d a 20\u201d con rodillo estilo mini en V simple - Right Turn Supply\" \/>\n<meta property=\"og:description\" content=\"Los RODILLOS PARA TUBER\u00cdAS RIGHT TURN SUPPLY han sido dise\u00f1ados espec\u00edficamente para el sector de las tuber\u00edas por tuberos veteranos y profesionales de la HDD, y est\u00e1n concebidos para sostener, apoyar y guiar secciones de tuber\u00edas a trav\u00e9s de cruces de r\u00edos y carreteras con facilidad. Los rodillos, que vienen en cuatro tama\u00f1os, soportan f\u00e1cilmente di\u00e1metros de tuber\u00eda de 4&quot; a 54&quot; y est\u00e1n fabricados a mano por maestros soldadores con acero de fabricaci\u00f3n estadounidense.\" \/>\n<meta property=\"og:url\" content=\"https:\/\/rightturnsupply.com\/es\/producto\/rodillos-para-tubos-rts-de-4-a-20-con-rodillo-estilo-mini-en-v-simple\/\" \/>\n<meta property=\"og:site_name\" content=\"Right Turn Supply\" \/>\n<meta property=\"article:publisher\" content=\"https:\/\/www.facebook.com\/RightTurnSupply\" \/>\n<meta property=\"article:modified_time\" content=\"2025-05-20T20:22:54+00:00\" \/>\n<meta property=\"og:image\" content=\"https:\/\/rightturnsupply.com\/wp-content\/uploads\/2025\/03\/RTS-Pipe-Rollers-4-\u2013-20-Single-V-Mini-Style-Roller-v2-min.jpg\" \/>\n\t<meta property=\"og:image:width\" content=\"1000\" \/>\n\t<meta property=\"og:image:height\" content=\"1000\" \/>\n\t<meta property=\"og:image:type\" content=\"image\/jpeg\" \/>\n<meta name=\"twitter:card\" content=\"summary_large_image\" \/>\n<script type=\"application\/ld+json\" class=\"yoast-schema-graph\">{\"@context\":\"https:\\\/\\\/schema.org\",\"@graph\":[{\"@type\":\"WebPage\",\"@id\":\"https:\\\/\\\/rightturnsupply.com\\\/es\\\/producto\\\/rodillos-para-tubos-rts-de-4-a-20-con-rodillo-estilo-mini-en-v-simple\\\/\",\"url\":\"https:\\\/\\\/rightturnsupply.com\\\/es\\\/producto\\\/rodillos-para-tubos-rts-de-4-a-20-con-rodillo-estilo-mini-en-v-simple\\\/\",\"name\":\"Rodillos para tubos RTS de 4\u201d a 20\u201d con rodillo estilo mini en V simple - Right Turn Supply\",\"isPartOf\":{\"@id\":\"https:\\\/\\\/rightturnsupply.com\\\/es\\\/#website\"},\"primaryImageOfPage\":{\"@id\":\"https:\\\/\\\/rightturnsupply.com\\\/es\\\/producto\\\/rodillos-para-tubos-rts-de-4-a-20-con-rodillo-estilo-mini-en-v-simple\\\/#primaryimage\"},\"image\":{\"@id\":\"https:\\\/\\\/rightturnsupply.com\\\/es\\\/producto\\\/rodillos-para-tubos-rts-de-4-a-20-con-rodillo-estilo-mini-en-v-simple\\\/#primaryimage\"},\"thumbnailUrl\":\"https:\\\/\\\/rightturnsupply.com\\\/wp-content\\\/uploads\\\/2025\\\/03\\\/RTS-Pipe-Rollers-4-\u2013-20-Single-V-Mini-Style-Roller-v2-min.jpg\",\"datePublished\":\"2025-03-27T14:54:11+00:00\",\"dateModified\":\"2025-05-20T20:22:54+00:00\",\"breadcrumb\":{\"@id\":\"https:\\\/\\\/rightturnsupply.com\\\/es\\\/producto\\\/rodillos-para-tubos-rts-de-4-a-20-con-rodillo-estilo-mini-en-v-simple\\\/#breadcrumb\"},\"inLanguage\":\"es\",\"potentialAction\":[{\"@type\":\"ReadAction\",\"target\":[\"https:\\\/\\\/rightturnsupply.com\\\/es\\\/producto\\\/rodillos-para-tubos-rts-de-4-a-20-con-rodillo-estilo-mini-en-v-simple\\\/\"]}]},{\"@type\":\"ImageObject\",\"inLanguage\":\"es\",\"@id\":\"https:\\\/\\\/rightturnsupply.com\\\/es\\\/producto\\\/rodillos-para-tubos-rts-de-4-a-20-con-rodillo-estilo-mini-en-v-simple\\\/#primaryimage\",\"url\":\"https:\\\/\\\/rightturnsupply.com\\\/wp-content\\\/uploads\\\/2025\\\/03\\\/RTS-Pipe-Rollers-4-\u2013-20-Single-V-Mini-Style-Roller-v2-min.jpg\",\"contentUrl\":\"https:\\\/\\\/rightturnsupply.com\\\/wp-content\\\/uploads\\\/2025\\\/03\\\/RTS-Pipe-Rollers-4-\u2013-20-Single-V-Mini-Style-Roller-v2-min.jpg\",\"width\":1000,\"height\":1000,\"caption\":\"Rodillos para tubos RTS de 4\u201d a 20\u201d con rodillo estilo mini en V simple\"},{\"@type\":\"BreadcrumbList\",\"@id\":\"https:\\\/\\\/rightturnsupply.com\\\/es\\\/producto\\\/rodillos-para-tubos-rts-de-4-a-20-con-rodillo-estilo-mini-en-v-simple\\\/#breadcrumb\",\"itemListElement\":[{\"@type\":\"ListItem\",\"position\":1,\"name\":\"Tienda\",\"item\":\"https:\\\/\\\/rightturnsupply.com\\\/es\\\/tienda\\\/\"},{\"@type\":\"ListItem\",\"position\":2,\"name\":\"Herramientas\",\"item\":\"https:\\\/\\\/rightturnsupply.com\\\/es\\\/categoria-producto\\\/herramientas\\\/\"},{\"@type\":\"ListItem\",\"position\":3,\"name\":\"Rodillos para tubos RTS de 4\u201d a 20\u201d con rodillo estilo mini en V simple\"}]},{\"@type\":\"WebSite\",\"@id\":\"https:\\\/\\\/rightturnsupply.com\\\/es\\\/#website\",\"url\":\"https:\\\/\\\/rightturnsupply.com\\\/es\\\/\",\"name\":\"Right Turn Supply\",\"description\":\"\",\"publisher\":{\"@id\":\"https:\\\/\\\/rightturnsupply.com\\\/es\\\/#organization\"},\"potentialAction\":[{\"@type\":\"SearchAction\",\"target\":{\"@type\":\"EntryPoint\",\"urlTemplate\":\"https:\\\/\\\/rightturnsupply.com\\\/es\\\/?s={search_term_string}\"},\"query-input\":{\"@type\":\"PropertyValueSpecification\",\"valueRequired\":true,\"valueName\":\"search_term_string\"}}],\"inLanguage\":\"es\"},{\"@type\":\"Organization\",\"@id\":\"https:\\\/\\\/rightturnsupply.com\\\/es\\\/#organization\",\"name\":\"Suministro de giro a la derecha\",\"url\":\"https:\\\/\\\/rightturnsupply.com\\\/es\\\/\",\"logo\":{\"@type\":\"ImageObject\",\"inLanguage\":\"es\",\"@id\":\"https:\\\/\\\/rightturnsupply.com\\\/es\\\/#\\\/schema\\\/logo\\\/image\\\/\",\"url\":\"https:\\\/\\\/rightturnsupply.com\\\/wp-content\\\/uploads\\\/2024\\\/04\\\/RTS.png\",\"contentUrl\":\"https:\\\/\\\/rightturnsupply.com\\\/wp-content\\\/uploads\\\/2024\\\/04\\\/RTS.png\",\"width\":436,\"height\":255,\"caption\":\"Suministro de giro a la derecha\"},\"image\":{\"@id\":\"https:\\\/\\\/rightturnsupply.com\\\/es\\\/#\\\/schema\\\/logo\\\/image\\\/\"},\"sameAs\":[\"https:\\\/\\\/www.facebook.com\\\/RightTurnSupply\",\"https:\\\/\\\/www.instagram.com\\\/RightTurnSupply\\\/\",\"https:\\\/\\\/www.linkedin.com\\\/company\\\/11219426\\\/\",\"https:\\\/\\\/www.youtube.com\\\/channel\\\/UCNXnAe0vHuufUiXimiXGaqA\"]}]}<\/script>\n<!-- \/ Yoast SEO plugin. -->","yoast_head_json":{"title":"Rodillos para tubos RTS de 4\u201d a 20\u201d con rodillo estilo mini en V simple - Right Turn Supply","robots":{"index":"index","follow":"follow","max-snippet":"max-snippet:-1","max-image-preview":"max-image-preview:large","max-video-preview":"max-video-preview:-1"},"canonical":"https:\/\/rightturnsupply.com\/es\/producto\/rodillos-para-tubos-rts-de-4-a-20-con-rodillo-estilo-mini-en-v-simple\/","og_locale":"es_ES","og_type":"article","og_title":"Rodillos para tubos RTS de 4\u201d a 20\u201d con rodillo estilo mini en V simple - Right Turn Supply","og_description":"Los RODILLOS PARA TUBER\u00cdAS RIGHT TURN SUPPLY han sido dise\u00f1ados espec\u00edficamente para el sector de las tuber\u00edas por tuberos veteranos y profesionales de la HDD, y est\u00e1n concebidos para sostener, apoyar y guiar secciones de tuber\u00edas a trav\u00e9s de cruces de r\u00edos y carreteras con facilidad. Los rodillos, que vienen en cuatro tama\u00f1os, soportan f\u00e1cilmente di\u00e1metros de tuber\u00eda de 4\" a 54\" y est\u00e1n fabricados a mano por maestros soldadores con acero de fabricaci\u00f3n estadounidense.","og_url":"https:\/\/rightturnsupply.com\/es\/producto\/rodillos-para-tubos-rts-de-4-a-20-con-rodillo-estilo-mini-en-v-simple\/","og_site_name":"Right Turn Supply","article_publisher":"https:\/\/www.facebook.com\/RightTurnSupply","article_modified_time":"2025-05-20T20:22:54+00:00","og_image":[{"width":1000,"height":1000,"url":"https:\/\/rightturnsupply.com\/wp-content\/uploads\/2025\/03\/RTS-Pipe-Rollers-4-\u2013-20-Single-V-Mini-Style-Roller-v2-min.jpg","type":"image\/jpeg"}],"twitter_card":"summary_large_image","schema":{"@context":"https:\/\/schema.org","@graph":[{"@type":"WebPage","@id":"https:\/\/rightturnsupply.com\/es\/producto\/rodillos-para-tubos-rts-de-4-a-20-con-rodillo-estilo-mini-en-v-simple\/","url":"https:\/\/rightturnsupply.com\/es\/producto\/rodillos-para-tubos-rts-de-4-a-20-con-rodillo-estilo-mini-en-v-simple\/","name":"Rodillos para tubos RTS de 4\u201d a 20\u201d con rodillo estilo mini en V simple - Right Turn Supply","isPartOf":{"@id":"https:\/\/rightturnsupply.com\/es\/#website"},"primaryImageOfPage":{"@id":"https:\/\/rightturnsupply.com\/es\/producto\/rodillos-para-tubos-rts-de-4-a-20-con-rodillo-estilo-mini-en-v-simple\/#primaryimage"},"image":{"@id":"https:\/\/rightturnsupply.com\/es\/producto\/rodillos-para-tubos-rts-de-4-a-20-con-rodillo-estilo-mini-en-v-simple\/#primaryimage"},"thumbnailUrl":"https:\/\/rightturnsupply.com\/wp-content\/uploads\/2025\/03\/RTS-Pipe-Rollers-4-\u2013-20-Single-V-Mini-Style-Roller-v2-min.jpg","datePublished":"2025-03-27T14:54:11+00:00","dateModified":"2025-05-20T20:22:54+00:00","breadcrumb":{"@id":"https:\/\/rightturnsupply.com\/es\/producto\/rodillos-para-tubos-rts-de-4-a-20-con-rodillo-estilo-mini-en-v-simple\/#breadcrumb"},"inLanguage":"es","potentialAction":[{"@type":"ReadAction","target":["https:\/\/rightturnsupply.com\/es\/producto\/rodillos-para-tubos-rts-de-4-a-20-con-rodillo-estilo-mini-en-v-simple\/"]}]},{"@type":"ImageObject","inLanguage":"es","@id":"https:\/\/rightturnsupply.com\/es\/producto\/rodillos-para-tubos-rts-de-4-a-20-con-rodillo-estilo-mini-en-v-simple\/#primaryimage","url":"https:\/\/rightturnsupply.com\/wp-content\/uploads\/2025\/03\/RTS-Pipe-Rollers-4-\u2013-20-Single-V-Mini-Style-Roller-v2-min.jpg","contentUrl":"https:\/\/rightturnsupply.com\/wp-content\/uploads\/2025\/03\/RTS-Pipe-Rollers-4-\u2013-20-Single-V-Mini-Style-Roller-v2-min.jpg","width":1000,"height":1000,"caption":"Rodillos para tubos RTS de 4\u201d a 20\u201d con rodillo estilo mini en V simple"},{"@type":"BreadcrumbList","@id":"https:\/\/rightturnsupply.com\/es\/producto\/rodillos-para-tubos-rts-de-4-a-20-con-rodillo-estilo-mini-en-v-simple\/#breadcrumb","itemListElement":[{"@type":"ListItem","position":1,"name":"Tienda","item":"https:\/\/rightturnsupply.com\/es\/tienda\/"},{"@type":"ListItem","position":2,"name":"Herramientas","item":"https:\/\/rightturnsupply.com\/es\/categoria-producto\/herramientas\/"},{"@type":"ListItem","position":3,"name":"Rodillos para tubos RTS de 4\u201d a 20\u201d con rodillo estilo mini en V simple"}]},{"@type":"WebSite","@id":"https:\/\/rightturnsupply.com\/es\/#website","url":"https:\/\/rightturnsupply.com\/es\/","name":"Right Turn Supply","description":"","publisher":{"@id":"https:\/\/rightturnsupply.com\/es\/#organization"},"potentialAction":[{"@type":"SearchAction","target":{"@type":"EntryPoint","urlTemplate":"https:\/\/rightturnsupply.com\/es\/?s={search_term_string}"},"query-input":{"@type":"PropertyValueSpecification","valueRequired":true,"valueName":"search_term_string"}}],"inLanguage":"es"},{"@type":"Organization","@id":"https:\/\/rightturnsupply.com\/es\/#organization","name":"Suministro de giro a la derecha","url":"https:\/\/rightturnsupply.com\/es\/","logo":{"@type":"ImageObject","inLanguage":"es","@id":"https:\/\/rightturnsupply.com\/es\/#\/schema\/logo\/image\/","url":"https:\/\/rightturnsupply.com\/wp-content\/uploads\/2024\/04\/RTS.png","contentUrl":"https:\/\/rightturnsupply.com\/wp-content\/uploads\/2024\/04\/RTS.png","width":436,"height":255,"caption":"Suministro de giro a la derecha"},"image":{"@id":"https:\/\/rightturnsupply.com\/es\/#\/schema\/logo\/image\/"},"sameAs":["https:\/\/www.facebook.com\/RightTurnSupply","https:\/\/www.instagram.com\/RightTurnSupply\/","https:\/\/www.linkedin.com\/company\/11219426\/","https:\/\/www.youtube.com\/channel\/UCNXnAe0vHuufUiXimiXGaqA"]}]}},"acf":[],"_links":{"self":[{"href":"https:\/\/rightturnsupply.com\/es\/wp-json\/wp\/v2\/product\/5428","targetHints":{"allow":["GET"]}}],"collection":[{"href":"https:\/\/rightturnsupply.com\/es\/wp-json\/wp\/v2\/product"}],"about":[{"href":"https:\/\/rightturnsupply.com\/es\/wp-json\/wp\/v2\/types\/product"}],"replies":[{"embeddable":true,"href":"https:\/\/rightturnsupply.com\/es\/wp-json\/wp\/v2\/comments?post=5428"}],"wp:featuredmedia":[{"embeddable":true,"href":"https:\/\/rightturnsupply.com\/es\/wp-json\/wp\/v2\/media\/5997"}],"wp:attachment":[{"href":"https:\/\/rightturnsupply.com\/es\/wp-json\/wp\/v2\/media?parent=5428"}],"wp:term":[{"taxonomy":"product_brand","embeddable":true,"href":"https:\/\/rightturnsupply.com\/es\/wp-json\/wp\/v2\/product_brand?post=5428"},{"taxonomy":"product_cat","embeddable":true,"href":"https:\/\/rightturnsupply.com\/es\/wp-json\/wp\/v2\/product_cat?post=5428"},{"taxonomy":"product_tag","embeddable":true,"href":"https:\/\/rightturnsupply.com\/es\/wp-json\/wp\/v2\/product_tag?post=5428"}],"curies":[{"name":"wp","href":"https:\/\/api.w.org\/{rel}","templated":true}]}}