{"id":4847,"date":"2024-06-11T15:09:24","date_gmt":"2024-06-11T20:09:24","guid":{"rendered":"https:\/\/rightturnsupply.com\/product\/comandante-cobble\/"},"modified":"2025-04-25T18:15:19","modified_gmt":"2025-04-25T23:15:19","slug":"comandante-cobble","status":"publish","type":"product","link":"https:\/\/rightturnsupply.com\/es\/producto\/comandante-cobble\/","title":{"rendered":"Comandante Cobble"},"content":{"rendered":"<div class=\"wpb-content-wrapper\">[vc_row full_width=&#8221;stretch_row&#8221; disable_element=&#8221;yes&#8221; css=&#8221;.vc_custom_1721770580229{background-color: #a8c74c !important;}&#8221;][vc_column css=&#8221;.vc_custom_1712614593758{padding-top: 0px !important;}&#8221;][vc_empty_space height=&#8221;125px&#8221; el_class=&#8221;es-large&#8221;][vc_btn title=&#8221;COBBLE COMMANDER Ficha de datos de seguridad&#8221; style=&#8221;custom&#8221; custom_background=&#8221;#000000&#8243; custom_text=&#8221;#ffffff&#8221; shape=&#8221;square&#8221; size=&#8221;lg&#8221; align=&#8221;center&#8221; css=&#8221;&#8221; link=&#8221;url:https%3A%2F%2Frightturnsupply.com%2Fwp-content%2Fuploads%2F2020%2F02%2FCobble-Commander-SDS-01.01.18.pdf|target:_blank|&#8221;][\/vc_column][vc_column css=&#8221;.vc_custom_1712614587677{padding-top: 0px !important;}&#8221;][vc_empty_space height=&#8221;80px&#8221; el_class=&#8221;es-large&#8221;][\/vc_column][\/vc_row]\n<\/div>","protected":false},"excerpt":{"rendered":"<p>Este fluido de perforaci\u00f3n HDD \u00fanico en su clase a\u00fan no ha encontrado un trabajo que no pueda realizar. El COBBLE COMMANDER aumenta la capacidad del fluido de perforaci\u00f3n para arrastrar los recortes sin afectar dr\u00e1sticamente a la viscosidad. En conjunto, el COBBLE COMMANDER permite perforar con m\u00e1s eficacia y transportar m\u00e1s recortes, lo que demuestra la eficacia y la calidad de la f\u00f3rmula.<\/p>\n","protected":false},"featured_media":4345,"comment_status":"closed","ping_status":"closed","template":"","meta":{"_acf_changed":false,"inline_featured_image":false},"product_brand":[],"product_cat":[170,171,177],"product_tag":[178],"class_list":{"0":"post-4847","1":"product","2":"type-product","3":"status-publish","4":"has-post-thumbnail","6":"product_cat-fluidos-de-perforacion-nsf","7":"product_cat-fluidos-de-perforacion-aditivos","8":"product_cat-viscosificadores-reologia","9":"product_tag-modificadores-reologicos","10":"pa_ground-conditions-arena","11":"pa_ground-conditions-roca-cobble","12":"pa_industry-hdd-utilidad","13":"pa_product-type-fluidos","14":"pa_product-type-herramientas","16":"first","17":"instock","18":"taxable","19":"shipping-taxable","20":"product-type-simple"},"yoast_head":"<!-- This site is optimized with the Yoast SEO plugin v27.4 - https:\/\/yoast.com\/product\/yoast-seo-wordpress\/ -->\n<title>Comandante Cobble - Right Turn Supply<\/title>\n<meta name=\"robots\" content=\"index, follow, max-snippet:-1, max-image-preview:large, max-video-preview:-1\" \/>\n<link rel=\"canonical\" href=\"https:\/\/rightturnsupply.com\/es\/producto\/comandante-cobble\/\" \/>\n<meta property=\"og:locale\" content=\"es_ES\" \/>\n<meta property=\"og:type\" content=\"article\" \/>\n<meta property=\"og:title\" content=\"Comandante Cobble - Right Turn Supply\" \/>\n<meta property=\"og:description\" content=\"Este fluido de perforaci\u00f3n HDD \u00fanico en su clase a\u00fan no ha encontrado un trabajo que no pueda realizar. El COBBLE COMMANDER aumenta la capacidad del fluido de perforaci\u00f3n para arrastrar los recortes sin afectar dr\u00e1sticamente a la viscosidad. En conjunto, el COBBLE COMMANDER permite perforar con m\u00e1s eficacia y transportar m\u00e1s recortes, lo que demuestra la eficacia y la calidad de la f\u00f3rmula.\" \/>\n<meta property=\"og:url\" content=\"https:\/\/rightturnsupply.com\/es\/producto\/comandante-cobble\/\" \/>\n<meta property=\"og:site_name\" content=\"Right Turn Supply\" \/>\n<meta property=\"article:publisher\" content=\"https:\/\/www.facebook.com\/RightTurnSupply\" \/>\n<meta property=\"article:modified_time\" content=\"2025-04-25T23:15:19+00:00\" \/>\n<meta property=\"og:image\" content=\"https:\/\/rightturnsupply.com\/wp-content\/uploads\/2024\/06\/Cobble-Commander-min.jpg\" \/>\n\t<meta property=\"og:image:width\" content=\"1000\" \/>\n\t<meta property=\"og:image:height\" content=\"1000\" \/>\n\t<meta property=\"og:image:type\" content=\"image\/jpeg\" \/>\n<meta name=\"twitter:card\" content=\"summary_large_image\" \/>\n<meta name=\"twitter:label1\" content=\"Tiempo de lectura\" \/>\n\t<meta name=\"twitter:data1\" content=\"1 minuto\" \/>\n<script type=\"application\/ld+json\" class=\"yoast-schema-graph\">{\"@context\":\"https:\\\/\\\/schema.org\",\"@graph\":[{\"@type\":\"WebPage\",\"@id\":\"https:\\\/\\\/rightturnsupply.com\\\/es\\\/producto\\\/comandante-cobble\\\/\",\"url\":\"https:\\\/\\\/rightturnsupply.com\\\/es\\\/producto\\\/comandante-cobble\\\/\",\"name\":\"Comandante Cobble - Right Turn Supply\",\"isPartOf\":{\"@id\":\"https:\\\/\\\/rightturnsupply.com\\\/es\\\/#website\"},\"primaryImageOfPage\":{\"@id\":\"https:\\\/\\\/rightturnsupply.com\\\/es\\\/producto\\\/comandante-cobble\\\/#primaryimage\"},\"image\":{\"@id\":\"https:\\\/\\\/rightturnsupply.com\\\/es\\\/producto\\\/comandante-cobble\\\/#primaryimage\"},\"thumbnailUrl\":\"https:\\\/\\\/rightturnsupply.com\\\/wp-content\\\/uploads\\\/2024\\\/06\\\/Cobble-Commander-min.jpg\",\"datePublished\":\"2024-06-11T20:09:24+00:00\",\"dateModified\":\"2025-04-25T23:15:19+00:00\",\"breadcrumb\":{\"@id\":\"https:\\\/\\\/rightturnsupply.com\\\/es\\\/producto\\\/comandante-cobble\\\/#breadcrumb\"},\"inLanguage\":\"es\",\"potentialAction\":[{\"@type\":\"ReadAction\",\"target\":[\"https:\\\/\\\/rightturnsupply.com\\\/es\\\/producto\\\/comandante-cobble\\\/\"]}]},{\"@type\":\"ImageObject\",\"inLanguage\":\"es\",\"@id\":\"https:\\\/\\\/rightturnsupply.com\\\/es\\\/producto\\\/comandante-cobble\\\/#primaryimage\",\"url\":\"https:\\\/\\\/rightturnsupply.com\\\/wp-content\\\/uploads\\\/2024\\\/06\\\/Cobble-Commander-min.jpg\",\"contentUrl\":\"https:\\\/\\\/rightturnsupply.com\\\/wp-content\\\/uploads\\\/2024\\\/06\\\/Cobble-Commander-min.jpg\",\"width\":1000,\"height\":1000,\"caption\":\"Comandante Cobble\"},{\"@type\":\"BreadcrumbList\",\"@id\":\"https:\\\/\\\/rightturnsupply.com\\\/es\\\/producto\\\/comandante-cobble\\\/#breadcrumb\",\"itemListElement\":[{\"@type\":\"ListItem\",\"position\":1,\"name\":\"Tienda\",\"item\":\"https:\\\/\\\/rightturnsupply.com\\\/es\\\/tienda\\\/\"},{\"@type\":\"ListItem\",\"position\":2,\"name\":\"Fluids\",\"item\":\"https:\\\/\\\/rightturnsupply.com\\\/es\\\/categoria-producto\\\/fluids-es\\\/\"},{\"@type\":\"ListItem\",\"position\":3,\"name\":\"Fluidos de perforaci\u00f3n\\\/Aditivos\",\"item\":\"https:\\\/\\\/rightturnsupply.com\\\/es\\\/categoria-producto\\\/fluids-es\\\/fluidos-de-perforacion-aditivos\\\/\"},{\"@type\":\"ListItem\",\"position\":4,\"name\":\"Comandante Cobble\"}]},{\"@type\":\"WebSite\",\"@id\":\"https:\\\/\\\/rightturnsupply.com\\\/es\\\/#website\",\"url\":\"https:\\\/\\\/rightturnsupply.com\\\/es\\\/\",\"name\":\"Right Turn Supply\",\"description\":\"\",\"publisher\":{\"@id\":\"https:\\\/\\\/rightturnsupply.com\\\/es\\\/#organization\"},\"potentialAction\":[{\"@type\":\"SearchAction\",\"target\":{\"@type\":\"EntryPoint\",\"urlTemplate\":\"https:\\\/\\\/rightturnsupply.com\\\/es\\\/?s={search_term_string}\"},\"query-input\":{\"@type\":\"PropertyValueSpecification\",\"valueRequired\":true,\"valueName\":\"search_term_string\"}}],\"inLanguage\":\"es\"},{\"@type\":\"Organization\",\"@id\":\"https:\\\/\\\/rightturnsupply.com\\\/es\\\/#organization\",\"name\":\"Suministro de giro a la derecha\",\"url\":\"https:\\\/\\\/rightturnsupply.com\\\/es\\\/\",\"logo\":{\"@type\":\"ImageObject\",\"inLanguage\":\"es\",\"@id\":\"https:\\\/\\\/rightturnsupply.com\\\/es\\\/#\\\/schema\\\/logo\\\/image\\\/\",\"url\":\"https:\\\/\\\/rightturnsupply.com\\\/wp-content\\\/uploads\\\/2024\\\/04\\\/RTS.png\",\"contentUrl\":\"https:\\\/\\\/rightturnsupply.com\\\/wp-content\\\/uploads\\\/2024\\\/04\\\/RTS.png\",\"width\":436,\"height\":255,\"caption\":\"Suministro de giro a la derecha\"},\"image\":{\"@id\":\"https:\\\/\\\/rightturnsupply.com\\\/es\\\/#\\\/schema\\\/logo\\\/image\\\/\"},\"sameAs\":[\"https:\\\/\\\/www.facebook.com\\\/RightTurnSupply\",\"https:\\\/\\\/www.instagram.com\\\/RightTurnSupply\\\/\",\"https:\\\/\\\/www.linkedin.com\\\/company\\\/11219426\\\/\",\"https:\\\/\\\/www.youtube.com\\\/channel\\\/UCNXnAe0vHuufUiXimiXGaqA\"]}]}<\/script>\n<!-- \/ Yoast SEO plugin. -->","yoast_head_json":{"title":"Comandante Cobble - Right Turn Supply","robots":{"index":"index","follow":"follow","max-snippet":"max-snippet:-1","max-image-preview":"max-image-preview:large","max-video-preview":"max-video-preview:-1"},"canonical":"https:\/\/rightturnsupply.com\/es\/producto\/comandante-cobble\/","og_locale":"es_ES","og_type":"article","og_title":"Comandante Cobble - Right Turn Supply","og_description":"Este fluido de perforaci\u00f3n HDD \u00fanico en su clase a\u00fan no ha encontrado un trabajo que no pueda realizar. El COBBLE COMMANDER aumenta la capacidad del fluido de perforaci\u00f3n para arrastrar los recortes sin afectar dr\u00e1sticamente a la viscosidad. En conjunto, el COBBLE COMMANDER permite perforar con m\u00e1s eficacia y transportar m\u00e1s recortes, lo que demuestra la eficacia y la calidad de la f\u00f3rmula.","og_url":"https:\/\/rightturnsupply.com\/es\/producto\/comandante-cobble\/","og_site_name":"Right Turn Supply","article_publisher":"https:\/\/www.facebook.com\/RightTurnSupply","article_modified_time":"2025-04-25T23:15:19+00:00","og_image":[{"width":1000,"height":1000,"url":"https:\/\/rightturnsupply.com\/wp-content\/uploads\/2024\/06\/Cobble-Commander-min.jpg","type":"image\/jpeg"}],"twitter_card":"summary_large_image","twitter_misc":{"Tiempo de lectura":"1 minuto"},"schema":{"@context":"https:\/\/schema.org","@graph":[{"@type":"WebPage","@id":"https:\/\/rightturnsupply.com\/es\/producto\/comandante-cobble\/","url":"https:\/\/rightturnsupply.com\/es\/producto\/comandante-cobble\/","name":"Comandante Cobble - Right Turn Supply","isPartOf":{"@id":"https:\/\/rightturnsupply.com\/es\/#website"},"primaryImageOfPage":{"@id":"https:\/\/rightturnsupply.com\/es\/producto\/comandante-cobble\/#primaryimage"},"image":{"@id":"https:\/\/rightturnsupply.com\/es\/producto\/comandante-cobble\/#primaryimage"},"thumbnailUrl":"https:\/\/rightturnsupply.com\/wp-content\/uploads\/2024\/06\/Cobble-Commander-min.jpg","datePublished":"2024-06-11T20:09:24+00:00","dateModified":"2025-04-25T23:15:19+00:00","breadcrumb":{"@id":"https:\/\/rightturnsupply.com\/es\/producto\/comandante-cobble\/#breadcrumb"},"inLanguage":"es","potentialAction":[{"@type":"ReadAction","target":["https:\/\/rightturnsupply.com\/es\/producto\/comandante-cobble\/"]}]},{"@type":"ImageObject","inLanguage":"es","@id":"https:\/\/rightturnsupply.com\/es\/producto\/comandante-cobble\/#primaryimage","url":"https:\/\/rightturnsupply.com\/wp-content\/uploads\/2024\/06\/Cobble-Commander-min.jpg","contentUrl":"https:\/\/rightturnsupply.com\/wp-content\/uploads\/2024\/06\/Cobble-Commander-min.jpg","width":1000,"height":1000,"caption":"Comandante Cobble"},{"@type":"BreadcrumbList","@id":"https:\/\/rightturnsupply.com\/es\/producto\/comandante-cobble\/#breadcrumb","itemListElement":[{"@type":"ListItem","position":1,"name":"Tienda","item":"https:\/\/rightturnsupply.com\/es\/tienda\/"},{"@type":"ListItem","position":2,"name":"Fluids","item":"https:\/\/rightturnsupply.com\/es\/categoria-producto\/fluids-es\/"},{"@type":"ListItem","position":3,"name":"Fluidos de perforaci\u00f3n\/Aditivos","item":"https:\/\/rightturnsupply.com\/es\/categoria-producto\/fluids-es\/fluidos-de-perforacion-aditivos\/"},{"@type":"ListItem","position":4,"name":"Comandante Cobble"}]},{"@type":"WebSite","@id":"https:\/\/rightturnsupply.com\/es\/#website","url":"https:\/\/rightturnsupply.com\/es\/","name":"Right Turn Supply","description":"","publisher":{"@id":"https:\/\/rightturnsupply.com\/es\/#organization"},"potentialAction":[{"@type":"SearchAction","target":{"@type":"EntryPoint","urlTemplate":"https:\/\/rightturnsupply.com\/es\/?s={search_term_string}"},"query-input":{"@type":"PropertyValueSpecification","valueRequired":true,"valueName":"search_term_string"}}],"inLanguage":"es"},{"@type":"Organization","@id":"https:\/\/rightturnsupply.com\/es\/#organization","name":"Suministro de giro a la derecha","url":"https:\/\/rightturnsupply.com\/es\/","logo":{"@type":"ImageObject","inLanguage":"es","@id":"https:\/\/rightturnsupply.com\/es\/#\/schema\/logo\/image\/","url":"https:\/\/rightturnsupply.com\/wp-content\/uploads\/2024\/04\/RTS.png","contentUrl":"https:\/\/rightturnsupply.com\/wp-content\/uploads\/2024\/04\/RTS.png","width":436,"height":255,"caption":"Suministro de giro a la derecha"},"image":{"@id":"https:\/\/rightturnsupply.com\/es\/#\/schema\/logo\/image\/"},"sameAs":["https:\/\/www.facebook.com\/RightTurnSupply","https:\/\/www.instagram.com\/RightTurnSupply\/","https:\/\/www.linkedin.com\/company\/11219426\/","https:\/\/www.youtube.com\/channel\/UCNXnAe0vHuufUiXimiXGaqA"]}]}},"acf":[],"_links":{"self":[{"href":"https:\/\/rightturnsupply.com\/es\/wp-json\/wp\/v2\/product\/4847","targetHints":{"allow":["GET"]}}],"collection":[{"href":"https:\/\/rightturnsupply.com\/es\/wp-json\/wp\/v2\/product"}],"about":[{"href":"https:\/\/rightturnsupply.com\/es\/wp-json\/wp\/v2\/types\/product"}],"replies":[{"embeddable":true,"href":"https:\/\/rightturnsupply.com\/es\/wp-json\/wp\/v2\/comments?post=4847"}],"wp:featuredmedia":[{"embeddable":true,"href":"https:\/\/rightturnsupply.com\/es\/wp-json\/wp\/v2\/media\/4345"}],"wp:attachment":[{"href":"https:\/\/rightturnsupply.com\/es\/wp-json\/wp\/v2\/media?parent=4847"}],"wp:term":[{"taxonomy":"product_brand","embeddable":true,"href":"https:\/\/rightturnsupply.com\/es\/wp-json\/wp\/v2\/product_brand?post=4847"},{"taxonomy":"product_cat","embeddable":true,"href":"https:\/\/rightturnsupply.com\/es\/wp-json\/wp\/v2\/product_cat?post=4847"},{"taxonomy":"product_tag","embeddable":true,"href":"https:\/\/rightturnsupply.com\/es\/wp-json\/wp\/v2\/product_tag?post=4847"}],"curies":[{"name":"wp","href":"https:\/\/api.w.org\/{rel}","templated":true}]}}