{"id":4814,"date":"2024-07-01T12:57:19","date_gmt":"2024-07-01T17:57:19","guid":{"rendered":"https:\/\/rightturnsupply.com\/product\/fuerza-pac-r\/"},"modified":"2025-04-22T13:09:03","modified_gmt":"2025-04-22T18:09:03","slug":"fuerza-pac-r","status":"publish","type":"product","link":"https:\/\/rightturnsupply.com\/es\/producto\/fuerza-pac-r\/","title":{"rendered":"Fuerza Pac R"},"content":{"rendered":"","protected":false},"excerpt":{"rendered":"<p>PAC R FORCE es un aditivo de celulosa poliani\u00f3nica patentado, de gran pureza y calidad, utilizado para el control reol\u00f3gico y de la p\u00e9rdida de fluido en los fluidos de perforaci\u00f3n. Es eficaz para controlar la p\u00e9rdida de fluido con un aumento m\u00ednimo de la viscosidad. Tambi\u00e9n mejora la calidad de la torta de filtraci\u00f3n en sistemas de fluidos de perforaci\u00f3n base agua. PAC R FORCE es ideal para sistemas de fluidos de perforaci\u00f3n que requieren un control estricto de la filtraci\u00f3n y propiedades reol\u00f3gicas bajas.   <\/p>\n","protected":false},"featured_media":4361,"comment_status":"open","ping_status":"closed","template":"","meta":{"_acf_changed":false,"inline_featured_image":false},"product_brand":[],"product_cat":[194,170,171],"product_tag":[218],"class_list":{"0":"post-4814","1":"product","2":"type-product","3":"status-publish","4":"has-post-thumbnail","6":"product_cat-filtracion-perdida-de-agua","7":"product_cat-fluidos-de-perforacion-nsf","8":"product_cat-fluidos-de-perforacion-aditivos","9":"product_tag-aditivos-de-perdida-de-fluido","10":"pa_ground-conditions-arcilla","11":"pa_ground-conditions-arena","12":"pa_ground-conditions-roca-cobble","13":"pa_industry-hdd-maxi-rig","14":"pa_industry-hdd-utilidad","15":"pa_industry-mineria","16":"pa_industry-pozo-de-agua","18":"first","19":"instock","20":"taxable","21":"shipping-taxable","22":"product-type-simple"},"yoast_head":"<!-- This site is optimized with the Yoast SEO plugin v27.2 - https:\/\/yoast.com\/product\/yoast-seo-wordpress\/ -->\n<title>Fuerza Pac R - Right Turn Supply<\/title>\n<meta name=\"robots\" content=\"index, follow, max-snippet:-1, max-image-preview:large, max-video-preview:-1\" \/>\n<link rel=\"canonical\" href=\"https:\/\/rightturnsupply.com\/es\/producto\/fuerza-pac-r\/\" \/>\n<meta property=\"og:locale\" content=\"es_ES\" \/>\n<meta property=\"og:type\" content=\"article\" \/>\n<meta property=\"og:title\" content=\"Fuerza Pac R - Right Turn Supply\" \/>\n<meta property=\"og:description\" content=\"PAC R FORCE es un aditivo de celulosa poliani\u00f3nica patentado, de gran pureza y calidad, utilizado para el control reol\u00f3gico y de la p\u00e9rdida de fluido en los fluidos de perforaci\u00f3n. Es eficaz para controlar la p\u00e9rdida de fluido con un aumento m\u00ednimo de la viscosidad. Tambi\u00e9n mejora la calidad de la torta de filtraci\u00f3n en sistemas de fluidos de perforaci\u00f3n base agua. PAC R FORCE es ideal para sistemas de fluidos de perforaci\u00f3n que requieren un control estricto de la filtraci\u00f3n y propiedades reol\u00f3gicas bajas.\" \/>\n<meta property=\"og:url\" content=\"https:\/\/rightturnsupply.com\/es\/producto\/fuerza-pac-r\/\" \/>\n<meta property=\"og:site_name\" content=\"Right Turn Supply\" \/>\n<meta property=\"article:publisher\" content=\"https:\/\/www.facebook.com\/RightTurnSupply\" \/>\n<meta property=\"article:modified_time\" content=\"2025-04-22T18:09:03+00:00\" \/>\n<meta property=\"og:image\" content=\"https:\/\/rightturnsupply.com\/wp-content\/uploads\/2024\/07\/PAC-R-Force-min.jpg\" \/>\n\t<meta property=\"og:image:width\" content=\"1000\" \/>\n\t<meta property=\"og:image:height\" content=\"1000\" \/>\n\t<meta property=\"og:image:type\" content=\"image\/jpeg\" \/>\n<meta name=\"twitter:card\" content=\"summary_large_image\" \/>\n<script type=\"application\/ld+json\" class=\"yoast-schema-graph\">{\"@context\":\"https:\/\/schema.org\",\"@graph\":[{\"@type\":\"WebPage\",\"@id\":\"https:\/\/rightturnsupply.com\/es\/producto\/fuerza-pac-r\/\",\"url\":\"https:\/\/rightturnsupply.com\/es\/producto\/fuerza-pac-r\/\",\"name\":\"Fuerza Pac R - Right Turn Supply\",\"isPartOf\":{\"@id\":\"https:\/\/rightturnsupply.com\/es\/#website\"},\"primaryImageOfPage\":{\"@id\":\"https:\/\/rightturnsupply.com\/es\/producto\/fuerza-pac-r\/#primaryimage\"},\"image\":{\"@id\":\"https:\/\/rightturnsupply.com\/es\/producto\/fuerza-pac-r\/#primaryimage\"},\"thumbnailUrl\":\"https:\/\/rightturnsupply.com\/wp-content\/uploads\/2024\/07\/PAC-R-Force-min.jpg\",\"datePublished\":\"2024-07-01T17:57:19+00:00\",\"dateModified\":\"2025-04-22T18:09:03+00:00\",\"breadcrumb\":{\"@id\":\"https:\/\/rightturnsupply.com\/es\/producto\/fuerza-pac-r\/#breadcrumb\"},\"inLanguage\":\"es\",\"potentialAction\":[{\"@type\":\"ReadAction\",\"target\":[\"https:\/\/rightturnsupply.com\/es\/producto\/fuerza-pac-r\/\"]}]},{\"@type\":\"ImageObject\",\"inLanguage\":\"es\",\"@id\":\"https:\/\/rightturnsupply.com\/es\/producto\/fuerza-pac-r\/#primaryimage\",\"url\":\"https:\/\/rightturnsupply.com\/wp-content\/uploads\/2024\/07\/PAC-R-Force-min.jpg\",\"contentUrl\":\"https:\/\/rightturnsupply.com\/wp-content\/uploads\/2024\/07\/PAC-R-Force-min.jpg\",\"width\":1000,\"height\":1000,\"caption\":\"Fuerza Pac R\"},{\"@type\":\"BreadcrumbList\",\"@id\":\"https:\/\/rightturnsupply.com\/es\/producto\/fuerza-pac-r\/#breadcrumb\",\"itemListElement\":[{\"@type\":\"ListItem\",\"position\":1,\"name\":\"Tienda\",\"item\":\"https:\/\/rightturnsupply.com\/es\/tienda\/\"},{\"@type\":\"ListItem\",\"position\":2,\"name\":\"Fluids\",\"item\":\"https:\/\/rightturnsupply.com\/es\/categoria-producto\/fluids-es\/\"},{\"@type\":\"ListItem\",\"position\":3,\"name\":\"Fluidos de perforaci\u00f3n\/Aditivos\",\"item\":\"https:\/\/rightturnsupply.com\/es\/categoria-producto\/fluids-es\/fluidos-de-perforacion-aditivos\/\"},{\"@type\":\"ListItem\",\"position\":4,\"name\":\"Fuerza Pac R\"}]},{\"@type\":\"WebSite\",\"@id\":\"https:\/\/rightturnsupply.com\/es\/#website\",\"url\":\"https:\/\/rightturnsupply.com\/es\/\",\"name\":\"Right Turn Supply\",\"description\":\"\",\"publisher\":{\"@id\":\"https:\/\/rightturnsupply.com\/es\/#organization\"},\"potentialAction\":[{\"@type\":\"SearchAction\",\"target\":{\"@type\":\"EntryPoint\",\"urlTemplate\":\"https:\/\/rightturnsupply.com\/es\/?s={search_term_string}\"},\"query-input\":{\"@type\":\"PropertyValueSpecification\",\"valueRequired\":true,\"valueName\":\"search_term_string\"}}],\"inLanguage\":\"es\"},{\"@type\":\"Organization\",\"@id\":\"https:\/\/rightturnsupply.com\/es\/#organization\",\"name\":\"Suministro de giro a la derecha\",\"url\":\"https:\/\/rightturnsupply.com\/es\/\",\"logo\":{\"@type\":\"ImageObject\",\"inLanguage\":\"es\",\"@id\":\"https:\/\/rightturnsupply.com\/es\/#\/schema\/logo\/image\/\",\"url\":\"https:\/\/rightturnsupply.com\/wp-content\/uploads\/2024\/04\/RTS.png\",\"contentUrl\":\"https:\/\/rightturnsupply.com\/wp-content\/uploads\/2024\/04\/RTS.png\",\"width\":436,\"height\":255,\"caption\":\"Suministro de giro a la derecha\"},\"image\":{\"@id\":\"https:\/\/rightturnsupply.com\/es\/#\/schema\/logo\/image\/\"},\"sameAs\":[\"https:\/\/www.facebook.com\/RightTurnSupply\",\"https:\/\/www.instagram.com\/RightTurnSupply\/\",\"https:\/\/www.linkedin.com\/company\/11219426\/\",\"https:\/\/www.youtube.com\/channel\/UCNXnAe0vHuufUiXimiXGaqA\"]}]}<\/script>\n<!-- \/ Yoast SEO plugin. -->","yoast_head_json":{"title":"Fuerza Pac R - Right Turn Supply","robots":{"index":"index","follow":"follow","max-snippet":"max-snippet:-1","max-image-preview":"max-image-preview:large","max-video-preview":"max-video-preview:-1"},"canonical":"https:\/\/rightturnsupply.com\/es\/producto\/fuerza-pac-r\/","og_locale":"es_ES","og_type":"article","og_title":"Fuerza Pac R - Right Turn Supply","og_description":"PAC R FORCE es un aditivo de celulosa poliani\u00f3nica patentado, de gran pureza y calidad, utilizado para el control reol\u00f3gico y de la p\u00e9rdida de fluido en los fluidos de perforaci\u00f3n. Es eficaz para controlar la p\u00e9rdida de fluido con un aumento m\u00ednimo de la viscosidad. Tambi\u00e9n mejora la calidad de la torta de filtraci\u00f3n en sistemas de fluidos de perforaci\u00f3n base agua. PAC R FORCE es ideal para sistemas de fluidos de perforaci\u00f3n que requieren un control estricto de la filtraci\u00f3n y propiedades reol\u00f3gicas bajas.","og_url":"https:\/\/rightturnsupply.com\/es\/producto\/fuerza-pac-r\/","og_site_name":"Right Turn Supply","article_publisher":"https:\/\/www.facebook.com\/RightTurnSupply","article_modified_time":"2025-04-22T18:09:03+00:00","og_image":[{"width":1000,"height":1000,"url":"https:\/\/rightturnsupply.com\/wp-content\/uploads\/2024\/07\/PAC-R-Force-min.jpg","type":"image\/jpeg"}],"twitter_card":"summary_large_image","schema":{"@context":"https:\/\/schema.org","@graph":[{"@type":"WebPage","@id":"https:\/\/rightturnsupply.com\/es\/producto\/fuerza-pac-r\/","url":"https:\/\/rightturnsupply.com\/es\/producto\/fuerza-pac-r\/","name":"Fuerza Pac R - Right Turn Supply","isPartOf":{"@id":"https:\/\/rightturnsupply.com\/es\/#website"},"primaryImageOfPage":{"@id":"https:\/\/rightturnsupply.com\/es\/producto\/fuerza-pac-r\/#primaryimage"},"image":{"@id":"https:\/\/rightturnsupply.com\/es\/producto\/fuerza-pac-r\/#primaryimage"},"thumbnailUrl":"https:\/\/rightturnsupply.com\/wp-content\/uploads\/2024\/07\/PAC-R-Force-min.jpg","datePublished":"2024-07-01T17:57:19+00:00","dateModified":"2025-04-22T18:09:03+00:00","breadcrumb":{"@id":"https:\/\/rightturnsupply.com\/es\/producto\/fuerza-pac-r\/#breadcrumb"},"inLanguage":"es","potentialAction":[{"@type":"ReadAction","target":["https:\/\/rightturnsupply.com\/es\/producto\/fuerza-pac-r\/"]}]},{"@type":"ImageObject","inLanguage":"es","@id":"https:\/\/rightturnsupply.com\/es\/producto\/fuerza-pac-r\/#primaryimage","url":"https:\/\/rightturnsupply.com\/wp-content\/uploads\/2024\/07\/PAC-R-Force-min.jpg","contentUrl":"https:\/\/rightturnsupply.com\/wp-content\/uploads\/2024\/07\/PAC-R-Force-min.jpg","width":1000,"height":1000,"caption":"Fuerza Pac R"},{"@type":"BreadcrumbList","@id":"https:\/\/rightturnsupply.com\/es\/producto\/fuerza-pac-r\/#breadcrumb","itemListElement":[{"@type":"ListItem","position":1,"name":"Tienda","item":"https:\/\/rightturnsupply.com\/es\/tienda\/"},{"@type":"ListItem","position":2,"name":"Fluids","item":"https:\/\/rightturnsupply.com\/es\/categoria-producto\/fluids-es\/"},{"@type":"ListItem","position":3,"name":"Fluidos de perforaci\u00f3n\/Aditivos","item":"https:\/\/rightturnsupply.com\/es\/categoria-producto\/fluids-es\/fluidos-de-perforacion-aditivos\/"},{"@type":"ListItem","position":4,"name":"Fuerza Pac R"}]},{"@type":"WebSite","@id":"https:\/\/rightturnsupply.com\/es\/#website","url":"https:\/\/rightturnsupply.com\/es\/","name":"Right Turn Supply","description":"","publisher":{"@id":"https:\/\/rightturnsupply.com\/es\/#organization"},"potentialAction":[{"@type":"SearchAction","target":{"@type":"EntryPoint","urlTemplate":"https:\/\/rightturnsupply.com\/es\/?s={search_term_string}"},"query-input":{"@type":"PropertyValueSpecification","valueRequired":true,"valueName":"search_term_string"}}],"inLanguage":"es"},{"@type":"Organization","@id":"https:\/\/rightturnsupply.com\/es\/#organization","name":"Suministro de giro a la derecha","url":"https:\/\/rightturnsupply.com\/es\/","logo":{"@type":"ImageObject","inLanguage":"es","@id":"https:\/\/rightturnsupply.com\/es\/#\/schema\/logo\/image\/","url":"https:\/\/rightturnsupply.com\/wp-content\/uploads\/2024\/04\/RTS.png","contentUrl":"https:\/\/rightturnsupply.com\/wp-content\/uploads\/2024\/04\/RTS.png","width":436,"height":255,"caption":"Suministro de giro a la derecha"},"image":{"@id":"https:\/\/rightturnsupply.com\/es\/#\/schema\/logo\/image\/"},"sameAs":["https:\/\/www.facebook.com\/RightTurnSupply","https:\/\/www.instagram.com\/RightTurnSupply\/","https:\/\/www.linkedin.com\/company\/11219426\/","https:\/\/www.youtube.com\/channel\/UCNXnAe0vHuufUiXimiXGaqA"]}]}},"acf":[],"_links":{"self":[{"href":"https:\/\/rightturnsupply.com\/es\/wp-json\/wp\/v2\/product\/4814","targetHints":{"allow":["GET"]}}],"collection":[{"href":"https:\/\/rightturnsupply.com\/es\/wp-json\/wp\/v2\/product"}],"about":[{"href":"https:\/\/rightturnsupply.com\/es\/wp-json\/wp\/v2\/types\/product"}],"replies":[{"embeddable":true,"href":"https:\/\/rightturnsupply.com\/es\/wp-json\/wp\/v2\/comments?post=4814"}],"wp:featuredmedia":[{"embeddable":true,"href":"https:\/\/rightturnsupply.com\/es\/wp-json\/wp\/v2\/media\/4361"}],"wp:attachment":[{"href":"https:\/\/rightturnsupply.com\/es\/wp-json\/wp\/v2\/media?parent=4814"}],"wp:term":[{"taxonomy":"product_brand","embeddable":true,"href":"https:\/\/rightturnsupply.com\/es\/wp-json\/wp\/v2\/product_brand?post=4814"},{"taxonomy":"product_cat","embeddable":true,"href":"https:\/\/rightturnsupply.com\/es\/wp-json\/wp\/v2\/product_cat?post=4814"},{"taxonomy":"product_tag","embeddable":true,"href":"https:\/\/rightturnsupply.com\/es\/wp-json\/wp\/v2\/product_tag?post=4814"}],"curies":[{"name":"wp","href":"https:\/\/api.w.org\/{rel}","templated":true}]}}