{"id":4795,"date":"2024-07-01T15:20:43","date_gmt":"2024-07-01T20:20:43","guid":{"rendered":"https:\/\/rightturnsupply.com\/product\/poly-force-lv\/"},"modified":"2025-04-22T13:25:15","modified_gmt":"2025-04-22T18:25:15","slug":"poly-force-lv","status":"publish","type":"product","link":"https:\/\/rightturnsupply.com\/es\/producto\/poly-force-lv\/","title":{"rendered":"Poly Force LV"},"content":{"rendered":"","protected":false},"excerpt":{"rendered":"<p>POLY FORCE LV es un pol\u00edmero de bajo peso molecular dise\u00f1ado para encapsular los recortes, inhibir la dispersi\u00f3n de arcilla y proporcionar una viscosidad m\u00ednima. Al ser un pol\u00edmero de bajo peso molecular, puede pasar por las mallas finas de las zarandas sin cegarse. <\/p>\n","protected":false},"featured_media":4409,"comment_status":"open","ping_status":"closed","template":"","meta":{"_acf_changed":false,"inline_featured_image":false},"product_brand":[],"product_cat":[170,171,172,177],"product_tag":[174],"class_list":{"0":"post-4795","1":"product","2":"type-product","3":"status-publish","4":"has-post-thumbnail","6":"product_cat-fluidos-de-perforacion-nsf","7":"product_cat-fluidos-de-perforacion-aditivos","8":"product_cat-inhibidores-de-arcilla-y-esquisto","9":"product_cat-viscosificadores-reologia","10":"product_tag-viscosificadores-reologia","11":"pa_ground-conditions-arcilla","12":"pa_industry-hdd-maxi-rig","13":"pa_industry-hdd-utilidad","14":"pa_industry-mineria","15":"pa_industry-pozo-de-agua","17":"first","18":"instock","19":"taxable","20":"shipping-taxable","21":"product-type-simple"},"yoast_head":"<!-- This site is optimized with the Yoast SEO plugin v27.2 - https:\/\/yoast.com\/product\/yoast-seo-wordpress\/ -->\n<title>Poly Force LV - Right Turn Supply<\/title>\n<meta name=\"robots\" content=\"index, follow, max-snippet:-1, max-image-preview:large, max-video-preview:-1\" \/>\n<link rel=\"canonical\" href=\"https:\/\/rightturnsupply.com\/es\/producto\/poly-force-lv\/\" \/>\n<meta property=\"og:locale\" content=\"es_ES\" \/>\n<meta property=\"og:type\" content=\"article\" \/>\n<meta property=\"og:title\" content=\"Poly Force LV - Right Turn Supply\" \/>\n<meta property=\"og:description\" content=\"POLY FORCE LV es un pol\u00edmero de bajo peso molecular dise\u00f1ado para encapsular los recortes, inhibir la dispersi\u00f3n de arcilla y proporcionar una viscosidad m\u00ednima. Al ser un pol\u00edmero de bajo peso molecular, puede pasar por las mallas finas de las zarandas sin cegarse.\" \/>\n<meta property=\"og:url\" content=\"https:\/\/rightturnsupply.com\/es\/producto\/poly-force-lv\/\" \/>\n<meta property=\"og:site_name\" content=\"Right Turn Supply\" \/>\n<meta property=\"article:publisher\" content=\"https:\/\/www.facebook.com\/RightTurnSupply\" \/>\n<meta property=\"article:modified_time\" content=\"2025-04-22T18:25:15+00:00\" \/>\n<meta property=\"og:image\" content=\"https:\/\/rightturnsupply.com\/wp-content\/uploads\/2024\/06\/poly-force-lv.jpg\" \/>\n\t<meta property=\"og:image:width\" content=\"1000\" \/>\n\t<meta property=\"og:image:height\" content=\"1000\" \/>\n\t<meta property=\"og:image:type\" content=\"image\/jpeg\" \/>\n<meta name=\"twitter:card\" content=\"summary_large_image\" \/>\n<script type=\"application\/ld+json\" class=\"yoast-schema-graph\">{\"@context\":\"https:\/\/schema.org\",\"@graph\":[{\"@type\":\"WebPage\",\"@id\":\"https:\/\/rightturnsupply.com\/es\/producto\/poly-force-lv\/\",\"url\":\"https:\/\/rightturnsupply.com\/es\/producto\/poly-force-lv\/\",\"name\":\"Poly Force LV - Right Turn Supply\",\"isPartOf\":{\"@id\":\"https:\/\/rightturnsupply.com\/es\/#website\"},\"primaryImageOfPage\":{\"@id\":\"https:\/\/rightturnsupply.com\/es\/producto\/poly-force-lv\/#primaryimage\"},\"image\":{\"@id\":\"https:\/\/rightturnsupply.com\/es\/producto\/poly-force-lv\/#primaryimage\"},\"thumbnailUrl\":\"https:\/\/rightturnsupply.com\/wp-content\/uploads\/2024\/06\/poly-force-lv.jpg\",\"datePublished\":\"2024-07-01T20:20:43+00:00\",\"dateModified\":\"2025-04-22T18:25:15+00:00\",\"breadcrumb\":{\"@id\":\"https:\/\/rightturnsupply.com\/es\/producto\/poly-force-lv\/#breadcrumb\"},\"inLanguage\":\"es\",\"potentialAction\":[{\"@type\":\"ReadAction\",\"target\":[\"https:\/\/rightturnsupply.com\/es\/producto\/poly-force-lv\/\"]}]},{\"@type\":\"ImageObject\",\"inLanguage\":\"es\",\"@id\":\"https:\/\/rightturnsupply.com\/es\/producto\/poly-force-lv\/#primaryimage\",\"url\":\"https:\/\/rightturnsupply.com\/wp-content\/uploads\/2024\/06\/poly-force-lv.jpg\",\"contentUrl\":\"https:\/\/rightturnsupply.com\/wp-content\/uploads\/2024\/06\/poly-force-lv.jpg\",\"width\":1000,\"height\":1000,\"caption\":\"POLY FORCE LV\"},{\"@type\":\"BreadcrumbList\",\"@id\":\"https:\/\/rightturnsupply.com\/es\/producto\/poly-force-lv\/#breadcrumb\",\"itemListElement\":[{\"@type\":\"ListItem\",\"position\":1,\"name\":\"Tienda\",\"item\":\"https:\/\/rightturnsupply.com\/es\/tienda\/\"},{\"@type\":\"ListItem\",\"position\":2,\"name\":\"Fluids\",\"item\":\"https:\/\/rightturnsupply.com\/es\/categoria-producto\/fluids-es\/\"},{\"@type\":\"ListItem\",\"position\":3,\"name\":\"Fluidos de perforaci\u00f3n NSF\",\"item\":\"https:\/\/rightturnsupply.com\/es\/categoria-producto\/fluids-es\/fluidos-de-perforacion-nsf\/\"},{\"@type\":\"ListItem\",\"position\":4,\"name\":\"Poly Force LV\"}]},{\"@type\":\"WebSite\",\"@id\":\"https:\/\/rightturnsupply.com\/es\/#website\",\"url\":\"https:\/\/rightturnsupply.com\/es\/\",\"name\":\"Right Turn Supply\",\"description\":\"\",\"publisher\":{\"@id\":\"https:\/\/rightturnsupply.com\/es\/#organization\"},\"potentialAction\":[{\"@type\":\"SearchAction\",\"target\":{\"@type\":\"EntryPoint\",\"urlTemplate\":\"https:\/\/rightturnsupply.com\/es\/?s={search_term_string}\"},\"query-input\":{\"@type\":\"PropertyValueSpecification\",\"valueRequired\":true,\"valueName\":\"search_term_string\"}}],\"inLanguage\":\"es\"},{\"@type\":\"Organization\",\"@id\":\"https:\/\/rightturnsupply.com\/es\/#organization\",\"name\":\"Suministro de giro a la derecha\",\"url\":\"https:\/\/rightturnsupply.com\/es\/\",\"logo\":{\"@type\":\"ImageObject\",\"inLanguage\":\"es\",\"@id\":\"https:\/\/rightturnsupply.com\/es\/#\/schema\/logo\/image\/\",\"url\":\"https:\/\/rightturnsupply.com\/wp-content\/uploads\/2024\/04\/RTS.png\",\"contentUrl\":\"https:\/\/rightturnsupply.com\/wp-content\/uploads\/2024\/04\/RTS.png\",\"width\":436,\"height\":255,\"caption\":\"Suministro de giro a la derecha\"},\"image\":{\"@id\":\"https:\/\/rightturnsupply.com\/es\/#\/schema\/logo\/image\/\"},\"sameAs\":[\"https:\/\/www.facebook.com\/RightTurnSupply\",\"https:\/\/www.instagram.com\/RightTurnSupply\/\",\"https:\/\/www.linkedin.com\/company\/11219426\/\",\"https:\/\/www.youtube.com\/channel\/UCNXnAe0vHuufUiXimiXGaqA\"]}]}<\/script>\n<!-- \/ Yoast SEO plugin. -->","yoast_head_json":{"title":"Poly Force LV - Right Turn Supply","robots":{"index":"index","follow":"follow","max-snippet":"max-snippet:-1","max-image-preview":"max-image-preview:large","max-video-preview":"max-video-preview:-1"},"canonical":"https:\/\/rightturnsupply.com\/es\/producto\/poly-force-lv\/","og_locale":"es_ES","og_type":"article","og_title":"Poly Force LV - Right Turn Supply","og_description":"POLY FORCE LV es un pol\u00edmero de bajo peso molecular dise\u00f1ado para encapsular los recortes, inhibir la dispersi\u00f3n de arcilla y proporcionar una viscosidad m\u00ednima. Al ser un pol\u00edmero de bajo peso molecular, puede pasar por las mallas finas de las zarandas sin cegarse.","og_url":"https:\/\/rightturnsupply.com\/es\/producto\/poly-force-lv\/","og_site_name":"Right Turn Supply","article_publisher":"https:\/\/www.facebook.com\/RightTurnSupply","article_modified_time":"2025-04-22T18:25:15+00:00","og_image":[{"width":1000,"height":1000,"url":"https:\/\/rightturnsupply.com\/wp-content\/uploads\/2024\/06\/poly-force-lv.jpg","type":"image\/jpeg"}],"twitter_card":"summary_large_image","schema":{"@context":"https:\/\/schema.org","@graph":[{"@type":"WebPage","@id":"https:\/\/rightturnsupply.com\/es\/producto\/poly-force-lv\/","url":"https:\/\/rightturnsupply.com\/es\/producto\/poly-force-lv\/","name":"Poly Force LV - Right Turn Supply","isPartOf":{"@id":"https:\/\/rightturnsupply.com\/es\/#website"},"primaryImageOfPage":{"@id":"https:\/\/rightturnsupply.com\/es\/producto\/poly-force-lv\/#primaryimage"},"image":{"@id":"https:\/\/rightturnsupply.com\/es\/producto\/poly-force-lv\/#primaryimage"},"thumbnailUrl":"https:\/\/rightturnsupply.com\/wp-content\/uploads\/2024\/06\/poly-force-lv.jpg","datePublished":"2024-07-01T20:20:43+00:00","dateModified":"2025-04-22T18:25:15+00:00","breadcrumb":{"@id":"https:\/\/rightturnsupply.com\/es\/producto\/poly-force-lv\/#breadcrumb"},"inLanguage":"es","potentialAction":[{"@type":"ReadAction","target":["https:\/\/rightturnsupply.com\/es\/producto\/poly-force-lv\/"]}]},{"@type":"ImageObject","inLanguage":"es","@id":"https:\/\/rightturnsupply.com\/es\/producto\/poly-force-lv\/#primaryimage","url":"https:\/\/rightturnsupply.com\/wp-content\/uploads\/2024\/06\/poly-force-lv.jpg","contentUrl":"https:\/\/rightturnsupply.com\/wp-content\/uploads\/2024\/06\/poly-force-lv.jpg","width":1000,"height":1000,"caption":"POLY FORCE LV"},{"@type":"BreadcrumbList","@id":"https:\/\/rightturnsupply.com\/es\/producto\/poly-force-lv\/#breadcrumb","itemListElement":[{"@type":"ListItem","position":1,"name":"Tienda","item":"https:\/\/rightturnsupply.com\/es\/tienda\/"},{"@type":"ListItem","position":2,"name":"Fluids","item":"https:\/\/rightturnsupply.com\/es\/categoria-producto\/fluids-es\/"},{"@type":"ListItem","position":3,"name":"Fluidos de perforaci\u00f3n NSF","item":"https:\/\/rightturnsupply.com\/es\/categoria-producto\/fluids-es\/fluidos-de-perforacion-nsf\/"},{"@type":"ListItem","position":4,"name":"Poly Force LV"}]},{"@type":"WebSite","@id":"https:\/\/rightturnsupply.com\/es\/#website","url":"https:\/\/rightturnsupply.com\/es\/","name":"Right Turn Supply","description":"","publisher":{"@id":"https:\/\/rightturnsupply.com\/es\/#organization"},"potentialAction":[{"@type":"SearchAction","target":{"@type":"EntryPoint","urlTemplate":"https:\/\/rightturnsupply.com\/es\/?s={search_term_string}"},"query-input":{"@type":"PropertyValueSpecification","valueRequired":true,"valueName":"search_term_string"}}],"inLanguage":"es"},{"@type":"Organization","@id":"https:\/\/rightturnsupply.com\/es\/#organization","name":"Suministro de giro a la derecha","url":"https:\/\/rightturnsupply.com\/es\/","logo":{"@type":"ImageObject","inLanguage":"es","@id":"https:\/\/rightturnsupply.com\/es\/#\/schema\/logo\/image\/","url":"https:\/\/rightturnsupply.com\/wp-content\/uploads\/2024\/04\/RTS.png","contentUrl":"https:\/\/rightturnsupply.com\/wp-content\/uploads\/2024\/04\/RTS.png","width":436,"height":255,"caption":"Suministro de giro a la derecha"},"image":{"@id":"https:\/\/rightturnsupply.com\/es\/#\/schema\/logo\/image\/"},"sameAs":["https:\/\/www.facebook.com\/RightTurnSupply","https:\/\/www.instagram.com\/RightTurnSupply\/","https:\/\/www.linkedin.com\/company\/11219426\/","https:\/\/www.youtube.com\/channel\/UCNXnAe0vHuufUiXimiXGaqA"]}]}},"acf":[],"_links":{"self":[{"href":"https:\/\/rightturnsupply.com\/es\/wp-json\/wp\/v2\/product\/4795","targetHints":{"allow":["GET"]}}],"collection":[{"href":"https:\/\/rightturnsupply.com\/es\/wp-json\/wp\/v2\/product"}],"about":[{"href":"https:\/\/rightturnsupply.com\/es\/wp-json\/wp\/v2\/types\/product"}],"replies":[{"embeddable":true,"href":"https:\/\/rightturnsupply.com\/es\/wp-json\/wp\/v2\/comments?post=4795"}],"wp:featuredmedia":[{"embeddable":true,"href":"https:\/\/rightturnsupply.com\/es\/wp-json\/wp\/v2\/media\/4409"}],"wp:attachment":[{"href":"https:\/\/rightturnsupply.com\/es\/wp-json\/wp\/v2\/media?parent=4795"}],"wp:term":[{"taxonomy":"product_brand","embeddable":true,"href":"https:\/\/rightturnsupply.com\/es\/wp-json\/wp\/v2\/product_brand?post=4795"},{"taxonomy":"product_cat","embeddable":true,"href":"https:\/\/rightturnsupply.com\/es\/wp-json\/wp\/v2\/product_cat?post=4795"},{"taxonomy":"product_tag","embeddable":true,"href":"https:\/\/rightturnsupply.com\/es\/wp-json\/wp\/v2\/product_tag?post=4795"}],"curies":[{"name":"wp","href":"https:\/\/api.w.org\/{rel}","templated":true}]}}