{"id":4765,"date":"2024-07-01T17:02:19","date_gmt":"2024-07-01T22:02:19","guid":{"rendered":"https:\/\/rightturnsupply.com\/product\/granada-de-arena-xl\/"},"modified":"2025-04-22T13:43:16","modified_gmt":"2025-04-22T18:43:16","slug":"granada-de-arena-xl","status":"publish","type":"product","link":"https:\/\/rightturnsupply.com\/es\/producto\/granada-de-arena-xl\/","title":{"rendered":"Granada de arena XL"},"content":{"rendered":"<div class=\"wpb-content-wrapper\">[vc_row full_width=&#8221;stretch_row&#8221; disable_element=&#8221;yes&#8221; css=&#8221;.vc_custom_1721773926154{background-color: #a8c74c !important;}&#8221;][vc_column css=&#8221;.vc_custom_1712614593758{padding-top: 0px !important;}&#8221;][vc_empty_space height=&#8221;125px&#8221; el_class=&#8221;es-large&#8221;][vc_btn title=&#8221;Ficha de datos de seguridad&#8221; style=&#8221;custom&#8221; custom_background=&#8221;#000000&#8243; custom_text=&#8221;#ffffff&#8221; shape=&#8221;square&#8221; size=&#8221;lg&#8221; align=&#8221;center&#8221; css=&#8221;&#8221; link=&#8221;url:https%3A%2F%2Frightturnsupply.com%2Fwp-content%2Fuploads%2F2024%2F07%2FSand-Grenade-XL-SDS.pdf|target:_blank|&#8221;][\/vc_column][vc_column css=&#8221;.vc_custom_1712614587677{padding-top: 0px !important;}&#8221;][vc_empty_space height=&#8221;80px&#8221; el_class=&#8221;es-large&#8221;][\/vc_column][\/vc_row]\n<\/div>","protected":false},"excerpt":{"rendered":"<p>SAND GRENADE XL es una dispersi\u00f3n l\u00edquida ani\u00f3nica concentrada reductora de la fricci\u00f3n dise\u00f1ada para la fracturaci\u00f3n hidr\u00e1ulica con agua de deslizamiento de alta viscosidad\/h\u00edbrida, espec\u00edficamente en aguas salobres y salmueras con altos<br \/>\nTDS. Contiene un 60% de producto activo de una poliacrilamida ani\u00f3nica de alto rendimiento, que produce una viscosidad significativa en agua dulce y en salmueras con altos TDS y altas concentraciones de iones divalentes. <\/p>\n","protected":false},"featured_media":4367,"comment_status":"open","ping_status":"closed","template":"","meta":{"_acf_changed":false,"inline_featured_image":false},"product_brand":[],"product_cat":[194,171,177],"product_tag":[],"class_list":{"0":"post-4765","1":"product","2":"type-product","3":"status-publish","4":"has-post-thumbnail","6":"product_cat-filtracion-perdida-de-agua","7":"product_cat-fluidos-de-perforacion-aditivos","8":"product_cat-viscosificadores-reologia","9":"pa_ground-conditions-arcilla","10":"pa_ground-conditions-arena","11":"pa_ground-conditions-roca-cobble","12":"pa_industry-hdd-utilidad","14":"first","15":"instock","16":"taxable","17":"shipping-taxable","18":"product-type-simple"},"yoast_head":"<!-- This site is optimized with the Yoast SEO plugin v27.4 - https:\/\/yoast.com\/product\/yoast-seo-wordpress\/ -->\n<title>Granada de arena XL - Right Turn Supply<\/title>\n<meta name=\"robots\" content=\"index, follow, max-snippet:-1, max-image-preview:large, max-video-preview:-1\" \/>\n<link rel=\"canonical\" href=\"https:\/\/rightturnsupply.com\/es\/producto\/granada-de-arena-xl\/\" \/>\n<meta property=\"og:locale\" content=\"es_ES\" \/>\n<meta property=\"og:type\" content=\"article\" \/>\n<meta property=\"og:title\" content=\"Granada de arena XL - Right Turn Supply\" \/>\n<meta property=\"og:description\" content=\"SAND GRENADE XL es una dispersi\u00f3n l\u00edquida ani\u00f3nica concentrada reductora de la fricci\u00f3n dise\u00f1ada para la fracturaci\u00f3n hidr\u00e1ulica con agua de deslizamiento de alta viscosidad\/h\u00edbrida, espec\u00edficamente en aguas salobres y salmueras con altos TDS. Contiene un 60% de producto activo de una poliacrilamida ani\u00f3nica de alto rendimiento, que produce una viscosidad significativa en agua dulce y en salmueras con altos TDS y altas concentraciones de iones divalentes.\" \/>\n<meta property=\"og:url\" content=\"https:\/\/rightturnsupply.com\/es\/producto\/granada-de-arena-xl\/\" \/>\n<meta property=\"og:site_name\" content=\"Right Turn Supply\" \/>\n<meta property=\"article:publisher\" content=\"https:\/\/www.facebook.com\/RightTurnSupply\" \/>\n<meta property=\"article:modified_time\" content=\"2025-04-22T18:43:16+00:00\" \/>\n<meta property=\"og:image\" content=\"https:\/\/rightturnsupply.com\/wp-content\/uploads\/2024\/07\/Sand-Grenade-XL-min-1.jpg\" \/>\n\t<meta property=\"og:image:width\" content=\"1000\" \/>\n\t<meta property=\"og:image:height\" content=\"1000\" \/>\n\t<meta property=\"og:image:type\" content=\"image\/jpeg\" \/>\n<meta name=\"twitter:card\" content=\"summary_large_image\" \/>\n<script type=\"application\/ld+json\" class=\"yoast-schema-graph\">{\"@context\":\"https:\\\/\\\/schema.org\",\"@graph\":[{\"@type\":\"WebPage\",\"@id\":\"https:\\\/\\\/rightturnsupply.com\\\/es\\\/producto\\\/granada-de-arena-xl\\\/\",\"url\":\"https:\\\/\\\/rightturnsupply.com\\\/es\\\/producto\\\/granada-de-arena-xl\\\/\",\"name\":\"Granada de arena XL - Right Turn Supply\",\"isPartOf\":{\"@id\":\"https:\\\/\\\/rightturnsupply.com\\\/es\\\/#website\"},\"primaryImageOfPage\":{\"@id\":\"https:\\\/\\\/rightturnsupply.com\\\/es\\\/producto\\\/granada-de-arena-xl\\\/#primaryimage\"},\"image\":{\"@id\":\"https:\\\/\\\/rightturnsupply.com\\\/es\\\/producto\\\/granada-de-arena-xl\\\/#primaryimage\"},\"thumbnailUrl\":\"https:\\\/\\\/rightturnsupply.com\\\/wp-content\\\/uploads\\\/2024\\\/07\\\/Sand-Grenade-XL-min-1.jpg\",\"datePublished\":\"2024-07-01T22:02:19+00:00\",\"dateModified\":\"2025-04-22T18:43:16+00:00\",\"breadcrumb\":{\"@id\":\"https:\\\/\\\/rightturnsupply.com\\\/es\\\/producto\\\/granada-de-arena-xl\\\/#breadcrumb\"},\"inLanguage\":\"es\",\"potentialAction\":[{\"@type\":\"ReadAction\",\"target\":[\"https:\\\/\\\/rightturnsupply.com\\\/es\\\/producto\\\/granada-de-arena-xl\\\/\"]}]},{\"@type\":\"ImageObject\",\"inLanguage\":\"es\",\"@id\":\"https:\\\/\\\/rightturnsupply.com\\\/es\\\/producto\\\/granada-de-arena-xl\\\/#primaryimage\",\"url\":\"https:\\\/\\\/rightturnsupply.com\\\/wp-content\\\/uploads\\\/2024\\\/07\\\/Sand-Grenade-XL-min-1.jpg\",\"contentUrl\":\"https:\\\/\\\/rightturnsupply.com\\\/wp-content\\\/uploads\\\/2024\\\/07\\\/Sand-Grenade-XL-min-1.jpg\",\"width\":1000,\"height\":1000,\"caption\":\"Granada de arena XL\"},{\"@type\":\"BreadcrumbList\",\"@id\":\"https:\\\/\\\/rightturnsupply.com\\\/es\\\/producto\\\/granada-de-arena-xl\\\/#breadcrumb\",\"itemListElement\":[{\"@type\":\"ListItem\",\"position\":1,\"name\":\"Tienda\",\"item\":\"https:\\\/\\\/rightturnsupply.com\\\/es\\\/tienda\\\/\"},{\"@type\":\"ListItem\",\"position\":2,\"name\":\"Main Products\",\"item\":\"https:\\\/\\\/rightturnsupply.com\\\/es\\\/categoria-producto\\\/main-products-es\\\/\"},{\"@type\":\"ListItem\",\"position\":3,\"name\":\"Filtraci\u00f3n\\\/P\u00e9rdida de agua\",\"item\":\"https:\\\/\\\/rightturnsupply.com\\\/es\\\/categoria-producto\\\/main-products-es\\\/filtracion-perdida-de-agua\\\/\"},{\"@type\":\"ListItem\",\"position\":4,\"name\":\"Granada de arena XL\"}]},{\"@type\":\"WebSite\",\"@id\":\"https:\\\/\\\/rightturnsupply.com\\\/es\\\/#website\",\"url\":\"https:\\\/\\\/rightturnsupply.com\\\/es\\\/\",\"name\":\"Right Turn Supply\",\"description\":\"\",\"publisher\":{\"@id\":\"https:\\\/\\\/rightturnsupply.com\\\/es\\\/#organization\"},\"potentialAction\":[{\"@type\":\"SearchAction\",\"target\":{\"@type\":\"EntryPoint\",\"urlTemplate\":\"https:\\\/\\\/rightturnsupply.com\\\/es\\\/?s={search_term_string}\"},\"query-input\":{\"@type\":\"PropertyValueSpecification\",\"valueRequired\":true,\"valueName\":\"search_term_string\"}}],\"inLanguage\":\"es\"},{\"@type\":\"Organization\",\"@id\":\"https:\\\/\\\/rightturnsupply.com\\\/es\\\/#organization\",\"name\":\"Suministro de giro a la derecha\",\"url\":\"https:\\\/\\\/rightturnsupply.com\\\/es\\\/\",\"logo\":{\"@type\":\"ImageObject\",\"inLanguage\":\"es\",\"@id\":\"https:\\\/\\\/rightturnsupply.com\\\/es\\\/#\\\/schema\\\/logo\\\/image\\\/\",\"url\":\"https:\\\/\\\/rightturnsupply.com\\\/wp-content\\\/uploads\\\/2024\\\/04\\\/RTS.png\",\"contentUrl\":\"https:\\\/\\\/rightturnsupply.com\\\/wp-content\\\/uploads\\\/2024\\\/04\\\/RTS.png\",\"width\":436,\"height\":255,\"caption\":\"Suministro de giro a la derecha\"},\"image\":{\"@id\":\"https:\\\/\\\/rightturnsupply.com\\\/es\\\/#\\\/schema\\\/logo\\\/image\\\/\"},\"sameAs\":[\"https:\\\/\\\/www.facebook.com\\\/RightTurnSupply\",\"https:\\\/\\\/www.instagram.com\\\/RightTurnSupply\\\/\",\"https:\\\/\\\/www.linkedin.com\\\/company\\\/11219426\\\/\",\"https:\\\/\\\/www.youtube.com\\\/channel\\\/UCNXnAe0vHuufUiXimiXGaqA\"]}]}<\/script>\n<!-- \/ Yoast SEO plugin. -->","yoast_head_json":{"title":"Granada de arena XL - Right Turn Supply","robots":{"index":"index","follow":"follow","max-snippet":"max-snippet:-1","max-image-preview":"max-image-preview:large","max-video-preview":"max-video-preview:-1"},"canonical":"https:\/\/rightturnsupply.com\/es\/producto\/granada-de-arena-xl\/","og_locale":"es_ES","og_type":"article","og_title":"Granada de arena XL - Right Turn Supply","og_description":"SAND GRENADE XL es una dispersi\u00f3n l\u00edquida ani\u00f3nica concentrada reductora de la fricci\u00f3n dise\u00f1ada para la fracturaci\u00f3n hidr\u00e1ulica con agua de deslizamiento de alta viscosidad\/h\u00edbrida, espec\u00edficamente en aguas salobres y salmueras con altos TDS. Contiene un 60% de producto activo de una poliacrilamida ani\u00f3nica de alto rendimiento, que produce una viscosidad significativa en agua dulce y en salmueras con altos TDS y altas concentraciones de iones divalentes.","og_url":"https:\/\/rightturnsupply.com\/es\/producto\/granada-de-arena-xl\/","og_site_name":"Right Turn Supply","article_publisher":"https:\/\/www.facebook.com\/RightTurnSupply","article_modified_time":"2025-04-22T18:43:16+00:00","og_image":[{"width":1000,"height":1000,"url":"https:\/\/rightturnsupply.com\/wp-content\/uploads\/2024\/07\/Sand-Grenade-XL-min-1.jpg","type":"image\/jpeg"}],"twitter_card":"summary_large_image","schema":{"@context":"https:\/\/schema.org","@graph":[{"@type":"WebPage","@id":"https:\/\/rightturnsupply.com\/es\/producto\/granada-de-arena-xl\/","url":"https:\/\/rightturnsupply.com\/es\/producto\/granada-de-arena-xl\/","name":"Granada de arena XL - Right Turn Supply","isPartOf":{"@id":"https:\/\/rightturnsupply.com\/es\/#website"},"primaryImageOfPage":{"@id":"https:\/\/rightturnsupply.com\/es\/producto\/granada-de-arena-xl\/#primaryimage"},"image":{"@id":"https:\/\/rightturnsupply.com\/es\/producto\/granada-de-arena-xl\/#primaryimage"},"thumbnailUrl":"https:\/\/rightturnsupply.com\/wp-content\/uploads\/2024\/07\/Sand-Grenade-XL-min-1.jpg","datePublished":"2024-07-01T22:02:19+00:00","dateModified":"2025-04-22T18:43:16+00:00","breadcrumb":{"@id":"https:\/\/rightturnsupply.com\/es\/producto\/granada-de-arena-xl\/#breadcrumb"},"inLanguage":"es","potentialAction":[{"@type":"ReadAction","target":["https:\/\/rightturnsupply.com\/es\/producto\/granada-de-arena-xl\/"]}]},{"@type":"ImageObject","inLanguage":"es","@id":"https:\/\/rightturnsupply.com\/es\/producto\/granada-de-arena-xl\/#primaryimage","url":"https:\/\/rightturnsupply.com\/wp-content\/uploads\/2024\/07\/Sand-Grenade-XL-min-1.jpg","contentUrl":"https:\/\/rightturnsupply.com\/wp-content\/uploads\/2024\/07\/Sand-Grenade-XL-min-1.jpg","width":1000,"height":1000,"caption":"Granada de arena XL"},{"@type":"BreadcrumbList","@id":"https:\/\/rightturnsupply.com\/es\/producto\/granada-de-arena-xl\/#breadcrumb","itemListElement":[{"@type":"ListItem","position":1,"name":"Tienda","item":"https:\/\/rightturnsupply.com\/es\/tienda\/"},{"@type":"ListItem","position":2,"name":"Main Products","item":"https:\/\/rightturnsupply.com\/es\/categoria-producto\/main-products-es\/"},{"@type":"ListItem","position":3,"name":"Filtraci\u00f3n\/P\u00e9rdida de agua","item":"https:\/\/rightturnsupply.com\/es\/categoria-producto\/main-products-es\/filtracion-perdida-de-agua\/"},{"@type":"ListItem","position":4,"name":"Granada de arena XL"}]},{"@type":"WebSite","@id":"https:\/\/rightturnsupply.com\/es\/#website","url":"https:\/\/rightturnsupply.com\/es\/","name":"Right Turn Supply","description":"","publisher":{"@id":"https:\/\/rightturnsupply.com\/es\/#organization"},"potentialAction":[{"@type":"SearchAction","target":{"@type":"EntryPoint","urlTemplate":"https:\/\/rightturnsupply.com\/es\/?s={search_term_string}"},"query-input":{"@type":"PropertyValueSpecification","valueRequired":true,"valueName":"search_term_string"}}],"inLanguage":"es"},{"@type":"Organization","@id":"https:\/\/rightturnsupply.com\/es\/#organization","name":"Suministro de giro a la derecha","url":"https:\/\/rightturnsupply.com\/es\/","logo":{"@type":"ImageObject","inLanguage":"es","@id":"https:\/\/rightturnsupply.com\/es\/#\/schema\/logo\/image\/","url":"https:\/\/rightturnsupply.com\/wp-content\/uploads\/2024\/04\/RTS.png","contentUrl":"https:\/\/rightturnsupply.com\/wp-content\/uploads\/2024\/04\/RTS.png","width":436,"height":255,"caption":"Suministro de giro a la derecha"},"image":{"@id":"https:\/\/rightturnsupply.com\/es\/#\/schema\/logo\/image\/"},"sameAs":["https:\/\/www.facebook.com\/RightTurnSupply","https:\/\/www.instagram.com\/RightTurnSupply\/","https:\/\/www.linkedin.com\/company\/11219426\/","https:\/\/www.youtube.com\/channel\/UCNXnAe0vHuufUiXimiXGaqA"]}]}},"acf":[],"_links":{"self":[{"href":"https:\/\/rightturnsupply.com\/es\/wp-json\/wp\/v2\/product\/4765","targetHints":{"allow":["GET"]}}],"collection":[{"href":"https:\/\/rightturnsupply.com\/es\/wp-json\/wp\/v2\/product"}],"about":[{"href":"https:\/\/rightturnsupply.com\/es\/wp-json\/wp\/v2\/types\/product"}],"replies":[{"embeddable":true,"href":"https:\/\/rightturnsupply.com\/es\/wp-json\/wp\/v2\/comments?post=4765"}],"wp:featuredmedia":[{"embeddable":true,"href":"https:\/\/rightturnsupply.com\/es\/wp-json\/wp\/v2\/media\/4367"}],"wp:attachment":[{"href":"https:\/\/rightturnsupply.com\/es\/wp-json\/wp\/v2\/media?parent=4765"}],"wp:term":[{"taxonomy":"product_brand","embeddable":true,"href":"https:\/\/rightturnsupply.com\/es\/wp-json\/wp\/v2\/product_brand?post=4765"},{"taxonomy":"product_cat","embeddable":true,"href":"https:\/\/rightturnsupply.com\/es\/wp-json\/wp\/v2\/product_cat?post=4765"},{"taxonomy":"product_tag","embeddable":true,"href":"https:\/\/rightturnsupply.com\/es\/wp-json\/wp\/v2\/product_tag?post=4765"}],"curies":[{"name":"wp","href":"https:\/\/api.w.org\/{rel}","templated":true}]}}