{"id":4743,"date":"2024-08-16T18:11:02","date_gmt":"2024-08-16T23:11:02","guid":{"rendered":"https:\/\/rightturnsupply.com\/product\/tackle\/"},"modified":"2025-04-22T13:46:15","modified_gmt":"2025-04-22T18:46:15","slug":"tackle","status":"publish","type":"product","link":"https:\/\/rightturnsupply.com\/es\/producto\/tackle\/","title":{"rendered":"Tackle"},"content":{"rendered":"","protected":false},"excerpt":{"rendered":"<p><span data-sheets-root=\"1\">El aditivo TACKLE* es un diluyente ani\u00f3nico de bajo peso molecular dise\u00f1ado para desflocular una amplia gama de fluidos de perforaci\u00f3n de base acuosa. Este producto acuoso concentrado ha demostrado su eficacia en aplicaciones desde la superficie hasta la profundidad total. Aunque se utiliza con frecuencia como diluyente de pozos poco profundos para eliminar la pelusa del lodo de perforaci\u00f3n, tambi\u00e9n mantiene un rendimiento eficaz en sistemas m\u00e1s complejos. Este aditivo sint\u00e9tico tiene un l\u00edmite de alta temperatura y no est\u00e1 sujeto a degradaci\u00f3n bacteriana.   <\/span><\/p>\n","protected":false},"featured_media":4579,"comment_status":"open","ping_status":"closed","template":"","meta":{"_acf_changed":false,"inline_featured_image":false},"product_brand":[],"product_cat":[170,171,179],"product_tag":[],"class_list":{"0":"post-4743","1":"product","2":"type-product","3":"status-publish","4":"has-post-thumbnail","6":"product_cat-fluidos-de-perforacion-nsf","7":"product_cat-fluidos-de-perforacion-aditivos","8":"product_cat-tensioactivos-y-diluyentes","9":"pa_ground-conditions-arcilla","10":"pa_industry-hdd-maxi-rig","11":"pa_industry-hdd-utilidad","12":"pa_industry-mineria","13":"pa_industry-pozo-de-agua","15":"first","16":"instock","17":"taxable","18":"shipping-taxable","19":"product-type-simple"},"yoast_head":"<!-- This site is optimized with the Yoast SEO plugin v27.2 - https:\/\/yoast.com\/product\/yoast-seo-wordpress\/ -->\n<title>Tackle - Right Turn Supply<\/title>\n<meta name=\"robots\" content=\"index, follow, max-snippet:-1, max-image-preview:large, max-video-preview:-1\" \/>\n<link rel=\"canonical\" href=\"https:\/\/rightturnsupply.com\/es\/producto\/tackle\/\" \/>\n<meta property=\"og:locale\" content=\"es_ES\" \/>\n<meta property=\"og:type\" content=\"article\" \/>\n<meta property=\"og:title\" content=\"Tackle - Right Turn Supply\" \/>\n<meta property=\"og:description\" content=\"El aditivo TACKLE* es un diluyente ani\u00f3nico de bajo peso molecular dise\u00f1ado para desflocular una amplia gama de fluidos de perforaci\u00f3n de base acuosa. Este producto acuoso concentrado ha demostrado su eficacia en aplicaciones desde la superficie hasta la profundidad total. Aunque se utiliza con frecuencia como diluyente de pozos poco profundos para eliminar la pelusa del lodo de perforaci\u00f3n, tambi\u00e9n mantiene un rendimiento eficaz en sistemas m\u00e1s complejos. Este aditivo sint\u00e9tico tiene un l\u00edmite de alta temperatura y no est\u00e1 sujeto a degradaci\u00f3n bacteriana.\" \/>\n<meta property=\"og:url\" content=\"https:\/\/rightturnsupply.com\/es\/producto\/tackle\/\" \/>\n<meta property=\"og:site_name\" content=\"Right Turn Supply\" \/>\n<meta property=\"article:publisher\" content=\"https:\/\/www.facebook.com\/RightTurnSupply\" \/>\n<meta property=\"article:modified_time\" content=\"2025-04-22T18:46:15+00:00\" \/>\n<meta property=\"og:image\" content=\"https:\/\/rightturnsupply.com\/wp-content\/uploads\/2024\/08\/Tackle-min.jpg\" \/>\n\t<meta property=\"og:image:width\" content=\"814\" \/>\n\t<meta property=\"og:image:height\" content=\"880\" \/>\n\t<meta property=\"og:image:type\" content=\"image\/jpeg\" \/>\n<meta name=\"twitter:card\" content=\"summary_large_image\" \/>\n<script type=\"application\/ld+json\" class=\"yoast-schema-graph\">{\"@context\":\"https:\/\/schema.org\",\"@graph\":[{\"@type\":\"WebPage\",\"@id\":\"https:\/\/rightturnsupply.com\/es\/producto\/tackle\/\",\"url\":\"https:\/\/rightturnsupply.com\/es\/producto\/tackle\/\",\"name\":\"Tackle - Right Turn Supply\",\"isPartOf\":{\"@id\":\"https:\/\/rightturnsupply.com\/es\/#website\"},\"primaryImageOfPage\":{\"@id\":\"https:\/\/rightturnsupply.com\/es\/producto\/tackle\/#primaryimage\"},\"image\":{\"@id\":\"https:\/\/rightturnsupply.com\/es\/producto\/tackle\/#primaryimage\"},\"thumbnailUrl\":\"https:\/\/rightturnsupply.com\/wp-content\/uploads\/2024\/08\/Tackle-min.jpg\",\"datePublished\":\"2024-08-16T23:11:02+00:00\",\"dateModified\":\"2025-04-22T18:46:15+00:00\",\"breadcrumb\":{\"@id\":\"https:\/\/rightturnsupply.com\/es\/producto\/tackle\/#breadcrumb\"},\"inLanguage\":\"es\",\"potentialAction\":[{\"@type\":\"ReadAction\",\"target\":[\"https:\/\/rightturnsupply.com\/es\/producto\/tackle\/\"]}]},{\"@type\":\"ImageObject\",\"inLanguage\":\"es\",\"@id\":\"https:\/\/rightturnsupply.com\/es\/producto\/tackle\/#primaryimage\",\"url\":\"https:\/\/rightturnsupply.com\/wp-content\/uploads\/2024\/08\/Tackle-min.jpg\",\"contentUrl\":\"https:\/\/rightturnsupply.com\/wp-content\/uploads\/2024\/08\/Tackle-min.jpg\",\"width\":814,\"height\":880},{\"@type\":\"BreadcrumbList\",\"@id\":\"https:\/\/rightturnsupply.com\/es\/producto\/tackle\/#breadcrumb\",\"itemListElement\":[{\"@type\":\"ListItem\",\"position\":1,\"name\":\"Tienda\",\"item\":\"https:\/\/rightturnsupply.com\/es\/tienda\/\"},{\"@type\":\"ListItem\",\"position\":2,\"name\":\"Fluids\",\"item\":\"https:\/\/rightturnsupply.com\/es\/categoria-producto\/fluids-es\/\"},{\"@type\":\"ListItem\",\"position\":3,\"name\":\"Fluidos de perforaci\u00f3n\/Aditivos\",\"item\":\"https:\/\/rightturnsupply.com\/es\/categoria-producto\/fluids-es\/fluidos-de-perforacion-aditivos\/\"},{\"@type\":\"ListItem\",\"position\":4,\"name\":\"Tackle\"}]},{\"@type\":\"WebSite\",\"@id\":\"https:\/\/rightturnsupply.com\/es\/#website\",\"url\":\"https:\/\/rightturnsupply.com\/es\/\",\"name\":\"Right Turn Supply\",\"description\":\"\",\"publisher\":{\"@id\":\"https:\/\/rightturnsupply.com\/es\/#organization\"},\"potentialAction\":[{\"@type\":\"SearchAction\",\"target\":{\"@type\":\"EntryPoint\",\"urlTemplate\":\"https:\/\/rightturnsupply.com\/es\/?s={search_term_string}\"},\"query-input\":{\"@type\":\"PropertyValueSpecification\",\"valueRequired\":true,\"valueName\":\"search_term_string\"}}],\"inLanguage\":\"es\"},{\"@type\":\"Organization\",\"@id\":\"https:\/\/rightturnsupply.com\/es\/#organization\",\"name\":\"Suministro de giro a la derecha\",\"url\":\"https:\/\/rightturnsupply.com\/es\/\",\"logo\":{\"@type\":\"ImageObject\",\"inLanguage\":\"es\",\"@id\":\"https:\/\/rightturnsupply.com\/es\/#\/schema\/logo\/image\/\",\"url\":\"https:\/\/rightturnsupply.com\/wp-content\/uploads\/2024\/04\/RTS.png\",\"contentUrl\":\"https:\/\/rightturnsupply.com\/wp-content\/uploads\/2024\/04\/RTS.png\",\"width\":436,\"height\":255,\"caption\":\"Suministro de giro a la derecha\"},\"image\":{\"@id\":\"https:\/\/rightturnsupply.com\/es\/#\/schema\/logo\/image\/\"},\"sameAs\":[\"https:\/\/www.facebook.com\/RightTurnSupply\",\"https:\/\/www.instagram.com\/RightTurnSupply\/\",\"https:\/\/www.linkedin.com\/company\/11219426\/\",\"https:\/\/www.youtube.com\/channel\/UCNXnAe0vHuufUiXimiXGaqA\"]}]}<\/script>\n<!-- \/ Yoast SEO plugin. -->","yoast_head_json":{"title":"Tackle - Right Turn Supply","robots":{"index":"index","follow":"follow","max-snippet":"max-snippet:-1","max-image-preview":"max-image-preview:large","max-video-preview":"max-video-preview:-1"},"canonical":"https:\/\/rightturnsupply.com\/es\/producto\/tackle\/","og_locale":"es_ES","og_type":"article","og_title":"Tackle - Right Turn Supply","og_description":"El aditivo TACKLE* es un diluyente ani\u00f3nico de bajo peso molecular dise\u00f1ado para desflocular una amplia gama de fluidos de perforaci\u00f3n de base acuosa. Este producto acuoso concentrado ha demostrado su eficacia en aplicaciones desde la superficie hasta la profundidad total. Aunque se utiliza con frecuencia como diluyente de pozos poco profundos para eliminar la pelusa del lodo de perforaci\u00f3n, tambi\u00e9n mantiene un rendimiento eficaz en sistemas m\u00e1s complejos. Este aditivo sint\u00e9tico tiene un l\u00edmite de alta temperatura y no est\u00e1 sujeto a degradaci\u00f3n bacteriana.","og_url":"https:\/\/rightturnsupply.com\/es\/producto\/tackle\/","og_site_name":"Right Turn Supply","article_publisher":"https:\/\/www.facebook.com\/RightTurnSupply","article_modified_time":"2025-04-22T18:46:15+00:00","og_image":[{"width":814,"height":880,"url":"https:\/\/rightturnsupply.com\/wp-content\/uploads\/2024\/08\/Tackle-min.jpg","type":"image\/jpeg"}],"twitter_card":"summary_large_image","schema":{"@context":"https:\/\/schema.org","@graph":[{"@type":"WebPage","@id":"https:\/\/rightturnsupply.com\/es\/producto\/tackle\/","url":"https:\/\/rightturnsupply.com\/es\/producto\/tackle\/","name":"Tackle - Right Turn Supply","isPartOf":{"@id":"https:\/\/rightturnsupply.com\/es\/#website"},"primaryImageOfPage":{"@id":"https:\/\/rightturnsupply.com\/es\/producto\/tackle\/#primaryimage"},"image":{"@id":"https:\/\/rightturnsupply.com\/es\/producto\/tackle\/#primaryimage"},"thumbnailUrl":"https:\/\/rightturnsupply.com\/wp-content\/uploads\/2024\/08\/Tackle-min.jpg","datePublished":"2024-08-16T23:11:02+00:00","dateModified":"2025-04-22T18:46:15+00:00","breadcrumb":{"@id":"https:\/\/rightturnsupply.com\/es\/producto\/tackle\/#breadcrumb"},"inLanguage":"es","potentialAction":[{"@type":"ReadAction","target":["https:\/\/rightturnsupply.com\/es\/producto\/tackle\/"]}]},{"@type":"ImageObject","inLanguage":"es","@id":"https:\/\/rightturnsupply.com\/es\/producto\/tackle\/#primaryimage","url":"https:\/\/rightturnsupply.com\/wp-content\/uploads\/2024\/08\/Tackle-min.jpg","contentUrl":"https:\/\/rightturnsupply.com\/wp-content\/uploads\/2024\/08\/Tackle-min.jpg","width":814,"height":880},{"@type":"BreadcrumbList","@id":"https:\/\/rightturnsupply.com\/es\/producto\/tackle\/#breadcrumb","itemListElement":[{"@type":"ListItem","position":1,"name":"Tienda","item":"https:\/\/rightturnsupply.com\/es\/tienda\/"},{"@type":"ListItem","position":2,"name":"Fluids","item":"https:\/\/rightturnsupply.com\/es\/categoria-producto\/fluids-es\/"},{"@type":"ListItem","position":3,"name":"Fluidos de perforaci\u00f3n\/Aditivos","item":"https:\/\/rightturnsupply.com\/es\/categoria-producto\/fluids-es\/fluidos-de-perforacion-aditivos\/"},{"@type":"ListItem","position":4,"name":"Tackle"}]},{"@type":"WebSite","@id":"https:\/\/rightturnsupply.com\/es\/#website","url":"https:\/\/rightturnsupply.com\/es\/","name":"Right Turn Supply","description":"","publisher":{"@id":"https:\/\/rightturnsupply.com\/es\/#organization"},"potentialAction":[{"@type":"SearchAction","target":{"@type":"EntryPoint","urlTemplate":"https:\/\/rightturnsupply.com\/es\/?s={search_term_string}"},"query-input":{"@type":"PropertyValueSpecification","valueRequired":true,"valueName":"search_term_string"}}],"inLanguage":"es"},{"@type":"Organization","@id":"https:\/\/rightturnsupply.com\/es\/#organization","name":"Suministro de giro a la derecha","url":"https:\/\/rightturnsupply.com\/es\/","logo":{"@type":"ImageObject","inLanguage":"es","@id":"https:\/\/rightturnsupply.com\/es\/#\/schema\/logo\/image\/","url":"https:\/\/rightturnsupply.com\/wp-content\/uploads\/2024\/04\/RTS.png","contentUrl":"https:\/\/rightturnsupply.com\/wp-content\/uploads\/2024\/04\/RTS.png","width":436,"height":255,"caption":"Suministro de giro a la derecha"},"image":{"@id":"https:\/\/rightturnsupply.com\/es\/#\/schema\/logo\/image\/"},"sameAs":["https:\/\/www.facebook.com\/RightTurnSupply","https:\/\/www.instagram.com\/RightTurnSupply\/","https:\/\/www.linkedin.com\/company\/11219426\/","https:\/\/www.youtube.com\/channel\/UCNXnAe0vHuufUiXimiXGaqA"]}]}},"acf":[],"_links":{"self":[{"href":"https:\/\/rightturnsupply.com\/es\/wp-json\/wp\/v2\/product\/4743","targetHints":{"allow":["GET"]}}],"collection":[{"href":"https:\/\/rightturnsupply.com\/es\/wp-json\/wp\/v2\/product"}],"about":[{"href":"https:\/\/rightturnsupply.com\/es\/wp-json\/wp\/v2\/types\/product"}],"replies":[{"embeddable":true,"href":"https:\/\/rightturnsupply.com\/es\/wp-json\/wp\/v2\/comments?post=4743"}],"wp:featuredmedia":[{"embeddable":true,"href":"https:\/\/rightturnsupply.com\/es\/wp-json\/wp\/v2\/media\/4579"}],"wp:attachment":[{"href":"https:\/\/rightturnsupply.com\/es\/wp-json\/wp\/v2\/media?parent=4743"}],"wp:term":[{"taxonomy":"product_brand","embeddable":true,"href":"https:\/\/rightturnsupply.com\/es\/wp-json\/wp\/v2\/product_brand?post=4743"},{"taxonomy":"product_cat","embeddable":true,"href":"https:\/\/rightturnsupply.com\/es\/wp-json\/wp\/v2\/product_cat?post=4743"},{"taxonomy":"product_tag","embeddable":true,"href":"https:\/\/rightturnsupply.com\/es\/wp-json\/wp\/v2\/product_tag?post=4743"}],"curies":[{"name":"wp","href":"https:\/\/api.w.org\/{rel}","templated":true}]}}