{"id":4721,"date":"2024-08-19T13:30:24","date_gmt":"2024-08-19T18:30:24","guid":{"rendered":"https:\/\/rightturnsupply.com\/product\/vacmax-plus\/"},"modified":"2025-04-22T13:48:29","modified_gmt":"2025-04-22T18:48:29","slug":"vacmax-plus","status":"publish","type":"product","link":"https:\/\/rightturnsupply.com\/es\/producto\/vacmax-plus\/","title":{"rendered":"VacMax Plus"},"content":{"rendered":"","protected":false},"excerpt":{"rendered":"<p><span data-sheets-root=\"1\">VACMAX PLUS se utiliza para recubrir las part\u00edculas de arcilla y el interior del dep\u00f3sito de la aspiradora para que el proceso de eliminaci\u00f3n sea mucho m\u00e1s eficaz. Este producto es respetuoso con el medio ambiente, inodoro, transparente y f\u00e1cil de mezclar.   <\/span><\/p>\n","protected":false},"featured_media":4435,"comment_status":"open","ping_status":"closed","template":"","meta":{"_acf_changed":false,"inline_featured_image":false},"product_brand":[],"product_cat":[171,188],"product_tag":[],"class_list":{"0":"post-4721","1":"product","2":"type-product","3":"status-publish","4":"has-post-thumbnail","6":"product_cat-fluidos-de-perforacion-aditivos","7":"product_cat-solidificacion-y-eliminacion","8":"pa_industry-hdd-maxi-rig","10":"first","11":"instock","12":"taxable","13":"shipping-taxable","14":"product-type-simple"},"yoast_head":"<!-- This site is optimized with the Yoast SEO plugin v27.2 - https:\/\/yoast.com\/product\/yoast-seo-wordpress\/ -->\n<title>VacMax Plus - Right Turn Supply<\/title>\n<meta name=\"robots\" content=\"index, follow, max-snippet:-1, max-image-preview:large, max-video-preview:-1\" \/>\n<link rel=\"canonical\" href=\"https:\/\/rightturnsupply.com\/es\/producto\/vacmax-plus\/\" \/>\n<meta property=\"og:locale\" content=\"es_ES\" \/>\n<meta property=\"og:type\" content=\"article\" \/>\n<meta property=\"og:title\" content=\"VacMax Plus - Right Turn Supply\" \/>\n<meta property=\"og:description\" content=\"VACMAX PLUS se utiliza para recubrir las part\u00edculas de arcilla y el interior del dep\u00f3sito de la aspiradora para que el proceso de eliminaci\u00f3n sea mucho m\u00e1s eficaz. Este producto es respetuoso con el medio ambiente, inodoro, transparente y f\u00e1cil de mezclar.\" \/>\n<meta property=\"og:url\" content=\"https:\/\/rightturnsupply.com\/es\/producto\/vacmax-plus\/\" \/>\n<meta property=\"og:site_name\" content=\"Right Turn Supply\" \/>\n<meta property=\"article:publisher\" content=\"https:\/\/www.facebook.com\/RightTurnSupply\" \/>\n<meta property=\"article:modified_time\" content=\"2025-04-22T18:48:29+00:00\" \/>\n<meta property=\"og:image\" content=\"https:\/\/rightturnsupply.com\/wp-content\/uploads\/2024\/08\/VACMAX-PLUS-min.jpg\" \/>\n\t<meta property=\"og:image:width\" content=\"1000\" \/>\n\t<meta property=\"og:image:height\" content=\"1000\" \/>\n\t<meta property=\"og:image:type\" content=\"image\/jpeg\" \/>\n<meta name=\"twitter:card\" content=\"summary_large_image\" \/>\n<script type=\"application\/ld+json\" class=\"yoast-schema-graph\">{\"@context\":\"https:\/\/schema.org\",\"@graph\":[{\"@type\":\"WebPage\",\"@id\":\"https:\/\/rightturnsupply.com\/es\/producto\/vacmax-plus\/\",\"url\":\"https:\/\/rightturnsupply.com\/es\/producto\/vacmax-plus\/\",\"name\":\"VacMax Plus - Right Turn Supply\",\"isPartOf\":{\"@id\":\"https:\/\/rightturnsupply.com\/es\/#website\"},\"primaryImageOfPage\":{\"@id\":\"https:\/\/rightturnsupply.com\/es\/producto\/vacmax-plus\/#primaryimage\"},\"image\":{\"@id\":\"https:\/\/rightturnsupply.com\/es\/producto\/vacmax-plus\/#primaryimage\"},\"thumbnailUrl\":\"https:\/\/rightturnsupply.com\/wp-content\/uploads\/2024\/08\/VACMAX-PLUS-min.jpg\",\"datePublished\":\"2024-08-19T18:30:24+00:00\",\"dateModified\":\"2025-04-22T18:48:29+00:00\",\"breadcrumb\":{\"@id\":\"https:\/\/rightturnsupply.com\/es\/producto\/vacmax-plus\/#breadcrumb\"},\"inLanguage\":\"es\",\"potentialAction\":[{\"@type\":\"ReadAction\",\"target\":[\"https:\/\/rightturnsupply.com\/es\/producto\/vacmax-plus\/\"]}]},{\"@type\":\"ImageObject\",\"inLanguage\":\"es\",\"@id\":\"https:\/\/rightturnsupply.com\/es\/producto\/vacmax-plus\/#primaryimage\",\"url\":\"https:\/\/rightturnsupply.com\/wp-content\/uploads\/2024\/08\/VACMAX-PLUS-min.jpg\",\"contentUrl\":\"https:\/\/rightturnsupply.com\/wp-content\/uploads\/2024\/08\/VACMAX-PLUS-min.jpg\",\"width\":1000,\"height\":1000,\"caption\":\"VACMAX PLUS\"},{\"@type\":\"BreadcrumbList\",\"@id\":\"https:\/\/rightturnsupply.com\/es\/producto\/vacmax-plus\/#breadcrumb\",\"itemListElement\":[{\"@type\":\"ListItem\",\"position\":1,\"name\":\"Tienda\",\"item\":\"https:\/\/rightturnsupply.com\/es\/tienda\/\"},{\"@type\":\"ListItem\",\"position\":2,\"name\":\"Fluids\",\"item\":\"https:\/\/rightturnsupply.com\/es\/categoria-producto\/fluids-es\/\"},{\"@type\":\"ListItem\",\"position\":3,\"name\":\"Fluidos de perforaci\u00f3n\/Aditivos\",\"item\":\"https:\/\/rightturnsupply.com\/es\/categoria-producto\/fluids-es\/fluidos-de-perforacion-aditivos\/\"},{\"@type\":\"ListItem\",\"position\":4,\"name\":\"VacMax Plus\"}]},{\"@type\":\"WebSite\",\"@id\":\"https:\/\/rightturnsupply.com\/es\/#website\",\"url\":\"https:\/\/rightturnsupply.com\/es\/\",\"name\":\"Right Turn Supply\",\"description\":\"\",\"publisher\":{\"@id\":\"https:\/\/rightturnsupply.com\/es\/#organization\"},\"potentialAction\":[{\"@type\":\"SearchAction\",\"target\":{\"@type\":\"EntryPoint\",\"urlTemplate\":\"https:\/\/rightturnsupply.com\/es\/?s={search_term_string}\"},\"query-input\":{\"@type\":\"PropertyValueSpecification\",\"valueRequired\":true,\"valueName\":\"search_term_string\"}}],\"inLanguage\":\"es\"},{\"@type\":\"Organization\",\"@id\":\"https:\/\/rightturnsupply.com\/es\/#organization\",\"name\":\"Suministro de giro a la derecha\",\"url\":\"https:\/\/rightturnsupply.com\/es\/\",\"logo\":{\"@type\":\"ImageObject\",\"inLanguage\":\"es\",\"@id\":\"https:\/\/rightturnsupply.com\/es\/#\/schema\/logo\/image\/\",\"url\":\"https:\/\/rightturnsupply.com\/wp-content\/uploads\/2024\/04\/RTS.png\",\"contentUrl\":\"https:\/\/rightturnsupply.com\/wp-content\/uploads\/2024\/04\/RTS.png\",\"width\":436,\"height\":255,\"caption\":\"Suministro de giro a la derecha\"},\"image\":{\"@id\":\"https:\/\/rightturnsupply.com\/es\/#\/schema\/logo\/image\/\"},\"sameAs\":[\"https:\/\/www.facebook.com\/RightTurnSupply\",\"https:\/\/www.instagram.com\/RightTurnSupply\/\",\"https:\/\/www.linkedin.com\/company\/11219426\/\",\"https:\/\/www.youtube.com\/channel\/UCNXnAe0vHuufUiXimiXGaqA\"]}]}<\/script>\n<!-- \/ Yoast SEO plugin. -->","yoast_head_json":{"title":"VacMax Plus - Right Turn Supply","robots":{"index":"index","follow":"follow","max-snippet":"max-snippet:-1","max-image-preview":"max-image-preview:large","max-video-preview":"max-video-preview:-1"},"canonical":"https:\/\/rightturnsupply.com\/es\/producto\/vacmax-plus\/","og_locale":"es_ES","og_type":"article","og_title":"VacMax Plus - Right Turn Supply","og_description":"VACMAX PLUS se utiliza para recubrir las part\u00edculas de arcilla y el interior del dep\u00f3sito de la aspiradora para que el proceso de eliminaci\u00f3n sea mucho m\u00e1s eficaz. Este producto es respetuoso con el medio ambiente, inodoro, transparente y f\u00e1cil de mezclar.","og_url":"https:\/\/rightturnsupply.com\/es\/producto\/vacmax-plus\/","og_site_name":"Right Turn Supply","article_publisher":"https:\/\/www.facebook.com\/RightTurnSupply","article_modified_time":"2025-04-22T18:48:29+00:00","og_image":[{"width":1000,"height":1000,"url":"https:\/\/rightturnsupply.com\/wp-content\/uploads\/2024\/08\/VACMAX-PLUS-min.jpg","type":"image\/jpeg"}],"twitter_card":"summary_large_image","schema":{"@context":"https:\/\/schema.org","@graph":[{"@type":"WebPage","@id":"https:\/\/rightturnsupply.com\/es\/producto\/vacmax-plus\/","url":"https:\/\/rightturnsupply.com\/es\/producto\/vacmax-plus\/","name":"VacMax Plus - Right Turn Supply","isPartOf":{"@id":"https:\/\/rightturnsupply.com\/es\/#website"},"primaryImageOfPage":{"@id":"https:\/\/rightturnsupply.com\/es\/producto\/vacmax-plus\/#primaryimage"},"image":{"@id":"https:\/\/rightturnsupply.com\/es\/producto\/vacmax-plus\/#primaryimage"},"thumbnailUrl":"https:\/\/rightturnsupply.com\/wp-content\/uploads\/2024\/08\/VACMAX-PLUS-min.jpg","datePublished":"2024-08-19T18:30:24+00:00","dateModified":"2025-04-22T18:48:29+00:00","breadcrumb":{"@id":"https:\/\/rightturnsupply.com\/es\/producto\/vacmax-plus\/#breadcrumb"},"inLanguage":"es","potentialAction":[{"@type":"ReadAction","target":["https:\/\/rightturnsupply.com\/es\/producto\/vacmax-plus\/"]}]},{"@type":"ImageObject","inLanguage":"es","@id":"https:\/\/rightturnsupply.com\/es\/producto\/vacmax-plus\/#primaryimage","url":"https:\/\/rightturnsupply.com\/wp-content\/uploads\/2024\/08\/VACMAX-PLUS-min.jpg","contentUrl":"https:\/\/rightturnsupply.com\/wp-content\/uploads\/2024\/08\/VACMAX-PLUS-min.jpg","width":1000,"height":1000,"caption":"VACMAX PLUS"},{"@type":"BreadcrumbList","@id":"https:\/\/rightturnsupply.com\/es\/producto\/vacmax-plus\/#breadcrumb","itemListElement":[{"@type":"ListItem","position":1,"name":"Tienda","item":"https:\/\/rightturnsupply.com\/es\/tienda\/"},{"@type":"ListItem","position":2,"name":"Fluids","item":"https:\/\/rightturnsupply.com\/es\/categoria-producto\/fluids-es\/"},{"@type":"ListItem","position":3,"name":"Fluidos de perforaci\u00f3n\/Aditivos","item":"https:\/\/rightturnsupply.com\/es\/categoria-producto\/fluids-es\/fluidos-de-perforacion-aditivos\/"},{"@type":"ListItem","position":4,"name":"VacMax Plus"}]},{"@type":"WebSite","@id":"https:\/\/rightturnsupply.com\/es\/#website","url":"https:\/\/rightturnsupply.com\/es\/","name":"Right Turn Supply","description":"","publisher":{"@id":"https:\/\/rightturnsupply.com\/es\/#organization"},"potentialAction":[{"@type":"SearchAction","target":{"@type":"EntryPoint","urlTemplate":"https:\/\/rightturnsupply.com\/es\/?s={search_term_string}"},"query-input":{"@type":"PropertyValueSpecification","valueRequired":true,"valueName":"search_term_string"}}],"inLanguage":"es"},{"@type":"Organization","@id":"https:\/\/rightturnsupply.com\/es\/#organization","name":"Suministro de giro a la derecha","url":"https:\/\/rightturnsupply.com\/es\/","logo":{"@type":"ImageObject","inLanguage":"es","@id":"https:\/\/rightturnsupply.com\/es\/#\/schema\/logo\/image\/","url":"https:\/\/rightturnsupply.com\/wp-content\/uploads\/2024\/04\/RTS.png","contentUrl":"https:\/\/rightturnsupply.com\/wp-content\/uploads\/2024\/04\/RTS.png","width":436,"height":255,"caption":"Suministro de giro a la derecha"},"image":{"@id":"https:\/\/rightturnsupply.com\/es\/#\/schema\/logo\/image\/"},"sameAs":["https:\/\/www.facebook.com\/RightTurnSupply","https:\/\/www.instagram.com\/RightTurnSupply\/","https:\/\/www.linkedin.com\/company\/11219426\/","https:\/\/www.youtube.com\/channel\/UCNXnAe0vHuufUiXimiXGaqA"]}]}},"acf":[],"_links":{"self":[{"href":"https:\/\/rightturnsupply.com\/es\/wp-json\/wp\/v2\/product\/4721","targetHints":{"allow":["GET"]}}],"collection":[{"href":"https:\/\/rightturnsupply.com\/es\/wp-json\/wp\/v2\/product"}],"about":[{"href":"https:\/\/rightturnsupply.com\/es\/wp-json\/wp\/v2\/types\/product"}],"replies":[{"embeddable":true,"href":"https:\/\/rightturnsupply.com\/es\/wp-json\/wp\/v2\/comments?post=4721"}],"wp:featuredmedia":[{"embeddable":true,"href":"https:\/\/rightturnsupply.com\/es\/wp-json\/wp\/v2\/media\/4435"}],"wp:attachment":[{"href":"https:\/\/rightturnsupply.com\/es\/wp-json\/wp\/v2\/media?parent=4721"}],"wp:term":[{"taxonomy":"product_brand","embeddable":true,"href":"https:\/\/rightturnsupply.com\/es\/wp-json\/wp\/v2\/product_brand?post=4721"},{"taxonomy":"product_cat","embeddable":true,"href":"https:\/\/rightturnsupply.com\/es\/wp-json\/wp\/v2\/product_cat?post=4721"},{"taxonomy":"product_tag","embeddable":true,"href":"https:\/\/rightturnsupply.com\/es\/wp-json\/wp\/v2\/product_tag?post=4721"}],"curies":[{"name":"wp","href":"https:\/\/api.w.org\/{rel}","templated":true}]}}