{"id":4706,"date":"2024-09-05T17:50:41","date_gmt":"2024-09-05T22:50:41","guid":{"rendered":"https:\/\/rightturnsupply.com\/product\/limpiador-de-orificios-5-galones\/"},"modified":"2025-04-25T18:18:26","modified_gmt":"2025-04-25T23:18:26","slug":"limpiador-de-orificios-5-galones","status":"publish","type":"product","link":"https:\/\/rightturnsupply.com\/es\/producto\/limpiador-de-orificios-5-galones\/","title":{"rendered":"Limpiador de orificios &#8211; 5 galones"},"content":{"rendered":"<div class=\"wpb-content-wrapper\">[vc_row full_width=&#8221;stretch_row&#8221; disable_element=&#8221;yes&#8221; css=&#8221;.vc_custom_1721770605020{background-color: #a8c74c !important;}&#8221;][vc_column css=&#8221;.vc_custom_1721770683431{padding-top: 0px !important;}&#8221;][vc_empty_space height=&#8221;125px&#8221; el_class=&#8221;es-large&#8221;][vc_btn title=&#8221;Hoja de Datos de Seguridad del Comandante de Taladros&#8221; style=&#8221;custom&#8221; custom_background=&#8221;#000000&#8243; custom_text=&#8221;#ffffff&#8221; shape=&#8221;square&#8221; size=&#8221;lg&#8221; align=&#8221;center&#8221; css=&#8221;&#8221; link=&#8221;url:https%3A%2F%2Frightturnsupply.com%2Fwp-content%2Fuploads%2F2018%2F05%2FBore-Commander-SDS-02.22.18.pdf|target:_blank|&#8221;][\/vc_column][vc_column css=&#8221;.vc_custom_1712614587677{padding-top: 0px !important;}&#8221;][vc_empty_space height=&#8221;80px&#8221; el_class=&#8221;es-large&#8221;][\/vc_column][\/vc_row]\n<\/div>","protected":false},"excerpt":{"rendered":"<p>BORE COMMANDER es un pol\u00edmero utilizado para estabilizar formaciones de arcilla y esquisto. Se puede utilizar en aguas dulces o salobres y se mezcla f\u00e1cilmente, a la vez que requiere un cizallamiento m\u00ednimo para lograr su plena eficacia. En condiciones espec\u00edficas del sistema de fluidos de perforaci\u00f3n, concentraciones muy bajas de BORE COMMANDER pueden aumentar la viscosidad de la mezcla de fluidos.<\/p>\n","protected":false},"featured_media":4519,"comment_status":"closed","ping_status":"closed","template":"","meta":{"_acf_changed":false,"inline_featured_image":false},"product_brand":[],"product_cat":[170,171,172],"product_tag":[173,174],"class_list":{"0":"post-4706","1":"product","2":"type-product","3":"status-publish","4":"has-post-thumbnail","6":"product_cat-fluidos-de-perforacion-nsf","7":"product_cat-fluidos-de-perforacion-aditivos","8":"product_cat-inhibidores-de-arcilla-y-esquisto","9":"product_tag-inhibidores-de-arcilla-y-esquisto","10":"product_tag-viscosificadores-reologia","11":"pa_ground-conditions-arcilla","12":"pa_industry-hdd-maxi-rig","13":"pa_industry-mineria","14":"pa_industry-pozo-de-agua","15":"pa_product-type-fluidos","17":"first","18":"instock","19":"featured","20":"taxable","21":"shipping-taxable","22":"product-type-simple"},"yoast_head":"<!-- This site is optimized with the Yoast SEO plugin v27.2 - https:\/\/yoast.com\/product\/yoast-seo-wordpress\/ -->\n<title>Limpiador de orificios - 5 galones - Right Turn Supply<\/title>\n<meta name=\"robots\" content=\"index, follow, max-snippet:-1, max-image-preview:large, max-video-preview:-1\" \/>\n<link rel=\"canonical\" href=\"https:\/\/rightturnsupply.com\/es\/producto\/limpiador-de-orificios-5-galones\/\" \/>\n<meta property=\"og:locale\" content=\"es_ES\" \/>\n<meta property=\"og:type\" content=\"article\" \/>\n<meta property=\"og:title\" content=\"Limpiador de orificios - 5 galones - Right Turn Supply\" \/>\n<meta property=\"og:description\" content=\"BORE COMMANDER es un pol\u00edmero utilizado para estabilizar formaciones de arcilla y esquisto. Se puede utilizar en aguas dulces o salobres y se mezcla f\u00e1cilmente, a la vez que requiere un cizallamiento m\u00ednimo para lograr su plena eficacia. En condiciones espec\u00edficas del sistema de fluidos de perforaci\u00f3n, concentraciones muy bajas de BORE COMMANDER pueden aumentar la viscosidad de la mezcla de fluidos.\" \/>\n<meta property=\"og:url\" content=\"https:\/\/rightturnsupply.com\/es\/producto\/limpiador-de-orificios-5-galones\/\" \/>\n<meta property=\"og:site_name\" content=\"Right Turn Supply\" \/>\n<meta property=\"article:publisher\" content=\"https:\/\/www.facebook.com\/RightTurnSupply\" \/>\n<meta property=\"article:modified_time\" content=\"2025-04-25T23:18:26+00:00\" \/>\n<meta property=\"og:image\" content=\"https:\/\/rightturnsupply.com\/wp-content\/uploads\/2024\/09\/Bore-Commander-.jpg\" \/>\n\t<meta property=\"og:image:width\" content=\"1000\" \/>\n\t<meta property=\"og:image:height\" content=\"1000\" \/>\n\t<meta property=\"og:image:type\" content=\"image\/jpeg\" \/>\n<meta name=\"twitter:card\" content=\"summary_large_image\" \/>\n<meta name=\"twitter:label1\" content=\"Tiempo de lectura\" \/>\n\t<meta name=\"twitter:data1\" content=\"1 minuto\" \/>\n<script type=\"application\/ld+json\" class=\"yoast-schema-graph\">{\"@context\":\"https:\/\/schema.org\",\"@graph\":[{\"@type\":\"WebPage\",\"@id\":\"https:\/\/rightturnsupply.com\/es\/producto\/limpiador-de-orificios-5-galones\/\",\"url\":\"https:\/\/rightturnsupply.com\/es\/producto\/limpiador-de-orificios-5-galones\/\",\"name\":\"Limpiador de orificios - 5 galones - Right Turn Supply\",\"isPartOf\":{\"@id\":\"https:\/\/rightturnsupply.com\/es\/#website\"},\"primaryImageOfPage\":{\"@id\":\"https:\/\/rightturnsupply.com\/es\/producto\/limpiador-de-orificios-5-galones\/#primaryimage\"},\"image\":{\"@id\":\"https:\/\/rightturnsupply.com\/es\/producto\/limpiador-de-orificios-5-galones\/#primaryimage\"},\"thumbnailUrl\":\"https:\/\/rightturnsupply.com\/wp-content\/uploads\/2024\/09\/Bore-Commander-.jpg\",\"datePublished\":\"2024-09-05T22:50:41+00:00\",\"dateModified\":\"2025-04-25T23:18:26+00:00\",\"breadcrumb\":{\"@id\":\"https:\/\/rightturnsupply.com\/es\/producto\/limpiador-de-orificios-5-galones\/#breadcrumb\"},\"inLanguage\":\"es\",\"potentialAction\":[{\"@type\":\"ReadAction\",\"target\":[\"https:\/\/rightturnsupply.com\/es\/producto\/limpiador-de-orificios-5-galones\/\"]}]},{\"@type\":\"ImageObject\",\"inLanguage\":\"es\",\"@id\":\"https:\/\/rightturnsupply.com\/es\/producto\/limpiador-de-orificios-5-galones\/#primaryimage\",\"url\":\"https:\/\/rightturnsupply.com\/wp-content\/uploads\/2024\/09\/Bore-Commander-.jpg\",\"contentUrl\":\"https:\/\/rightturnsupply.com\/wp-content\/uploads\/2024\/09\/Bore-Commander-.jpg\",\"width\":1000,\"height\":1000},{\"@type\":\"BreadcrumbList\",\"@id\":\"https:\/\/rightturnsupply.com\/es\/producto\/limpiador-de-orificios-5-galones\/#breadcrumb\",\"itemListElement\":[{\"@type\":\"ListItem\",\"position\":1,\"name\":\"Tienda\",\"item\":\"https:\/\/rightturnsupply.com\/es\/tienda\/\"},{\"@type\":\"ListItem\",\"position\":2,\"name\":\"Fluids\",\"item\":\"https:\/\/rightturnsupply.com\/es\/categoria-producto\/fluids-es\/\"},{\"@type\":\"ListItem\",\"position\":3,\"name\":\"Fluidos de perforaci\u00f3n\/Aditivos\",\"item\":\"https:\/\/rightturnsupply.com\/es\/categoria-producto\/fluids-es\/fluidos-de-perforacion-aditivos\/\"},{\"@type\":\"ListItem\",\"position\":4,\"name\":\"Limpiador de orificios &#8211; 5 galones\"}]},{\"@type\":\"WebSite\",\"@id\":\"https:\/\/rightturnsupply.com\/es\/#website\",\"url\":\"https:\/\/rightturnsupply.com\/es\/\",\"name\":\"Right Turn Supply\",\"description\":\"\",\"publisher\":{\"@id\":\"https:\/\/rightturnsupply.com\/es\/#organization\"},\"potentialAction\":[{\"@type\":\"SearchAction\",\"target\":{\"@type\":\"EntryPoint\",\"urlTemplate\":\"https:\/\/rightturnsupply.com\/es\/?s={search_term_string}\"},\"query-input\":{\"@type\":\"PropertyValueSpecification\",\"valueRequired\":true,\"valueName\":\"search_term_string\"}}],\"inLanguage\":\"es\"},{\"@type\":\"Organization\",\"@id\":\"https:\/\/rightturnsupply.com\/es\/#organization\",\"name\":\"Suministro de giro a la derecha\",\"url\":\"https:\/\/rightturnsupply.com\/es\/\",\"logo\":{\"@type\":\"ImageObject\",\"inLanguage\":\"es\",\"@id\":\"https:\/\/rightturnsupply.com\/es\/#\/schema\/logo\/image\/\",\"url\":\"https:\/\/rightturnsupply.com\/wp-content\/uploads\/2024\/04\/RTS.png\",\"contentUrl\":\"https:\/\/rightturnsupply.com\/wp-content\/uploads\/2024\/04\/RTS.png\",\"width\":436,\"height\":255,\"caption\":\"Suministro de giro a la derecha\"},\"image\":{\"@id\":\"https:\/\/rightturnsupply.com\/es\/#\/schema\/logo\/image\/\"},\"sameAs\":[\"https:\/\/www.facebook.com\/RightTurnSupply\",\"https:\/\/www.instagram.com\/RightTurnSupply\/\",\"https:\/\/www.linkedin.com\/company\/11219426\/\",\"https:\/\/www.youtube.com\/channel\/UCNXnAe0vHuufUiXimiXGaqA\"]}]}<\/script>\n<!-- \/ Yoast SEO plugin. -->","yoast_head_json":{"title":"Limpiador de orificios - 5 galones - Right Turn Supply","robots":{"index":"index","follow":"follow","max-snippet":"max-snippet:-1","max-image-preview":"max-image-preview:large","max-video-preview":"max-video-preview:-1"},"canonical":"https:\/\/rightturnsupply.com\/es\/producto\/limpiador-de-orificios-5-galones\/","og_locale":"es_ES","og_type":"article","og_title":"Limpiador de orificios - 5 galones - Right Turn Supply","og_description":"BORE COMMANDER es un pol\u00edmero utilizado para estabilizar formaciones de arcilla y esquisto. Se puede utilizar en aguas dulces o salobres y se mezcla f\u00e1cilmente, a la vez que requiere un cizallamiento m\u00ednimo para lograr su plena eficacia. En condiciones espec\u00edficas del sistema de fluidos de perforaci\u00f3n, concentraciones muy bajas de BORE COMMANDER pueden aumentar la viscosidad de la mezcla de fluidos.","og_url":"https:\/\/rightturnsupply.com\/es\/producto\/limpiador-de-orificios-5-galones\/","og_site_name":"Right Turn Supply","article_publisher":"https:\/\/www.facebook.com\/RightTurnSupply","article_modified_time":"2025-04-25T23:18:26+00:00","og_image":[{"width":1000,"height":1000,"url":"https:\/\/rightturnsupply.com\/wp-content\/uploads\/2024\/09\/Bore-Commander-.jpg","type":"image\/jpeg"}],"twitter_card":"summary_large_image","twitter_misc":{"Tiempo de lectura":"1 minuto"},"schema":{"@context":"https:\/\/schema.org","@graph":[{"@type":"WebPage","@id":"https:\/\/rightturnsupply.com\/es\/producto\/limpiador-de-orificios-5-galones\/","url":"https:\/\/rightturnsupply.com\/es\/producto\/limpiador-de-orificios-5-galones\/","name":"Limpiador de orificios - 5 galones - Right Turn Supply","isPartOf":{"@id":"https:\/\/rightturnsupply.com\/es\/#website"},"primaryImageOfPage":{"@id":"https:\/\/rightturnsupply.com\/es\/producto\/limpiador-de-orificios-5-galones\/#primaryimage"},"image":{"@id":"https:\/\/rightturnsupply.com\/es\/producto\/limpiador-de-orificios-5-galones\/#primaryimage"},"thumbnailUrl":"https:\/\/rightturnsupply.com\/wp-content\/uploads\/2024\/09\/Bore-Commander-.jpg","datePublished":"2024-09-05T22:50:41+00:00","dateModified":"2025-04-25T23:18:26+00:00","breadcrumb":{"@id":"https:\/\/rightturnsupply.com\/es\/producto\/limpiador-de-orificios-5-galones\/#breadcrumb"},"inLanguage":"es","potentialAction":[{"@type":"ReadAction","target":["https:\/\/rightturnsupply.com\/es\/producto\/limpiador-de-orificios-5-galones\/"]}]},{"@type":"ImageObject","inLanguage":"es","@id":"https:\/\/rightturnsupply.com\/es\/producto\/limpiador-de-orificios-5-galones\/#primaryimage","url":"https:\/\/rightturnsupply.com\/wp-content\/uploads\/2024\/09\/Bore-Commander-.jpg","contentUrl":"https:\/\/rightturnsupply.com\/wp-content\/uploads\/2024\/09\/Bore-Commander-.jpg","width":1000,"height":1000},{"@type":"BreadcrumbList","@id":"https:\/\/rightturnsupply.com\/es\/producto\/limpiador-de-orificios-5-galones\/#breadcrumb","itemListElement":[{"@type":"ListItem","position":1,"name":"Tienda","item":"https:\/\/rightturnsupply.com\/es\/tienda\/"},{"@type":"ListItem","position":2,"name":"Fluids","item":"https:\/\/rightturnsupply.com\/es\/categoria-producto\/fluids-es\/"},{"@type":"ListItem","position":3,"name":"Fluidos de perforaci\u00f3n\/Aditivos","item":"https:\/\/rightturnsupply.com\/es\/categoria-producto\/fluids-es\/fluidos-de-perforacion-aditivos\/"},{"@type":"ListItem","position":4,"name":"Limpiador de orificios &#8211; 5 galones"}]},{"@type":"WebSite","@id":"https:\/\/rightturnsupply.com\/es\/#website","url":"https:\/\/rightturnsupply.com\/es\/","name":"Right Turn Supply","description":"","publisher":{"@id":"https:\/\/rightturnsupply.com\/es\/#organization"},"potentialAction":[{"@type":"SearchAction","target":{"@type":"EntryPoint","urlTemplate":"https:\/\/rightturnsupply.com\/es\/?s={search_term_string}"},"query-input":{"@type":"PropertyValueSpecification","valueRequired":true,"valueName":"search_term_string"}}],"inLanguage":"es"},{"@type":"Organization","@id":"https:\/\/rightturnsupply.com\/es\/#organization","name":"Suministro de giro a la derecha","url":"https:\/\/rightturnsupply.com\/es\/","logo":{"@type":"ImageObject","inLanguage":"es","@id":"https:\/\/rightturnsupply.com\/es\/#\/schema\/logo\/image\/","url":"https:\/\/rightturnsupply.com\/wp-content\/uploads\/2024\/04\/RTS.png","contentUrl":"https:\/\/rightturnsupply.com\/wp-content\/uploads\/2024\/04\/RTS.png","width":436,"height":255,"caption":"Suministro de giro a la derecha"},"image":{"@id":"https:\/\/rightturnsupply.com\/es\/#\/schema\/logo\/image\/"},"sameAs":["https:\/\/www.facebook.com\/RightTurnSupply","https:\/\/www.instagram.com\/RightTurnSupply\/","https:\/\/www.linkedin.com\/company\/11219426\/","https:\/\/www.youtube.com\/channel\/UCNXnAe0vHuufUiXimiXGaqA"]}]}},"acf":[],"_links":{"self":[{"href":"https:\/\/rightturnsupply.com\/es\/wp-json\/wp\/v2\/product\/4706","targetHints":{"allow":["GET"]}}],"collection":[{"href":"https:\/\/rightturnsupply.com\/es\/wp-json\/wp\/v2\/product"}],"about":[{"href":"https:\/\/rightturnsupply.com\/es\/wp-json\/wp\/v2\/types\/product"}],"replies":[{"embeddable":true,"href":"https:\/\/rightturnsupply.com\/es\/wp-json\/wp\/v2\/comments?post=4706"}],"wp:featuredmedia":[{"embeddable":true,"href":"https:\/\/rightturnsupply.com\/es\/wp-json\/wp\/v2\/media\/4519"}],"wp:attachment":[{"href":"https:\/\/rightturnsupply.com\/es\/wp-json\/wp\/v2\/media?parent=4706"}],"wp:term":[{"taxonomy":"product_brand","embeddable":true,"href":"https:\/\/rightturnsupply.com\/es\/wp-json\/wp\/v2\/product_brand?post=4706"},{"taxonomy":"product_cat","embeddable":true,"href":"https:\/\/rightturnsupply.com\/es\/wp-json\/wp\/v2\/product_cat?post=4706"},{"taxonomy":"product_tag","embeddable":true,"href":"https:\/\/rightturnsupply.com\/es\/wp-json\/wp\/v2\/product_tag?post=4706"}],"curies":[{"name":"wp","href":"https:\/\/api.w.org\/{rel}","templated":true}]}}