{"id":6108,"date":"2025-12-09T23:03:10","date_gmt":"2025-12-10T05:03:10","guid":{"rendered":"https:\/\/rightturnsupply.com\/?page_id=6108"},"modified":"2025-12-12T10:02:52","modified_gmt":"2025-12-12T16:02:52","slug":"quienes-somos-2-2","status":"publish","type":"page","link":"https:\/\/rightturnsupply.com\/es\/quienes-somos-2\/quienes-somos-2-2\/","title":{"rendered":"Galer\u00eda de campo"},"content":{"rendered":"<div class=\"wpb-content-wrapper\">[vc_row full_width=&#8221;stretch_row&#8221;][vc_column css=&#8221;.vc_custom_1712073160436{padding-top: 0px !important;}&#8221;][vc_empty_space height=&#8221;50px&#8221; el_class=&#8221;es-large&#8221;][\/vc_column][\/vc_row][vc_row full_width=&#8221;stretch_row&#8221; content_placement=&#8221;middle&#8221; css=&#8221;.vc_custom_1765487342566{border-top-width: 8px !important;border-bottom-width: 8px !important;padding-top: 25px !important;padding-bottom: 25px !important;background: #3C3C3E url(https:\/\/rightturnsupply.com\/wp-content\/uploads\/2025\/12\/gray-bkgd.jpg?id=6589) !important;background-position: center !important;background-repeat: no-repeat !important;background-size: cover !important;border-top-style: solid !important;border-bottom-style: solid !important;border-color: #807e80 !important;}&#8221;][vc_column width=&#8221;2\/3&#8243; css=&#8221;.vc_custom_1712073160436{padding-top: 0px !important;}&#8221;][vc_custom_heading source=&#8221;post_title&#8221; font_container=&#8221;tag:h1|text_align:left|color:%23FFFFFF&#8221; use_theme_fonts=&#8221;yes&#8221; css=&#8221;.vc_custom_1765387895061{margin-bottom: 0px !important;}&#8221; el_class=&#8221;txt-spacing-1&#8243;][\/vc_column][vc_column width=&#8221;1\/3&#8243; css=&#8221;.vc_custom_1765387758961{padding-top: 0px !important;}&#8221;][vc_single_image image=&#8221;6547&#8243; img_size=&#8221;full&#8221; alignment=&#8221;center&#8221; onclick=&#8221;custom_link&#8221; css=&#8221;.vc_custom_1765555337546{margin-bottom: 0px !important;}&#8221; link=&#8221;https:\/\/rightturnsupply.com\/es\/quienes-somos-2\/&#8221;][\/vc_column][\/vc_row][vc_row full_width=&#8221;stretch_row&#8221;][vc_column css=&#8221;.vc_custom_1712073160436{padding-top: 0px !important;}&#8221;][vc_empty_space height=&#8221;80px&#8221; el_class=&#8221;es-large&#8221;][\/vc_column][\/vc_row][vc_row gap=&#8221;35&#8243;][vc_column width=&#8221;1\/2&#8243; css=&#8221;.vc_custom_1712073160436{padding-top: 0px !important;}&#8221;][vc_custom_heading text=&#8221;QuickConnect en acci\u00f3n&#8221; font_container=&#8221;tag:h2|font_size:46px|text_align:left|color:%23231F20|line_height:1&#8243; use_theme_fonts=&#8221;yes&#8221; css=&#8221;.vc_custom_1765483869909{margin-bottom: 20px !important;}&#8221; el_class=&#8221;txt-spacing-1&#8243;][vc_column_text css=&#8221;.vc_custom_1765389162651{margin-bottom: 0px !important;}&#8221;]Vea el rendimiento de los cabezales de tracci\u00f3n QuickConnect en obras reales. Desde perforaci\u00f3n horizontal de tuber\u00edas (HDD) hasta perforaci\u00f3n de tuber\u00edas e instalaciones de servicios p\u00fablicos subterr\u00e1neos, estas herramientas son robustas y est\u00e1n dise\u00f1adas para que cada tracci\u00f3n sea m\u00e1s r\u00e1pida, segura y eficiente. <\/p>\n<p>Explore la galer\u00eda para ver c\u00f3mo los contratistas de Estados Unidos y Canad\u00e1 utilizan QuickConnect todos los d\u00edas. Haga clic en una miniatura a continuaci\u00f3n para verla en tama\u00f1o completo.[\/vc_column_text][vc_empty_space height=&#8221;50px&#8221; el_class=&#8221;es-large&#8221;][\/vc_column][vc_column width=&#8221;1\/2&#8243;][vc_gallery interval=&#8221;10&#8243; images=&#8221;6172,6178,6202,6208,6226,6232,6238,6250,6259,6265,6271,6277,6283,6289,6301,6319,6310,6331,6358,6361,6367,6397,6409,6415,6427,6445,6460&#8243; img_size=&#8221;800&#215;600&#8243; css=&#8221;&#8221;][\/vc_column][\/vc_row][vc_row full_width=&#8221;stretch_row&#8221; css=&#8221;.vc_custom_1765487399731{background: #3C3C3E url(https:\/\/rightturnsupply.com\/wp-content\/uploads\/2025\/12\/gray-bkgd.jpg?id=6589) !important;background-position: center !important;background-repeat: no-repeat !important;background-size: cover !important;}&#8221;][vc_column css=&#8221;.vc_custom_1712073160436{padding-top: 0px !important;}&#8221;][vc_empty_space height=&#8221;50px&#8221; el_class=&#8221;es-large&#8221;][vc_custom_heading text=&#8221;V\u00eddeos de productos&#8221; font_container=&#8221;tag:h2|text_align:center|color:%23FFFFFF&#8221; use_theme_fonts=&#8221;yes&#8221; css=&#8221;.vc_custom_1765391886943{margin-bottom: 0px !important;}&#8221; el_class=&#8221;txt-spacing-1&#8243;][vc_empty_space height=&#8221;50px&#8221; el_class=&#8221;es-large&#8221;][\/vc_column][\/vc_row][vc_row full_width=&#8221;stretch_row&#8221;][vc_column css=&#8221;.vc_custom_1712073160436{padding-top: 0px !important;}&#8221;][vc_empty_space height=&#8221;50px&#8221; el_class=&#8221;es-large&#8221;][\/vc_column][\/vc_row][vc_row gap=&#8221;35&#8243; equal_height=&#8221;yes&#8221;][vc_column width=&#8221;1\/2&#8243;][vc_video link=&#8221;https:\/\/www.youtube.com\/watch?v=qFY845r3nnw&#8221; align=&#8221;center&#8221; css=&#8221;&#8221;][vc_custom_heading text=&#8221;Cabezal de tracci\u00f3n QuickConnect para tuber\u00eda de HDPE&#8221; font_container=&#8221;tag:h4|text_align:center|color:%23231F20&#8243; use_theme_fonts=&#8221;yes&#8221; css=&#8221;&#8221;][\/vc_column][vc_column width=&#8221;1\/2&#8243; css=&#8221;.vc_custom_1712073160436{padding-top: 0px !important;}&#8221;][vc_video link=&#8221;https:\/\/www.youtube.com\/watch?v=zIjhAIzUTLs&#8221; align=&#8221;center&#8221; css=&#8221;&#8221;][vc_custom_heading text=&#8221;Collar de tracci\u00f3n para tuber\u00eda FPVC\/PVC&#8221; font_container=&#8221;tag:h4|text_align:center|color:%23231F20&#8243; use_theme_fonts=&#8221;yes&#8221; css=&#8221;&#8221;][\/vc_column][vc_column width=&#8221;1\/2&#8243;][vc_video link=&#8221;https:\/\/www.youtube.com\/watch?v=XC-hRBkOJj0&#8243; align=&#8221;center&#8221; css=&#8221;&#8221;][vc_custom_heading text=&#8221;Extractor de tubos m\u00faltiples&#8221; font_container=&#8221;tag:h4|text_align:center|color:%23231F20&#8243; use_theme_fonts=&#8221;yes&#8221; css=&#8221;&#8221;][\/vc_column][vc_column width=&#8221;1\/2&#8243;][vc_video link=&#8221;https:\/\/www.youtube.com\/watch?v=mIbvLVmEqLc&#8221; align=&#8221;center&#8221; css=&#8221;&#8221;][vc_custom_heading text=&#8221;Manguito de ruptura de tuber\u00eda&#8221; font_container=&#8221;tag:h4|text_align:center|color:%23231F20&#8243; use_theme_fonts=&#8221;yes&#8221; css=&#8221;&#8221;][\/vc_column][vc_column width=&#8221;1\/2&#8243;][vc_video link=&#8221;https:\/\/www.youtube.com\/watch?v=HQyDnTIeTxE&#8221; align=&#8221;center&#8221; css=&#8221;&#8221;][vc_custom_heading text=&#8221;Manguito de ruptura de tuber\u00edas (FPVC)&#8221; font_container=&#8221;tag:h4|text_align:center|color:%23231F20&#8243; use_theme_fonts=&#8221;yes&#8221; css=&#8221;&#8221;][\/vc_column][vc_column width=&#8221;1\/2&#8243;][vc_video link=&#8221;https:\/\/youtu.be\/FBoCqPpGRfU&#8221; align=&#8221;center&#8221; css=&#8221;&#8221;][vc_custom_heading text=&#8221;Extractor universal de m\u00faltiples tubos&#8221; font_container=&#8221;tag:h4|text_align:center|color:%23231F20&#8243; use_theme_fonts=&#8221;yes&#8221; css=&#8221;&#8221;][\/vc_column][vc_column width=&#8221;1\/2&#8243;][vc_video link=&#8221;https:\/\/youtu.be\/GGNN7eP2osg&#8221; align=&#8221;center&#8221; css=&#8221;&#8221;][vc_custom_heading text=&#8221;Cabezal de tracci\u00f3n universal&#8221; font_container=&#8221;tag:h4|text_align:center|color:%23231F20&#8243; use_theme_fonts=&#8221;yes&#8221; css=&#8221;&#8221;][\/vc_column][vc_column width=&#8221;1\/2&#8243;][vc_video link=&#8221;https:\/\/youtu.be\/3GTneTytB0A&#8221; align=&#8221;center&#8221; css=&#8221;&#8221;][vc_custom_heading text=&#8221;Mini extractor de tubos m\u00faltiples de 4,5&quot;&#8221; font_container=&#8221;tag:h4|text_align:center|color:%23231F20&#8243; use_theme_fonts=&#8221;yes&#8221; css=&#8221;&#8221;][\/vc_column][\/vc_row][vc_row full_width=&#8221;stretch_row&#8221; disable_element=&#8221;yes&#8221;][vc_column css=&#8221;.vc_custom_1712073160436{padding-top: 0px !important;}&#8221;][vc_media_grid element_width=&#8221;3&#8243; gap=&#8221;30&#8243; css=&#8221;&#8221; grid_id=&#8221;vc_gid:1765554979930-08292d97-1fe5-6&#8243; include=&#8221;6172,6175,6178,6181,6184,6187,6190,6193,6196,6199,6202,6205,6208,6211,6214,6217,6220,6223,6226,6229,6232,6235,6238,6241,6244,6247,6250,6253,6256,6259,6262,6265,6268,6271,6274,6277,6280,6283,6286,6289,6292,6295,6298,6301,6304,6307,6310,6313,6316,6319,6322,6325,6328,6334,6337,6340,6343,6346,6349,6352,6355,6358,6361,6367,6370,6373,6376,6379,6382,6385,6388,6391,6394,6397,6400,6403,6406,6409,6412,6415,6418,6421,6424,6427,6430,6433,6436,6439,6442,6445,6448,6451,6454,6457,6460,6463,6466,6469,6472&#8243;][\/vc_column][\/vc_row][vc_row full_width=&#8221;stretch_row&#8221;][vc_column css=&#8221;.vc_custom_1712073160436{padding-top: 0px !important;}&#8221;][vc_empty_space height=&#8221;80px&#8221; el_class=&#8221;es-large&#8221;][\/vc_column][\/vc_row]\n<\/div>","protected":false},"excerpt":{"rendered":"<p>[vc_row full_width=&#8221;stretch_row&#8221;][vc_column css=&#8221;.vc_custom_1712073160436{padding-top: 0px !important;}&#8221;][vc_empty_space height=&#8221;50px&#8221; el_class=&#8221;es-large&#8221;][\/vc_column][\/vc_row][vc_row full_width=&#8221;stretch_row&#8221; content_placement=&#8221;middle&#8221; css=&#8221;.vc_custom_1765487342566{border-top-width: 8px !important;border-bottom-width: 8px !important;padding-top: 25px !important;padding-bottom: 25px !important;background: #3C3C3E url(https:\/\/rightturnsupply.com\/wp-content\/uploads\/2025\/12\/gray-bkgd.jpg?id=6589) !important;background-position: center !important;background-repeat: no-repeat !important;background-size: cover !important;border-top-style: solid !important;border-bottom-style: solid !important;border-color: #807e80 !important;}&#8221;][vc_column width=&#8221;2\/3&#8243; css=&#8221;.vc_custom_1712073160436{padding-top: 0px !important;}&#8221;][vc_custom_heading source=&#8221;post_title&#8221; font_container=&#8221;tag:h1|text_align:left|color:%23FFFFFF&#8221; use_theme_fonts=&#8221;yes&#8221; css=&#8221;.vc_custom_1765387895061{margin-bottom: 0px !important;}&#8221; el_class=&#8221;txt-spacing-1&#8243;][\/vc_column][vc_column width=&#8221;1\/3&#8243; css=&#8221;.vc_custom_1765387758961{padding-top: 0px !important;}&#8221;][vc_single_image image=&#8221;6547&#8243; img_size=&#8221;full&#8221; alignment=&#8221;center&#8221; onclick=&#8221;custom_link&#8221; css=&#8221;.vc_custom_1765555337546{margin-bottom: 0px !important;}&#8221; [&hellip;]<\/p>\n","protected":false},"author":2,"featured_media":0,"parent":6036,"menu_order":0,"comment_status":"closed","ping_status":"closed","template":"","meta":{"_acf_changed":false,"inline_featured_image":false,"footnotes":""},"class_list":["post-6108","page","type-page","status-publish","hentry"],"yoast_head":"<!-- This site is optimized with the Yoast SEO plugin v27.2 - https:\/\/yoast.com\/product\/yoast-seo-wordpress\/ -->\n<title>Galer\u00eda de campo - Right Turn Supply<\/title>\n<meta name=\"description\" content=\"L\u00edder en fluidos de perforaci\u00f3n, herramientas a medida y experiencia en el sector. Nuestro compromiso con la excelencia nos impulsa a ofrecer productos y servicios excepcionales.\" \/>\n<meta name=\"robots\" content=\"index, follow, max-snippet:-1, max-image-preview:large, max-video-preview:-1\" \/>\n<link rel=\"canonical\" href=\"https:\/\/rightturnsupply.com\/es\/quienes-somos-2\/quienes-somos-2-2\/\" \/>\n<meta property=\"og:locale\" content=\"es_ES\" \/>\n<meta property=\"og:type\" content=\"article\" \/>\n<meta property=\"og:title\" content=\"Galer\u00eda de campo - Right Turn Supply\" \/>\n<meta property=\"og:description\" content=\"L\u00edder en fluidos de perforaci\u00f3n, herramientas a medida y experiencia en el sector. Nuestro compromiso con la excelencia nos impulsa a ofrecer productos y servicios excepcionales.\" \/>\n<meta property=\"og:url\" content=\"https:\/\/rightturnsupply.com\/es\/quienes-somos-2\/quienes-somos-2-2\/\" \/>\n<meta property=\"og:site_name\" content=\"Right Turn Supply\" \/>\n<meta property=\"article:publisher\" content=\"https:\/\/www.facebook.com\/RightTurnSupply\" \/>\n<meta property=\"article:modified_time\" content=\"2025-12-12T16:02:52+00:00\" \/>\n<meta property=\"og:image\" content=\"https:\/\/rightturnsupply.com\/wp-content\/uploads\/2024\/04\/social-graphic-yoast-seo.jpg\" \/>\n\t<meta property=\"og:image:width\" content=\"1200\" \/>\n\t<meta property=\"og:image:height\" content=\"630\" \/>\n\t<meta property=\"og:image:type\" content=\"image\/jpeg\" \/>\n<meta name=\"twitter:card\" content=\"summary_large_image\" \/>\n<meta name=\"twitter:label1\" content=\"Tiempo de lectura\" \/>\n\t<meta name=\"twitter:data1\" content=\"4 minutos\" \/>\n<script type=\"application\/ld+json\" class=\"yoast-schema-graph\">{\"@context\":\"https:\/\/schema.org\",\"@graph\":[{\"@type\":\"WebPage\",\"@id\":\"https:\/\/rightturnsupply.com\/es\/quienes-somos-2\/quienes-somos-2-2\/\",\"url\":\"https:\/\/rightturnsupply.com\/es\/quienes-somos-2\/quienes-somos-2-2\/\",\"name\":\"Galer\u00eda de campo - Right Turn Supply\",\"isPartOf\":{\"@id\":\"https:\/\/rightturnsupply.com\/es\/#website\"},\"datePublished\":\"2025-12-10T05:03:10+00:00\",\"dateModified\":\"2025-12-12T16:02:52+00:00\",\"description\":\"L\u00edder en fluidos de perforaci\u00f3n, herramientas a medida y experiencia en el sector. Nuestro compromiso con la excelencia nos impulsa a ofrecer productos y servicios excepcionales.\",\"breadcrumb\":{\"@id\":\"https:\/\/rightturnsupply.com\/es\/quienes-somos-2\/quienes-somos-2-2\/#breadcrumb\"},\"inLanguage\":\"es\",\"potentialAction\":[{\"@type\":\"ReadAction\",\"target\":[\"https:\/\/rightturnsupply.com\/es\/quienes-somos-2\/quienes-somos-2-2\/\"]}]},{\"@type\":\"BreadcrumbList\",\"@id\":\"https:\/\/rightturnsupply.com\/es\/quienes-somos-2\/quienes-somos-2-2\/#breadcrumb\",\"itemListElement\":[{\"@type\":\"ListItem\",\"position\":1,\"name\":\"Conexi\u00f3n r\u00e1pida\",\"item\":\"https:\/\/rightturnsupply.com\/es\/quienes-somos-2\/\"},{\"@type\":\"ListItem\",\"position\":2,\"name\":\"Galer\u00eda de campo\"}]},{\"@type\":\"WebSite\",\"@id\":\"https:\/\/rightturnsupply.com\/es\/#website\",\"url\":\"https:\/\/rightturnsupply.com\/es\/\",\"name\":\"Right Turn Supply\",\"description\":\"\",\"publisher\":{\"@id\":\"https:\/\/rightturnsupply.com\/es\/#organization\"},\"potentialAction\":[{\"@type\":\"SearchAction\",\"target\":{\"@type\":\"EntryPoint\",\"urlTemplate\":\"https:\/\/rightturnsupply.com\/es\/?s={search_term_string}\"},\"query-input\":{\"@type\":\"PropertyValueSpecification\",\"valueRequired\":true,\"valueName\":\"search_term_string\"}}],\"inLanguage\":\"es\"},{\"@type\":\"Organization\",\"@id\":\"https:\/\/rightturnsupply.com\/es\/#organization\",\"name\":\"Suministro de giro a la derecha\",\"url\":\"https:\/\/rightturnsupply.com\/es\/\",\"logo\":{\"@type\":\"ImageObject\",\"inLanguage\":\"es\",\"@id\":\"https:\/\/rightturnsupply.com\/es\/#\/schema\/logo\/image\/\",\"url\":\"https:\/\/rightturnsupply.com\/wp-content\/uploads\/2024\/04\/RTS.png\",\"contentUrl\":\"https:\/\/rightturnsupply.com\/wp-content\/uploads\/2024\/04\/RTS.png\",\"width\":436,\"height\":255,\"caption\":\"Suministro de giro a la derecha\"},\"image\":{\"@id\":\"https:\/\/rightturnsupply.com\/es\/#\/schema\/logo\/image\/\"},\"sameAs\":[\"https:\/\/www.facebook.com\/RightTurnSupply\",\"https:\/\/www.instagram.com\/RightTurnSupply\/\",\"https:\/\/www.linkedin.com\/company\/11219426\/\",\"https:\/\/www.youtube.com\/channel\/UCNXnAe0vHuufUiXimiXGaqA\"]}]}<\/script>\n<!-- \/ Yoast SEO plugin. -->","yoast_head_json":{"title":"Galer\u00eda de campo - Right Turn Supply","description":"L\u00edder en fluidos de perforaci\u00f3n, herramientas a medida y experiencia en el sector. Nuestro compromiso con la excelencia nos impulsa a ofrecer productos y servicios excepcionales.","robots":{"index":"index","follow":"follow","max-snippet":"max-snippet:-1","max-image-preview":"max-image-preview:large","max-video-preview":"max-video-preview:-1"},"canonical":"https:\/\/rightturnsupply.com\/es\/quienes-somos-2\/quienes-somos-2-2\/","og_locale":"es_ES","og_type":"article","og_title":"Galer\u00eda de campo - Right Turn Supply","og_description":"L\u00edder en fluidos de perforaci\u00f3n, herramientas a medida y experiencia en el sector. Nuestro compromiso con la excelencia nos impulsa a ofrecer productos y servicios excepcionales.","og_url":"https:\/\/rightturnsupply.com\/es\/quienes-somos-2\/quienes-somos-2-2\/","og_site_name":"Right Turn Supply","article_publisher":"https:\/\/www.facebook.com\/RightTurnSupply","article_modified_time":"2025-12-12T16:02:52+00:00","og_image":[{"width":1200,"height":630,"url":"https:\/\/rightturnsupply.com\/wp-content\/uploads\/2024\/04\/social-graphic-yoast-seo.jpg","type":"image\/jpeg"}],"twitter_card":"summary_large_image","twitter_misc":{"Tiempo de lectura":"4 minutos"},"schema":{"@context":"https:\/\/schema.org","@graph":[{"@type":"WebPage","@id":"https:\/\/rightturnsupply.com\/es\/quienes-somos-2\/quienes-somos-2-2\/","url":"https:\/\/rightturnsupply.com\/es\/quienes-somos-2\/quienes-somos-2-2\/","name":"Galer\u00eda de campo - Right Turn Supply","isPartOf":{"@id":"https:\/\/rightturnsupply.com\/es\/#website"},"datePublished":"2025-12-10T05:03:10+00:00","dateModified":"2025-12-12T16:02:52+00:00","description":"L\u00edder en fluidos de perforaci\u00f3n, herramientas a medida y experiencia en el sector. Nuestro compromiso con la excelencia nos impulsa a ofrecer productos y servicios excepcionales.","breadcrumb":{"@id":"https:\/\/rightturnsupply.com\/es\/quienes-somos-2\/quienes-somos-2-2\/#breadcrumb"},"inLanguage":"es","potentialAction":[{"@type":"ReadAction","target":["https:\/\/rightturnsupply.com\/es\/quienes-somos-2\/quienes-somos-2-2\/"]}]},{"@type":"BreadcrumbList","@id":"https:\/\/rightturnsupply.com\/es\/quienes-somos-2\/quienes-somos-2-2\/#breadcrumb","itemListElement":[{"@type":"ListItem","position":1,"name":"Conexi\u00f3n r\u00e1pida","item":"https:\/\/rightturnsupply.com\/es\/quienes-somos-2\/"},{"@type":"ListItem","position":2,"name":"Galer\u00eda de campo"}]},{"@type":"WebSite","@id":"https:\/\/rightturnsupply.com\/es\/#website","url":"https:\/\/rightturnsupply.com\/es\/","name":"Right Turn Supply","description":"","publisher":{"@id":"https:\/\/rightturnsupply.com\/es\/#organization"},"potentialAction":[{"@type":"SearchAction","target":{"@type":"EntryPoint","urlTemplate":"https:\/\/rightturnsupply.com\/es\/?s={search_term_string}"},"query-input":{"@type":"PropertyValueSpecification","valueRequired":true,"valueName":"search_term_string"}}],"inLanguage":"es"},{"@type":"Organization","@id":"https:\/\/rightturnsupply.com\/es\/#organization","name":"Suministro de giro a la derecha","url":"https:\/\/rightturnsupply.com\/es\/","logo":{"@type":"ImageObject","inLanguage":"es","@id":"https:\/\/rightturnsupply.com\/es\/#\/schema\/logo\/image\/","url":"https:\/\/rightturnsupply.com\/wp-content\/uploads\/2024\/04\/RTS.png","contentUrl":"https:\/\/rightturnsupply.com\/wp-content\/uploads\/2024\/04\/RTS.png","width":436,"height":255,"caption":"Suministro de giro a la derecha"},"image":{"@id":"https:\/\/rightturnsupply.com\/es\/#\/schema\/logo\/image\/"},"sameAs":["https:\/\/www.facebook.com\/RightTurnSupply","https:\/\/www.instagram.com\/RightTurnSupply\/","https:\/\/www.linkedin.com\/company\/11219426\/","https:\/\/www.youtube.com\/channel\/UCNXnAe0vHuufUiXimiXGaqA"]}]}},"acf":[],"_links":{"self":[{"href":"https:\/\/rightturnsupply.com\/es\/wp-json\/wp\/v2\/pages\/6108","targetHints":{"allow":["GET"]}}],"collection":[{"href":"https:\/\/rightturnsupply.com\/es\/wp-json\/wp\/v2\/pages"}],"about":[{"href":"https:\/\/rightturnsupply.com\/es\/wp-json\/wp\/v2\/types\/page"}],"author":[{"embeddable":true,"href":"https:\/\/rightturnsupply.com\/es\/wp-json\/wp\/v2\/users\/2"}],"replies":[{"embeddable":true,"href":"https:\/\/rightturnsupply.com\/es\/wp-json\/wp\/v2\/comments?post=6108"}],"version-history":[{"count":0,"href":"https:\/\/rightturnsupply.com\/es\/wp-json\/wp\/v2\/pages\/6108\/revisions"}],"up":[{"embeddable":true,"href":"https:\/\/rightturnsupply.com\/es\/wp-json\/wp\/v2\/pages\/6036"}],"wp:attachment":[{"href":"https:\/\/rightturnsupply.com\/es\/wp-json\/wp\/v2\/media?parent=6108"}],"curies":[{"name":"wp","href":"https:\/\/api.w.org\/{rel}","templated":true}]}}