{"id":5413,"date":"2025-03-12T16:48:32","date_gmt":"2025-03-12T21:48:32","guid":{"rendered":"https:\/\/rightturnsupply.com\/?page_id=5413"},"modified":"2025-03-12T16:48:32","modified_gmt":"2025-03-12T21:48:32","slug":"tabla-de-mezcla-de-liquidos-2","status":"publish","type":"page","link":"https:\/\/rightturnsupply.com\/es\/recursos\/tabla-de-mezcla-de-liquidos-2\/","title":{"rendered":"Tabla de mezcla de l\u00edquidos"},"content":{"rendered":"<div class=\"wpb-content-wrapper\">[vc_row full_width=&#8221;stretch_row&#8221;][vc_column css=&#8221;.vc_custom_1712073160436{padding-top: 0px !important;}&#8221;][vc_empty_space height=&#8221;73px&#8221; el_class=&#8221;es-large&#8221;][\/vc_column][\/vc_row][vc_row full_width=&#8221;stretch_row&#8221; css=&#8221;.vc_custom_1716926227565{border-top-width: 8px !important;border-bottom-width: 8px !important;padding-top: 25px !important;padding-bottom: 25px !important;background: #000000 url(https:\/\/rightturnsupply.com\/wp-content\/uploads\/2024\/05\/rightturnsupply_title_bg.jpg?id=2442) !important;background-position: center !important;background-repeat: no-repeat !important;background-size: cover !important;border-top-style: solid !important;border-bottom-style: solid !important;border-color: #807e80 !important;}&#8221;][vc_column css=&#8221;.vc_custom_1712073160436{padding-top: 0px !important;}&#8221;][vc_custom_heading source=&#8221;post_title&#8221; font_container=&#8221;tag:h1|font_size:80px|text_align:center|color:%23ffffff|line_height:1&#8243; use_theme_fonts=&#8221;yes&#8221; css=&#8221;.vc_custom_1716926429722{margin-bottom: 0px !important;}&#8221; el_class=&#8221;BigNoodleTitlingOblique txt-spacing-2&#8243;][\/vc_column][\/vc_row][vc_row full_width=&#8221;stretch_row&#8221;][vc_column css=&#8221;.vc_custom_1712073160436{padding-top: 0px !important;}&#8221;][vc_empty_space height=&#8221;80px&#8221; el_class=&#8221;es-large&#8221;][\/vc_column][\/vc_row][vc_row][vc_column][vc_btn title=&#8221;Download Crossover Sheet&#8221; style=&#8221;custom&#8221; custom_background=&#8221;#a8c74c&#8221; custom_text=&#8221;#000000&#8243; shape=&#8221;square&#8221; size=&#8221;lg&#8221; align=&#8221;center&#8221; css=&#8221;.vc_custom_1741816024741{margin-top: -9px !important;margin-bottom: 35px !important;}&#8221; link=&#8221;url:https%3A%2F%2Frightturnsupply.com%2Fwp-content%2Fuploads%2F2025%2F03%2FRight-Turn-Supply-vs.-ProAction-Crossover-Sheet.pdf|title:Download%20Crossover%20Sheet|target:_blank|&#8221; el_class=&#8221;view-products-btn&#8221;][vc_column_text css=&#8221;&#8221;]<div class=\"_df_book df-lite\" id=\"df_5388\"  _slug=\"right-turn-supply-vs-proaction-crossover-sheet\" data-title=\"right-turn-supply-vs-proaction-crossover-sheet\" wpoptions=\"true\" thumb=\"https:\/\/rightturnsupply.com\/wp-content\/uploads\/2025\/03\/Right-Turn-Supply-vs.-ProAction-Crossover-Sheet.jpg\" thumbtype=\"\" ><\/div><script class=\"df-shortcode-script\" nowprocket type=\"application\/javascript\">window.option_df_5388 = {\"outline\":[],\"autoEnableOutline\":\"false\",\"autoEnableThumbnail\":\"false\",\"overwritePDFOutline\":\"false\",\"direction\":\"1\",\"pageSize\":\"0\",\"source\":\"https:\\\/\\\/rightturnsupply.com\\\/wp-content\\\/uploads\\\/2025\\\/03\\\/Right-Turn-Supply-vs.-ProAction-Crossover-Sheet.pdf\",\"wpOptions\":\"true\"}; if(window.DFLIP && window.DFLIP.parseBooks){window.DFLIP.parseBooks();}<\/script>[\/vc_column_text][\/vc_column][\/vc_row][vc_row full_width=&#8221;stretch_row&#8221;][vc_column css=&#8221;.vc_custom_1712073160436{padding-top: 0px !important;}&#8221;][vc_empty_space height=&#8221;60px&#8221; el_class=&#8221;es-medium&#8221;][\/vc_column][\/vc_row]\n<\/div>","protected":false},"excerpt":{"rendered":"<p>[vc_row full_width=&#8221;stretch_row&#8221;][vc_column css=&#8221;.vc_custom_1712073160436{padding-top: 0px !important;}&#8221;][vc_empty_space height=&#8221;73px&#8221; el_class=&#8221;es-large&#8221;][\/vc_column][\/vc_row][vc_row full_width=&#8221;stretch_row&#8221; css=&#8221;.vc_custom_1716926227565{border-top-width: 8px !important;border-bottom-width: 8px !important;padding-top: 25px !important;padding-bottom: 25px !important;background: #000000 url(https:\/\/rightturnsupply.com\/wp-content\/uploads\/2024\/05\/rightturnsupply_title_bg.jpg?id=2442) !important;background-position: center !important;background-repeat: no-repeat !important;background-size: cover !important;border-top-style: solid !important;border-bottom-style: solid !important;border-color: #807e80 !important;}&#8221;][vc_column css=&#8221;.vc_custom_1712073160436{padding-top: 0px !important;}&#8221;][vc_custom_heading source=&#8221;post_title&#8221; font_container=&#8221;tag:h1|font_size:80px|text_align:center|color:%23ffffff|line_height:1&#8243; use_theme_fonts=&#8221;yes&#8221; css=&#8221;.vc_custom_1716926429722{margin-bottom: 0px !important;}&#8221; el_class=&#8221;BigNoodleTitlingOblique txt-spacing-2&#8243;][\/vc_column][\/vc_row][vc_row full_width=&#8221;stretch_row&#8221;][vc_column css=&#8221;.vc_custom_1712073160436{padding-top: 0px !important;}&#8221;][vc_empty_space height=&#8221;80px&#8221; el_class=&#8221;es-large&#8221;][\/vc_column][\/vc_row][vc_row][vc_column][vc_btn title=&#8221;Download Crossover Sheet&#8221; style=&#8221;custom&#8221; custom_background=&#8221;#a8c74c&#8221; custom_text=&#8221;#000000&#8243; [&hellip;]<\/p>\n","protected":false},"author":2,"featured_media":0,"parent":5351,"menu_order":0,"comment_status":"closed","ping_status":"closed","template":"","meta":{"_acf_changed":false,"inline_featured_image":false,"footnotes":""},"class_list":["post-5413","page","type-page","status-publish","hentry"],"yoast_head":"<!-- This site is optimized with the Yoast SEO plugin v27.4 - https:\/\/yoast.com\/product\/yoast-seo-wordpress\/ -->\n<title>Tabla de mezcla de l\u00edquidos - Right Turn Supply<\/title>\n<meta name=\"description\" content=\"L\u00edder en fluidos de perforaci\u00f3n, herramientas a medida y experiencia en el sector. Nuestro compromiso con la excelencia nos impulsa a ofrecer productos y servicios excepcionales.\" \/>\n<meta name=\"robots\" content=\"index, follow, max-snippet:-1, max-image-preview:large, max-video-preview:-1\" \/>\n<link rel=\"canonical\" href=\"https:\/\/rightturnsupply.com\/es\/recursos\/tabla-de-mezcla-de-liquidos-2\/\" \/>\n<meta property=\"og:locale\" content=\"es_ES\" \/>\n<meta property=\"og:type\" content=\"article\" \/>\n<meta property=\"og:title\" content=\"Tabla de mezcla de l\u00edquidos - Right Turn Supply\" \/>\n<meta property=\"og:description\" content=\"L\u00edder en fluidos de perforaci\u00f3n, herramientas a medida y experiencia en el sector. Nuestro compromiso con la excelencia nos impulsa a ofrecer productos y servicios excepcionales.\" \/>\n<meta property=\"og:url\" content=\"https:\/\/rightturnsupply.com\/es\/recursos\/tabla-de-mezcla-de-liquidos-2\/\" \/>\n<meta property=\"og:site_name\" content=\"Right Turn Supply\" \/>\n<meta property=\"article:publisher\" content=\"https:\/\/www.facebook.com\/RightTurnSupply\" \/>\n<meta property=\"og:image\" content=\"https:\/\/rightturnsupply.com\/wp-content\/uploads\/2024\/04\/social-graphic-yoast-seo.jpg\" \/>\n\t<meta property=\"og:image:width\" content=\"1200\" \/>\n\t<meta property=\"og:image:height\" content=\"630\" \/>\n\t<meta property=\"og:image:type\" content=\"image\/jpeg\" \/>\n<meta name=\"twitter:card\" content=\"summary_large_image\" \/>\n<meta name=\"twitter:label1\" content=\"Tiempo de lectura\" \/>\n\t<meta name=\"twitter:data1\" content=\"1 minuto\" \/>\n<script type=\"application\/ld+json\" class=\"yoast-schema-graph\">{\"@context\":\"https:\\\/\\\/schema.org\",\"@graph\":[{\"@type\":\"WebPage\",\"@id\":\"https:\\\/\\\/rightturnsupply.com\\\/es\\\/recursos\\\/tabla-de-mezcla-de-liquidos-2\\\/\",\"url\":\"https:\\\/\\\/rightturnsupply.com\\\/es\\\/recursos\\\/tabla-de-mezcla-de-liquidos-2\\\/\",\"name\":\"Tabla de mezcla de l\u00edquidos - Right Turn Supply\",\"isPartOf\":{\"@id\":\"https:\\\/\\\/rightturnsupply.com\\\/es\\\/#website\"},\"datePublished\":\"2025-03-12T21:48:32+00:00\",\"description\":\"L\u00edder en fluidos de perforaci\u00f3n, herramientas a medida y experiencia en el sector. Nuestro compromiso con la excelencia nos impulsa a ofrecer productos y servicios excepcionales.\",\"breadcrumb\":{\"@id\":\"https:\\\/\\\/rightturnsupply.com\\\/es\\\/recursos\\\/tabla-de-mezcla-de-liquidos-2\\\/#breadcrumb\"},\"inLanguage\":\"es\",\"potentialAction\":[{\"@type\":\"ReadAction\",\"target\":[\"https:\\\/\\\/rightturnsupply.com\\\/es\\\/recursos\\\/tabla-de-mezcla-de-liquidos-2\\\/\"]}]},{\"@type\":\"BreadcrumbList\",\"@id\":\"https:\\\/\\\/rightturnsupply.com\\\/es\\\/recursos\\\/tabla-de-mezcla-de-liquidos-2\\\/#breadcrumb\",\"itemListElement\":[{\"@type\":\"ListItem\",\"position\":1,\"name\":\"Recursos\",\"item\":\"https:\\\/\\\/rightturnsupply.com\\\/es\\\/recursos\\\/\"},{\"@type\":\"ListItem\",\"position\":2,\"name\":\"Tabla de mezcla de l\u00edquidos\"}]},{\"@type\":\"WebSite\",\"@id\":\"https:\\\/\\\/rightturnsupply.com\\\/es\\\/#website\",\"url\":\"https:\\\/\\\/rightturnsupply.com\\\/es\\\/\",\"name\":\"Right Turn Supply\",\"description\":\"\",\"publisher\":{\"@id\":\"https:\\\/\\\/rightturnsupply.com\\\/es\\\/#organization\"},\"potentialAction\":[{\"@type\":\"SearchAction\",\"target\":{\"@type\":\"EntryPoint\",\"urlTemplate\":\"https:\\\/\\\/rightturnsupply.com\\\/es\\\/?s={search_term_string}\"},\"query-input\":{\"@type\":\"PropertyValueSpecification\",\"valueRequired\":true,\"valueName\":\"search_term_string\"}}],\"inLanguage\":\"es\"},{\"@type\":\"Organization\",\"@id\":\"https:\\\/\\\/rightturnsupply.com\\\/es\\\/#organization\",\"name\":\"Suministro de giro a la derecha\",\"url\":\"https:\\\/\\\/rightturnsupply.com\\\/es\\\/\",\"logo\":{\"@type\":\"ImageObject\",\"inLanguage\":\"es\",\"@id\":\"https:\\\/\\\/rightturnsupply.com\\\/es\\\/#\\\/schema\\\/logo\\\/image\\\/\",\"url\":\"https:\\\/\\\/rightturnsupply.com\\\/wp-content\\\/uploads\\\/2024\\\/04\\\/RTS.png\",\"contentUrl\":\"https:\\\/\\\/rightturnsupply.com\\\/wp-content\\\/uploads\\\/2024\\\/04\\\/RTS.png\",\"width\":436,\"height\":255,\"caption\":\"Suministro de giro a la derecha\"},\"image\":{\"@id\":\"https:\\\/\\\/rightturnsupply.com\\\/es\\\/#\\\/schema\\\/logo\\\/image\\\/\"},\"sameAs\":[\"https:\\\/\\\/www.facebook.com\\\/RightTurnSupply\",\"https:\\\/\\\/www.instagram.com\\\/RightTurnSupply\\\/\",\"https:\\\/\\\/www.linkedin.com\\\/company\\\/11219426\\\/\",\"https:\\\/\\\/www.youtube.com\\\/channel\\\/UCNXnAe0vHuufUiXimiXGaqA\"]}]}<\/script>\n<!-- \/ Yoast SEO plugin. -->","yoast_head_json":{"title":"Tabla de mezcla de l\u00edquidos - Right Turn Supply","description":"L\u00edder en fluidos de perforaci\u00f3n, herramientas a medida y experiencia en el sector. Nuestro compromiso con la excelencia nos impulsa a ofrecer productos y servicios excepcionales.","robots":{"index":"index","follow":"follow","max-snippet":"max-snippet:-1","max-image-preview":"max-image-preview:large","max-video-preview":"max-video-preview:-1"},"canonical":"https:\/\/rightturnsupply.com\/es\/recursos\/tabla-de-mezcla-de-liquidos-2\/","og_locale":"es_ES","og_type":"article","og_title":"Tabla de mezcla de l\u00edquidos - Right Turn Supply","og_description":"L\u00edder en fluidos de perforaci\u00f3n, herramientas a medida y experiencia en el sector. Nuestro compromiso con la excelencia nos impulsa a ofrecer productos y servicios excepcionales.","og_url":"https:\/\/rightturnsupply.com\/es\/recursos\/tabla-de-mezcla-de-liquidos-2\/","og_site_name":"Right Turn Supply","article_publisher":"https:\/\/www.facebook.com\/RightTurnSupply","og_image":[{"width":1200,"height":630,"url":"https:\/\/rightturnsupply.com\/wp-content\/uploads\/2024\/04\/social-graphic-yoast-seo.jpg","type":"image\/jpeg"}],"twitter_card":"summary_large_image","twitter_misc":{"Tiempo de lectura":"1 minuto"},"schema":{"@context":"https:\/\/schema.org","@graph":[{"@type":"WebPage","@id":"https:\/\/rightturnsupply.com\/es\/recursos\/tabla-de-mezcla-de-liquidos-2\/","url":"https:\/\/rightturnsupply.com\/es\/recursos\/tabla-de-mezcla-de-liquidos-2\/","name":"Tabla de mezcla de l\u00edquidos - Right Turn Supply","isPartOf":{"@id":"https:\/\/rightturnsupply.com\/es\/#website"},"datePublished":"2025-03-12T21:48:32+00:00","description":"L\u00edder en fluidos de perforaci\u00f3n, herramientas a medida y experiencia en el sector. Nuestro compromiso con la excelencia nos impulsa a ofrecer productos y servicios excepcionales.","breadcrumb":{"@id":"https:\/\/rightturnsupply.com\/es\/recursos\/tabla-de-mezcla-de-liquidos-2\/#breadcrumb"},"inLanguage":"es","potentialAction":[{"@type":"ReadAction","target":["https:\/\/rightturnsupply.com\/es\/recursos\/tabla-de-mezcla-de-liquidos-2\/"]}]},{"@type":"BreadcrumbList","@id":"https:\/\/rightturnsupply.com\/es\/recursos\/tabla-de-mezcla-de-liquidos-2\/#breadcrumb","itemListElement":[{"@type":"ListItem","position":1,"name":"Recursos","item":"https:\/\/rightturnsupply.com\/es\/recursos\/"},{"@type":"ListItem","position":2,"name":"Tabla de mezcla de l\u00edquidos"}]},{"@type":"WebSite","@id":"https:\/\/rightturnsupply.com\/es\/#website","url":"https:\/\/rightturnsupply.com\/es\/","name":"Right Turn Supply","description":"","publisher":{"@id":"https:\/\/rightturnsupply.com\/es\/#organization"},"potentialAction":[{"@type":"SearchAction","target":{"@type":"EntryPoint","urlTemplate":"https:\/\/rightturnsupply.com\/es\/?s={search_term_string}"},"query-input":{"@type":"PropertyValueSpecification","valueRequired":true,"valueName":"search_term_string"}}],"inLanguage":"es"},{"@type":"Organization","@id":"https:\/\/rightturnsupply.com\/es\/#organization","name":"Suministro de giro a la derecha","url":"https:\/\/rightturnsupply.com\/es\/","logo":{"@type":"ImageObject","inLanguage":"es","@id":"https:\/\/rightturnsupply.com\/es\/#\/schema\/logo\/image\/","url":"https:\/\/rightturnsupply.com\/wp-content\/uploads\/2024\/04\/RTS.png","contentUrl":"https:\/\/rightturnsupply.com\/wp-content\/uploads\/2024\/04\/RTS.png","width":436,"height":255,"caption":"Suministro de giro a la derecha"},"image":{"@id":"https:\/\/rightturnsupply.com\/es\/#\/schema\/logo\/image\/"},"sameAs":["https:\/\/www.facebook.com\/RightTurnSupply","https:\/\/www.instagram.com\/RightTurnSupply\/","https:\/\/www.linkedin.com\/company\/11219426\/","https:\/\/www.youtube.com\/channel\/UCNXnAe0vHuufUiXimiXGaqA"]}]}},"acf":[],"_links":{"self":[{"href":"https:\/\/rightturnsupply.com\/es\/wp-json\/wp\/v2\/pages\/5413","targetHints":{"allow":["GET"]}}],"collection":[{"href":"https:\/\/rightturnsupply.com\/es\/wp-json\/wp\/v2\/pages"}],"about":[{"href":"https:\/\/rightturnsupply.com\/es\/wp-json\/wp\/v2\/types\/page"}],"author":[{"embeddable":true,"href":"https:\/\/rightturnsupply.com\/es\/wp-json\/wp\/v2\/users\/2"}],"replies":[{"embeddable":true,"href":"https:\/\/rightturnsupply.com\/es\/wp-json\/wp\/v2\/comments?post=5413"}],"version-history":[{"count":0,"href":"https:\/\/rightturnsupply.com\/es\/wp-json\/wp\/v2\/pages\/5413\/revisions"}],"up":[{"embeddable":true,"href":"https:\/\/rightturnsupply.com\/es\/wp-json\/wp\/v2\/pages\/5351"}],"wp:attachment":[{"href":"https:\/\/rightturnsupply.com\/es\/wp-json\/wp\/v2\/media?parent=5413"}],"curies":[{"name":"wp","href":"https:\/\/api.w.org\/{rel}","templated":true}]}}