{"id":4941,"date":"2017-08-08T15:43:13","date_gmt":"2017-08-08T20:43:13","guid":{"rendered":"https:\/\/rightturnsupply.com\/medios-de-comunicacion\/"},"modified":"2025-02-11T12:56:11","modified_gmt":"2025-02-11T18:56:11","slug":"medios-de-comunicacion","status":"publish","type":"page","link":"https:\/\/rightturnsupply.com\/es\/medios-de-comunicacion\/","title":{"rendered":"Medios de comunicaci\u00f3n"},"content":{"rendered":"<div class=\"wpb-content-wrapper\">[vc_row full_width=&#8221;stretch_row&#8221;][vc_column css=&#8221;.vc_custom_1712073160436{padding-top: 0px !important;}&#8221;][vc_empty_space height=&#8221;73px&#8221; el_class=&#8221;es-large&#8221;][\/vc_column][\/vc_row][vc_row full_width=&#8221;stretch_row&#8221; css=&#8221;.vc_custom_1716926227565{border-top-width: 8px !important;border-bottom-width: 8px !important;padding-top: 25px !important;padding-bottom: 25px !important;background: #000000 url(https:\/\/rightturnsupply.com\/wp-content\/uploads\/2024\/05\/rightturnsupply_title_bg.jpg?id=2442) !important;background-position: center !important;background-repeat: no-repeat !important;background-size: cover !important;border-top-style: solid !important;border-bottom-style: solid !important;border-color: #807e80 !important;}&#8221;][vc_column css=&#8221;.vc_custom_1712073160436{padding-top: 0px !important;}&#8221;][vc_custom_heading source=&#8221;post_title&#8221; font_container=&#8221;tag:h1|font_size:80px|text_align:center|color:%23ffffff|line_height:1&#8243; use_theme_fonts=&#8221;yes&#8221; css=&#8221;.vc_custom_1716926429722{margin-bottom: 0px !important;}&#8221; el_class=&#8221;BigNoodleTitlingOblique txt-spacing-2&#8243;][\/vc_column][\/vc_row][vc_row full_width=&#8221;stretch_row&#8221;][vc_column css=&#8221;.vc_custom_1712073160436{padding-top: 0px !important;}&#8221;][vc_empty_space height=&#8221;60px&#8221; el_class=&#8221;es-large&#8221;][\/vc_column][\/vc_row][vc_row][vc_column][vc_raw_html css=&#8221;&#8221;]W2Vzc19ncmlkIGFsaWFzPSJtZWRpYS15dCJdWy9lc3NfZ3JpZF0=[\/vc_raw_html][\/vc_column][\/vc_row][vc_row full_width=&#8221;stretch_row&#8221;][vc_column css=&#8221;.vc_custom_1712073160436{padding-top: 0px !important;}&#8221;][vc_empty_space height=&#8221;85px&#8221; el_class=&#8221;es-large&#8221;][\/vc_column][\/vc_row]\n<\/div>","protected":false},"excerpt":{"rendered":"<p>[vc_row full_width=&#8221;stretch_row&#8221;][vc_column css=&#8221;.vc_custom_1712073160436{padding-top: 0px !important;}&#8221;][vc_empty_space height=&#8221;73px&#8221; el_class=&#8221;es-large&#8221;][\/vc_column][\/vc_row][vc_row full_width=&#8221;stretch_row&#8221; css=&#8221;.vc_custom_1716926227565{border-top-width: 8px !important;border-bottom-width: 8px !important;padding-top: 25px !important;padding-bottom: 25px !important;background: #000000 url(https:\/\/rightturnsupply.com\/wp-content\/uploads\/2024\/05\/rightturnsupply_title_bg.jpg?id=2442) !important;background-position: center !important;background-repeat: no-repeat !important;background-size: cover !important;border-top-style: solid !important;border-bottom-style: solid !important;border-color: #807e80 !important;}&#8221;][vc_column css=&#8221;.vc_custom_1712073160436{padding-top: 0px !important;}&#8221;][vc_custom_heading source=&#8221;post_title&#8221; font_container=&#8221;tag:h1|font_size:80px|text_align:center|color:%23ffffff|line_height:1&#8243; use_theme_fonts=&#8221;yes&#8221; css=&#8221;.vc_custom_1716926429722{margin-bottom: 0px !important;}&#8221; el_class=&#8221;BigNoodleTitlingOblique txt-spacing-2&#8243;][\/vc_column][\/vc_row][vc_row full_width=&#8221;stretch_row&#8221;][vc_column css=&#8221;.vc_custom_1712073160436{padding-top: 0px !important;}&#8221;][vc_empty_space height=&#8221;60px&#8221; el_class=&#8221;es-large&#8221;][\/vc_column][\/vc_row][vc_row][vc_column][vc_raw_html css=&#8221;&#8221;]W2Vzc19ncmlkIGFsaWFzPSJtZWRpYS15dCJdWy9lc3NfZ3JpZF0=[\/vc_raw_html][\/vc_column][\/vc_row][vc_row full_width=&#8221;stretch_row&#8221;][vc_column css=&#8221;.vc_custom_1712073160436{padding-top: 0px !important;}&#8221;][vc_empty_space height=&#8221;85px&#8221; [&hellip;]<\/p>\n","protected":false},"author":2,"featured_media":0,"parent":0,"menu_order":0,"comment_status":"closed","ping_status":"closed","template":"","meta":{"_acf_changed":false,"inline_featured_image":false,"footnotes":""},"class_list":["post-4941","page","type-page","status-publish","hentry"],"yoast_head":"<!-- This site is optimized with the Yoast SEO plugin v27.4 - https:\/\/yoast.com\/product\/yoast-seo-wordpress\/ -->\n<title>Medios de comunicaci\u00f3n - Right Turn Supply<\/title>\n<meta name=\"description\" content=\"Right Turn Supply es tu proveedor integral de fluidos de perforaci\u00f3n, herramientas personalizadas y soluciones expertas. Estamos especializados en los sectores de la perforaci\u00f3n de pozos de alta profundidad, la miner\u00eda y los pozos de agua, y ofrecemos productos de la m\u00e1xima calidad y una asistencia inigualable.\" \/>\n<meta name=\"robots\" content=\"index, follow, max-snippet:-1, max-image-preview:large, max-video-preview:-1\" \/>\n<link rel=\"canonical\" href=\"https:\/\/rightturnsupply.com\/es\/medios-de-comunicacion\/\" \/>\n<meta property=\"og:locale\" content=\"es_ES\" \/>\n<meta property=\"og:type\" content=\"article\" \/>\n<meta property=\"og:title\" content=\"Medios de comunicaci\u00f3n - Right Turn Supply\" \/>\n<meta property=\"og:description\" content=\"Right Turn Supply es tu proveedor integral de fluidos de perforaci\u00f3n, herramientas personalizadas y soluciones expertas. Estamos especializados en los sectores de la perforaci\u00f3n de pozos de alta profundidad, la miner\u00eda y los pozos de agua, y ofrecemos productos de la m\u00e1xima calidad y una asistencia inigualable.\" \/>\n<meta property=\"og:url\" content=\"https:\/\/rightturnsupply.com\/es\/medios-de-comunicacion\/\" \/>\n<meta property=\"og:site_name\" content=\"Right Turn Supply\" \/>\n<meta property=\"article:publisher\" content=\"https:\/\/www.facebook.com\/RightTurnSupply\" \/>\n<meta property=\"article:modified_time\" content=\"2025-02-11T18:56:11+00:00\" \/>\n<meta property=\"og:image\" content=\"https:\/\/rightturnsupply.com\/wp-content\/uploads\/2024\/04\/social-graphic-yoast-seo.jpg\" \/>\n\t<meta property=\"og:image:width\" content=\"1200\" \/>\n\t<meta property=\"og:image:height\" content=\"630\" \/>\n\t<meta property=\"og:image:type\" content=\"image\/jpeg\" \/>\n<meta name=\"twitter:card\" content=\"summary_large_image\" \/>\n<meta name=\"twitter:label1\" content=\"Tiempo de lectura\" \/>\n\t<meta name=\"twitter:data1\" content=\"1 minuto\" \/>\n<script type=\"application\/ld+json\" class=\"yoast-schema-graph\">{\"@context\":\"https:\\\/\\\/schema.org\",\"@graph\":[{\"@type\":\"WebPage\",\"@id\":\"https:\\\/\\\/rightturnsupply.com\\\/es\\\/medios-de-comunicacion\\\/\",\"url\":\"https:\\\/\\\/rightturnsupply.com\\\/es\\\/medios-de-comunicacion\\\/\",\"name\":\"Medios de comunicaci\u00f3n - Right Turn Supply\",\"isPartOf\":{\"@id\":\"https:\\\/\\\/rightturnsupply.com\\\/es\\\/#website\"},\"datePublished\":\"2017-08-08T20:43:13+00:00\",\"dateModified\":\"2025-02-11T18:56:11+00:00\",\"description\":\"Right Turn Supply es tu proveedor integral de fluidos de perforaci\u00f3n, herramientas personalizadas y soluciones expertas. Estamos especializados en los sectores de la perforaci\u00f3n de pozos de alta profundidad, la miner\u00eda y los pozos de agua, y ofrecemos productos de la m\u00e1xima calidad y una asistencia inigualable.\",\"inLanguage\":\"es\",\"potentialAction\":[{\"@type\":\"ReadAction\",\"target\":[\"https:\\\/\\\/rightturnsupply.com\\\/es\\\/medios-de-comunicacion\\\/\"]}]},{\"@type\":\"WebSite\",\"@id\":\"https:\\\/\\\/rightturnsupply.com\\\/es\\\/#website\",\"url\":\"https:\\\/\\\/rightturnsupply.com\\\/es\\\/\",\"name\":\"Right Turn Supply\",\"description\":\"\",\"publisher\":{\"@id\":\"https:\\\/\\\/rightturnsupply.com\\\/es\\\/#organization\"},\"potentialAction\":[{\"@type\":\"SearchAction\",\"target\":{\"@type\":\"EntryPoint\",\"urlTemplate\":\"https:\\\/\\\/rightturnsupply.com\\\/es\\\/?s={search_term_string}\"},\"query-input\":{\"@type\":\"PropertyValueSpecification\",\"valueRequired\":true,\"valueName\":\"search_term_string\"}}],\"inLanguage\":\"es\"},{\"@type\":\"Organization\",\"@id\":\"https:\\\/\\\/rightturnsupply.com\\\/es\\\/#organization\",\"name\":\"Suministro de giro a la derecha\",\"url\":\"https:\\\/\\\/rightturnsupply.com\\\/es\\\/\",\"logo\":{\"@type\":\"ImageObject\",\"inLanguage\":\"es\",\"@id\":\"https:\\\/\\\/rightturnsupply.com\\\/es\\\/#\\\/schema\\\/logo\\\/image\\\/\",\"url\":\"https:\\\/\\\/rightturnsupply.com\\\/wp-content\\\/uploads\\\/2024\\\/04\\\/RTS.png\",\"contentUrl\":\"https:\\\/\\\/rightturnsupply.com\\\/wp-content\\\/uploads\\\/2024\\\/04\\\/RTS.png\",\"width\":436,\"height\":255,\"caption\":\"Suministro de giro a la derecha\"},\"image\":{\"@id\":\"https:\\\/\\\/rightturnsupply.com\\\/es\\\/#\\\/schema\\\/logo\\\/image\\\/\"},\"sameAs\":[\"https:\\\/\\\/www.facebook.com\\\/RightTurnSupply\",\"https:\\\/\\\/www.instagram.com\\\/RightTurnSupply\\\/\",\"https:\\\/\\\/www.linkedin.com\\\/company\\\/11219426\\\/\",\"https:\\\/\\\/www.youtube.com\\\/channel\\\/UCNXnAe0vHuufUiXimiXGaqA\"]}]}<\/script>\n<!-- \/ Yoast SEO plugin. -->","yoast_head_json":{"title":"Medios de comunicaci\u00f3n - Right Turn Supply","description":"Right Turn Supply es tu proveedor integral de fluidos de perforaci\u00f3n, herramientas personalizadas y soluciones expertas. Estamos especializados en los sectores de la perforaci\u00f3n de pozos de alta profundidad, la miner\u00eda y los pozos de agua, y ofrecemos productos de la m\u00e1xima calidad y una asistencia inigualable.","robots":{"index":"index","follow":"follow","max-snippet":"max-snippet:-1","max-image-preview":"max-image-preview:large","max-video-preview":"max-video-preview:-1"},"canonical":"https:\/\/rightturnsupply.com\/es\/medios-de-comunicacion\/","og_locale":"es_ES","og_type":"article","og_title":"Medios de comunicaci\u00f3n - Right Turn Supply","og_description":"Right Turn Supply es tu proveedor integral de fluidos de perforaci\u00f3n, herramientas personalizadas y soluciones expertas. Estamos especializados en los sectores de la perforaci\u00f3n de pozos de alta profundidad, la miner\u00eda y los pozos de agua, y ofrecemos productos de la m\u00e1xima calidad y una asistencia inigualable.","og_url":"https:\/\/rightturnsupply.com\/es\/medios-de-comunicacion\/","og_site_name":"Right Turn Supply","article_publisher":"https:\/\/www.facebook.com\/RightTurnSupply","article_modified_time":"2025-02-11T18:56:11+00:00","og_image":[{"width":1200,"height":630,"url":"https:\/\/rightturnsupply.com\/wp-content\/uploads\/2024\/04\/social-graphic-yoast-seo.jpg","type":"image\/jpeg"}],"twitter_card":"summary_large_image","twitter_misc":{"Tiempo de lectura":"1 minuto"},"schema":{"@context":"https:\/\/schema.org","@graph":[{"@type":"WebPage","@id":"https:\/\/rightturnsupply.com\/es\/medios-de-comunicacion\/","url":"https:\/\/rightturnsupply.com\/es\/medios-de-comunicacion\/","name":"Medios de comunicaci\u00f3n - Right Turn Supply","isPartOf":{"@id":"https:\/\/rightturnsupply.com\/es\/#website"},"datePublished":"2017-08-08T20:43:13+00:00","dateModified":"2025-02-11T18:56:11+00:00","description":"Right Turn Supply es tu proveedor integral de fluidos de perforaci\u00f3n, herramientas personalizadas y soluciones expertas. Estamos especializados en los sectores de la perforaci\u00f3n de pozos de alta profundidad, la miner\u00eda y los pozos de agua, y ofrecemos productos de la m\u00e1xima calidad y una asistencia inigualable.","inLanguage":"es","potentialAction":[{"@type":"ReadAction","target":["https:\/\/rightturnsupply.com\/es\/medios-de-comunicacion\/"]}]},{"@type":"WebSite","@id":"https:\/\/rightturnsupply.com\/es\/#website","url":"https:\/\/rightturnsupply.com\/es\/","name":"Right Turn Supply","description":"","publisher":{"@id":"https:\/\/rightturnsupply.com\/es\/#organization"},"potentialAction":[{"@type":"SearchAction","target":{"@type":"EntryPoint","urlTemplate":"https:\/\/rightturnsupply.com\/es\/?s={search_term_string}"},"query-input":{"@type":"PropertyValueSpecification","valueRequired":true,"valueName":"search_term_string"}}],"inLanguage":"es"},{"@type":"Organization","@id":"https:\/\/rightturnsupply.com\/es\/#organization","name":"Suministro de giro a la derecha","url":"https:\/\/rightturnsupply.com\/es\/","logo":{"@type":"ImageObject","inLanguage":"es","@id":"https:\/\/rightturnsupply.com\/es\/#\/schema\/logo\/image\/","url":"https:\/\/rightturnsupply.com\/wp-content\/uploads\/2024\/04\/RTS.png","contentUrl":"https:\/\/rightturnsupply.com\/wp-content\/uploads\/2024\/04\/RTS.png","width":436,"height":255,"caption":"Suministro de giro a la derecha"},"image":{"@id":"https:\/\/rightturnsupply.com\/es\/#\/schema\/logo\/image\/"},"sameAs":["https:\/\/www.facebook.com\/RightTurnSupply","https:\/\/www.instagram.com\/RightTurnSupply\/","https:\/\/www.linkedin.com\/company\/11219426\/","https:\/\/www.youtube.com\/channel\/UCNXnAe0vHuufUiXimiXGaqA"]}]}},"acf":[],"_links":{"self":[{"href":"https:\/\/rightturnsupply.com\/es\/wp-json\/wp\/v2\/pages\/4941","targetHints":{"allow":["GET"]}}],"collection":[{"href":"https:\/\/rightturnsupply.com\/es\/wp-json\/wp\/v2\/pages"}],"about":[{"href":"https:\/\/rightturnsupply.com\/es\/wp-json\/wp\/v2\/types\/page"}],"author":[{"embeddable":true,"href":"https:\/\/rightturnsupply.com\/es\/wp-json\/wp\/v2\/users\/2"}],"replies":[{"embeddable":true,"href":"https:\/\/rightturnsupply.com\/es\/wp-json\/wp\/v2\/comments?post=4941"}],"version-history":[{"count":0,"href":"https:\/\/rightturnsupply.com\/es\/wp-json\/wp\/v2\/pages\/4941\/revisions"}],"wp:attachment":[{"href":"https:\/\/rightturnsupply.com\/es\/wp-json\/wp\/v2\/media?parent=4941"}],"curies":[{"name":"wp","href":"https:\/\/api.w.org\/{rel}","templated":true}]}}