{"id":4598,"date":"2024-09-04T15:47:39","date_gmt":"2024-09-04T20:47:39","guid":{"rendered":"https:\/\/rightturnsupply.com\/noticias\/"},"modified":"2025-02-11T12:56:32","modified_gmt":"2025-02-11T18:56:32","slug":"noticias","status":"publish","type":"page","link":"https:\/\/rightturnsupply.com\/es\/noticias\/","title":{"rendered":"Noticias"},"content":{"rendered":"<div class=\"wpb-content-wrapper\">[vc_row full_width=&#8221;stretch_row&#8221;][vc_column css=&#8221;.vc_custom_1712073160436{padding-top: 0px !important;}&#8221;][vc_empty_space height=&#8221;73px&#8221; el_class=&#8221;es-large&#8221;][\/vc_column][\/vc_row][vc_row full_width=&#8221;stretch_row&#8221; css=&#8221;.vc_custom_1716926227565{border-top-width: 8px !important;border-bottom-width: 8px !important;padding-top: 25px !important;padding-bottom: 25px !important;background: #000000 url(https:\/\/rightturnsupply.com\/wp-content\/uploads\/2024\/05\/rightturnsupply_title_bg.jpg?id=2442) !important;background-position: center !important;background-repeat: no-repeat !important;background-size: cover !important;border-top-style: solid !important;border-bottom-style: solid !important;border-color: #807e80 !important;}&#8221;][vc_column css=&#8221;.vc_custom_1712073160436{padding-top: 0px !important;}&#8221;][vc_custom_heading source=&#8221;post_title&#8221; font_container=&#8221;tag:h1|font_size:80px|text_align:center|color:%23ffffff|line_height:1&#8243; use_theme_fonts=&#8221;yes&#8221; css=&#8221;.vc_custom_1716926429722{margin-bottom: 0px !important;}&#8221; el_class=&#8221;BigNoodleTitlingOblique txt-spacing-2&#8243;][\/vc_column][\/vc_row][vc_row full_width=&#8221;stretch_row&#8221;][vc_column css=&#8221;.vc_custom_1712073160436{padding-top: 0px !important;}&#8221;][vc_empty_space height=&#8221;85px&#8221; el_class=&#8221;es-large&#8221;][\/vc_column][\/vc_row][vc_row][vc_column]<div class=\"wppm wppm-list columns-1 gutter-50 list-gutter-50 split-20-80 full-border wppm_custom_css_1\"><div id=\"post-4935\" class=\"wppm-post 4935 post-4935 post type-post status-publish format-standard has-post-thumbnail hentry category-sin-categoria\"><div class=\"post-img-wrap\"><div class=\"post-img\"><a href=\"https:\/\/rightturnsupply.com\/es\/sin-categoria\/right-turn-supply-lanza-envirodry-liquido\/\" title=\"Right Turn Supply lanza EnviroDry l\u00edquido\"><img decoding=\"async\" class=\"wppm-img\" src=\"https:\/\/rightturnsupply.com\/wp-content\/uploads\/bfi_thumb\/liquid-envirodry-1-22pxfudc1xt0jyt10hbxfvy0r6rd1fvw0wy19gzmet70.jpg\" alt=\"Right Turn Supply lanza EnviroDry l\u00edquido\" title=\"Right Turn Supply lanza EnviroDry l\u00edquido\"\/><\/a><\/div><\/div><div class=\"post-content\"><h2 class=\"entry-title fs-34 fw-400\"><a href=\"https:\/\/rightturnsupply.com\/es\/sin-categoria\/right-turn-supply-lanza-envirodry-liquido\/\" title=\"Right Turn Supply lanza EnviroDry l\u00edquido\">Right Turn Supply lanza EnviroDry l\u00edquido<\/a><\/h2><aside class=\"meta-row row-2\"><div class=\"meta-col\"><ul class=\"entry-meta\"><li class=\"post-time\"><time class=\"entry-date updated\" datetime=\"2024-11-01T11:03:26-05:00\">noviembre 1, 2024<\/time><\/li><li class=\"post-author schema-only\"><span class=\"screen-reader-text\">Autor<\/span><a href=\"https:\/\/rightturnsupply.com\/es\/author\/ehuttonrightturnsupply-com\/\"><span class=\"vcard author Emma Hutton\"><span class=\"fn\">Emma Hutton<\/span><\/span><\/a><\/li><\/ul><\/div><\/aside><p class=\"post-text fs-14\">Pella, Iowa - 1 de noviembre de 2024 - Right Turn Supply se enorgullece de anunciar el lanzamiento oficial de Liquid EnviroDry, un producto innovador, desarrollado internamente y pendiente de patente, que est\u00e1 llamado a revolucionar la gesti\u00f3n de residuos y la protecci\u00f3n medioambiental en las industrias de HDD, Miner\u00eda, &hellip;<\/p><aside class=\"meta-row row-3\"><div class=\"meta-col col-50\"><a class=\"readmore-link\" href=\"https:\/\/rightturnsupply.com\/es\/sin-categoria\/right-turn-supply-lanza-envirodry-liquido\/\">Read More<\/a><\/div><div class=\"meta-col col-50 text-right\"><\/div><\/aside><\/div><\/div><div id=\"post-4930\" class=\"wppm-post 4930 post-4930 post type-post status-publish format-standard has-post-thumbnail hentry category-sin-categoria\"><div class=\"post-img-wrap\"><div class=\"post-img\"><a href=\"https:\/\/rightturnsupply.com\/es\/sin-categoria\/right-turn-supply-anuncio-de-distribuidor-wyoben-vermeer\/\" title=\"Right Turn Supply + Anuncio de distribuidor Wyoben Vermeer\"><img decoding=\"async\" class=\"wppm-img\" src=\"https:\/\/rightturnsupply.com\/wp-content\/uploads\/bfi_thumb\/wyo-ben-22lxdagfgtx06qdn6y0lyde006t03zpziyz3p6ii3m8c.jpg\" alt=\"Right Turn Supply + Anuncio de distribuidor Wyoben Vermeer\" title=\"Right Turn Supply + Anuncio de distribuidor Wyoben Vermeer\"\/><\/a><\/div><\/div><div class=\"post-content\"><h2 class=\"entry-title fs-34 fw-400\"><a href=\"https:\/\/rightturnsupply.com\/es\/sin-categoria\/right-turn-supply-anuncio-de-distribuidor-wyoben-vermeer\/\" title=\"Right Turn Supply + Anuncio de distribuidor Wyoben Vermeer\">Right Turn Supply + Anuncio de distribuidor Wyoben Vermeer<\/a><\/h2><aside class=\"meta-row row-2\"><div class=\"meta-col\"><ul class=\"entry-meta\"><li class=\"post-time\"><time class=\"entry-date updated\" datetime=\"2024-10-02T11:00:01-05:00\">octubre 2, 2024<\/time><\/li><li class=\"post-author schema-only\"><span class=\"screen-reader-text\">Autor<\/span><a href=\"https:\/\/rightturnsupply.com\/es\/author\/ehuttonrightturnsupply-com\/\"><span class=\"vcard author Emma Hutton\"><span class=\"fn\">Emma Hutton<\/span><\/span><\/a><\/li><\/ul><\/div><\/aside><p class=\"post-text fs-14\">Pella, Iowa - El 3 de septiembre, Vermeer Corporation firm\u00f3 un acuerdo de asociaci\u00f3n estrat\u00e9gica con Right Turn Supply. Mediante este acuerdo, los distribuidores de Vermeer tendr\u00e1n derecho a distribuir los fluidos de perforaci\u00f3n, aditivos de perforaci\u00f3n y productos complementarios de Right Turn Supply, as\u00ed como acceso a consultor\u00eda estrat\u00e9gica &hellip;<\/p><aside class=\"meta-row row-3\"><div class=\"meta-col col-50\"><a class=\"readmore-link\" href=\"https:\/\/rightturnsupply.com\/es\/sin-categoria\/right-turn-supply-anuncio-de-distribuidor-wyoben-vermeer\/\">Read More<\/a><\/div><div class=\"meta-col col-50 text-right\"><\/div><\/aside><\/div><\/div><div id=\"post-4933\" class=\"wppm-post 4933 post-4933 post type-post status-publish format-standard has-post-thumbnail hentry category-sin-categoria\"><div class=\"post-img-wrap\"><div class=\"post-img\"><a href=\"https:\/\/rightturnsupply.com\/es\/sin-categoria\/acuerdo-de-asociacion-estrategica-con-vermeer-corporation\/\" title=\"Acuerdo de asociaci\u00f3n estrat\u00e9gica con Vermeer Corporation\"><img decoding=\"async\" class=\"wppm-img\" src=\"https:\/\/rightturnsupply.com\/wp-content\/uploads\/bfi_thumb\/vermeer-1-22ib0zvnekgqc9yg1tgxga8v27rjut9ebpufdgt0wmdo.jpg\" alt=\"Acuerdo de asociaci\u00f3n estrat\u00e9gica con Vermeer Corporation\" title=\"Acuerdo de asociaci\u00f3n estrat\u00e9gica con Vermeer Corporation\"\/><\/a><\/div><\/div><div class=\"post-content\"><h2 class=\"entry-title fs-34 fw-400\"><a href=\"https:\/\/rightturnsupply.com\/es\/sin-categoria\/acuerdo-de-asociacion-estrategica-con-vermeer-corporation\/\" title=\"Acuerdo de asociaci\u00f3n estrat\u00e9gica con Vermeer Corporation\">Acuerdo de asociaci\u00f3n estrat\u00e9gica con Vermeer Corporation<\/a><\/h2><aside class=\"meta-row row-2\"><div class=\"meta-col\"><ul class=\"entry-meta\"><li class=\"post-time\"><time class=\"entry-date updated\" datetime=\"2024-09-05T11:00:53-05:00\">septiembre 5, 2024<\/time><\/li><li class=\"post-author schema-only\"><span class=\"screen-reader-text\">Autor<\/span><a href=\"https:\/\/rightturnsupply.com\/es\/author\/ehuttonrightturnsupply-com\/\"><span class=\"vcard author Emma Hutton\"><span class=\"fn\">Emma Hutton<\/span><\/span><\/a><\/li><\/ul><\/div><\/aside><p class=\"post-text fs-14\">Pella, Iowa - El 3 de septiembre, Vermeer Corporation firm\u00f3 un acuerdo de asociaci\u00f3n estrat\u00e9gica con Right Turn Supply. Mediante este acuerdo, los distribuidores de Vermeer tendr\u00e1n derecho a distribuir los fluidos de perforaci\u00f3n, aditivos de perforaci\u00f3n y productos complementarios de Right Turn Supply, as\u00ed como acceso a consultor\u00eda estrat\u00e9gica &hellip;<\/p><aside class=\"meta-row row-3\"><div class=\"meta-col col-50\"><a class=\"readmore-link\" href=\"https:\/\/rightturnsupply.com\/es\/sin-categoria\/acuerdo-de-asociacion-estrategica-con-vermeer-corporation\/\">Read More<\/a><\/div><div class=\"meta-col col-50 text-right\"><\/div><\/aside><\/div><\/div><\/div>[\/vc_column][\/vc_row][vc_row full_width=&#8221;stretch_row&#8221;][vc_column css=&#8221;.vc_custom_1712073160436{padding-top: 0px !important;}&#8221;][vc_empty_space height=&#8221;85px&#8221; el_class=&#8221;es-large&#8221;][\/vc_column][\/vc_row]\n<\/div>","protected":false},"excerpt":{"rendered":"<p>[vc_row full_width=&#8221;stretch_row&#8221;][vc_column css=&#8221;.vc_custom_1712073160436{padding-top: 0px !important;}&#8221;][vc_empty_space height=&#8221;73px&#8221; el_class=&#8221;es-large&#8221;][\/vc_column][\/vc_row][vc_row full_width=&#8221;stretch_row&#8221; css=&#8221;.vc_custom_1716926227565{border-top-width: 8px !important;border-bottom-width: 8px !important;padding-top: 25px !important;padding-bottom: 25px !important;background: #000000 url(https:\/\/rightturnsupply.com\/wp-content\/uploads\/2024\/05\/rightturnsupply_title_bg.jpg?id=2442) !important;background-position: center !important;background-repeat: no-repeat !important;background-size: cover !important;border-top-style: solid !important;border-bottom-style: solid !important;border-color: #807e80 !important;}&#8221;][vc_column css=&#8221;.vc_custom_1712073160436{padding-top: 0px !important;}&#8221;][vc_custom_heading source=&#8221;post_title&#8221; font_container=&#8221;tag:h1|font_size:80px|text_align:center|color:%23ffffff|line_height:1&#8243; use_theme_fonts=&#8221;yes&#8221; css=&#8221;.vc_custom_1716926429722{margin-bottom: 0px !important;}&#8221; el_class=&#8221;BigNoodleTitlingOblique txt-spacing-2&#8243;][\/vc_column][\/vc_row][vc_row full_width=&#8221;stretch_row&#8221;][vc_column css=&#8221;.vc_custom_1712073160436{padding-top: 0px !important;}&#8221;][vc_empty_space height=&#8221;85px&#8221; el_class=&#8221;es-large&#8221;][\/vc_column][\/vc_row][vc_row][vc_column][\/vc_column][\/vc_row][vc_row full_width=&#8221;stretch_row&#8221;][vc_column css=&#8221;.vc_custom_1712073160436{padding-top: 0px !important;}&#8221;][vc_empty_space height=&#8221;85px&#8221; el_class=&#8221;es-large&#8221;][\/vc_column][\/vc_row]<\/p>\n","protected":false},"author":2,"featured_media":0,"parent":0,"menu_order":0,"comment_status":"closed","ping_status":"closed","template":"","meta":{"_acf_changed":false,"inline_featured_image":false,"footnotes":""},"class_list":["post-4598","page","type-page","status-publish","hentry"],"yoast_head":"<!-- This site is optimized with the Yoast SEO plugin v27.4 - https:\/\/yoast.com\/product\/yoast-seo-wordpress\/ -->\n<title>Noticias - Right Turn Supply<\/title>\n<meta name=\"description\" content=\"Right Turn Supply es tu proveedor integral de fluidos de perforaci\u00f3n, herramientas personalizadas y soluciones expertas. Estamos especializados en los sectores de la perforaci\u00f3n de pozos de agua, la miner\u00eda y la perforaci\u00f3n de pozos de alta profundidad, y ofrecemos productos de la m\u00e1xima calidad y una asistencia inigualable.\" \/>\n<meta name=\"robots\" content=\"index, follow, max-snippet:-1, max-image-preview:large, max-video-preview:-1\" \/>\n<link rel=\"canonical\" href=\"https:\/\/rightturnsupply.com\/es\/noticias\/\" \/>\n<meta property=\"og:locale\" content=\"es_ES\" \/>\n<meta property=\"og:type\" content=\"article\" \/>\n<meta property=\"og:title\" content=\"Noticias - Right Turn Supply\" \/>\n<meta property=\"og:description\" content=\"Right Turn Supply es tu proveedor integral de fluidos de perforaci\u00f3n, herramientas personalizadas y soluciones expertas. Estamos especializados en los sectores de la perforaci\u00f3n de pozos de agua, la miner\u00eda y la perforaci\u00f3n de pozos de alta profundidad, y ofrecemos productos de la m\u00e1xima calidad y una asistencia inigualable.\" \/>\n<meta property=\"og:url\" content=\"https:\/\/rightturnsupply.com\/es\/noticias\/\" \/>\n<meta property=\"og:site_name\" content=\"Right Turn Supply\" \/>\n<meta property=\"article:publisher\" content=\"https:\/\/www.facebook.com\/RightTurnSupply\" \/>\n<meta property=\"article:modified_time\" content=\"2025-02-11T18:56:32+00:00\" \/>\n<meta property=\"og:image\" content=\"https:\/\/rightturnsupply.com\/wp-content\/uploads\/2024\/04\/social-graphic-yoast-seo.jpg\" \/>\n\t<meta property=\"og:image:width\" content=\"1200\" \/>\n\t<meta property=\"og:image:height\" content=\"630\" \/>\n\t<meta property=\"og:image:type\" content=\"image\/jpeg\" \/>\n<meta name=\"twitter:card\" content=\"summary_large_image\" \/>\n<meta name=\"twitter:label1\" content=\"Tiempo de lectura\" \/>\n\t<meta name=\"twitter:data1\" content=\"1 minuto\" \/>\n<script type=\"application\/ld+json\" class=\"yoast-schema-graph\">{\"@context\":\"https:\\\/\\\/schema.org\",\"@graph\":[{\"@type\":\"WebPage\",\"@id\":\"https:\\\/\\\/rightturnsupply.com\\\/es\\\/noticias\\\/\",\"url\":\"https:\\\/\\\/rightturnsupply.com\\\/es\\\/noticias\\\/\",\"name\":\"Noticias - Right Turn Supply\",\"isPartOf\":{\"@id\":\"https:\\\/\\\/rightturnsupply.com\\\/es\\\/#website\"},\"datePublished\":\"2024-09-04T20:47:39+00:00\",\"dateModified\":\"2025-02-11T18:56:32+00:00\",\"description\":\"Right Turn Supply es tu proveedor integral de fluidos de perforaci\u00f3n, herramientas personalizadas y soluciones expertas. Estamos especializados en los sectores de la perforaci\u00f3n de pozos de agua, la miner\u00eda y la perforaci\u00f3n de pozos de alta profundidad, y ofrecemos productos de la m\u00e1xima calidad y una asistencia inigualable.\",\"inLanguage\":\"es\",\"potentialAction\":[{\"@type\":\"ReadAction\",\"target\":[\"https:\\\/\\\/rightturnsupply.com\\\/es\\\/noticias\\\/\"]}]},{\"@type\":\"WebSite\",\"@id\":\"https:\\\/\\\/rightturnsupply.com\\\/es\\\/#website\",\"url\":\"https:\\\/\\\/rightturnsupply.com\\\/es\\\/\",\"name\":\"Right Turn Supply\",\"description\":\"\",\"publisher\":{\"@id\":\"https:\\\/\\\/rightturnsupply.com\\\/es\\\/#organization\"},\"potentialAction\":[{\"@type\":\"SearchAction\",\"target\":{\"@type\":\"EntryPoint\",\"urlTemplate\":\"https:\\\/\\\/rightturnsupply.com\\\/es\\\/?s={search_term_string}\"},\"query-input\":{\"@type\":\"PropertyValueSpecification\",\"valueRequired\":true,\"valueName\":\"search_term_string\"}}],\"inLanguage\":\"es\"},{\"@type\":\"Organization\",\"@id\":\"https:\\\/\\\/rightturnsupply.com\\\/es\\\/#organization\",\"name\":\"Suministro de giro a la derecha\",\"url\":\"https:\\\/\\\/rightturnsupply.com\\\/es\\\/\",\"logo\":{\"@type\":\"ImageObject\",\"inLanguage\":\"es\",\"@id\":\"https:\\\/\\\/rightturnsupply.com\\\/es\\\/#\\\/schema\\\/logo\\\/image\\\/\",\"url\":\"https:\\\/\\\/rightturnsupply.com\\\/wp-content\\\/uploads\\\/2024\\\/04\\\/RTS.png\",\"contentUrl\":\"https:\\\/\\\/rightturnsupply.com\\\/wp-content\\\/uploads\\\/2024\\\/04\\\/RTS.png\",\"width\":436,\"height\":255,\"caption\":\"Suministro de giro a la derecha\"},\"image\":{\"@id\":\"https:\\\/\\\/rightturnsupply.com\\\/es\\\/#\\\/schema\\\/logo\\\/image\\\/\"},\"sameAs\":[\"https:\\\/\\\/www.facebook.com\\\/RightTurnSupply\",\"https:\\\/\\\/www.instagram.com\\\/RightTurnSupply\\\/\",\"https:\\\/\\\/www.linkedin.com\\\/company\\\/11219426\\\/\",\"https:\\\/\\\/www.youtube.com\\\/channel\\\/UCNXnAe0vHuufUiXimiXGaqA\"]}]}<\/script>\n<!-- \/ Yoast SEO plugin. -->","yoast_head_json":{"title":"Noticias - Right Turn Supply","description":"Right Turn Supply es tu proveedor integral de fluidos de perforaci\u00f3n, herramientas personalizadas y soluciones expertas. Estamos especializados en los sectores de la perforaci\u00f3n de pozos de agua, la miner\u00eda y la perforaci\u00f3n de pozos de alta profundidad, y ofrecemos productos de la m\u00e1xima calidad y una asistencia inigualable.","robots":{"index":"index","follow":"follow","max-snippet":"max-snippet:-1","max-image-preview":"max-image-preview:large","max-video-preview":"max-video-preview:-1"},"canonical":"https:\/\/rightturnsupply.com\/es\/noticias\/","og_locale":"es_ES","og_type":"article","og_title":"Noticias - Right Turn Supply","og_description":"Right Turn Supply es tu proveedor integral de fluidos de perforaci\u00f3n, herramientas personalizadas y soluciones expertas. Estamos especializados en los sectores de la perforaci\u00f3n de pozos de agua, la miner\u00eda y la perforaci\u00f3n de pozos de alta profundidad, y ofrecemos productos de la m\u00e1xima calidad y una asistencia inigualable.","og_url":"https:\/\/rightturnsupply.com\/es\/noticias\/","og_site_name":"Right Turn Supply","article_publisher":"https:\/\/www.facebook.com\/RightTurnSupply","article_modified_time":"2025-02-11T18:56:32+00:00","og_image":[{"width":1200,"height":630,"url":"https:\/\/rightturnsupply.com\/wp-content\/uploads\/2024\/04\/social-graphic-yoast-seo.jpg","type":"image\/jpeg"}],"twitter_card":"summary_large_image","twitter_misc":{"Tiempo de lectura":"1 minuto"},"schema":{"@context":"https:\/\/schema.org","@graph":[{"@type":"WebPage","@id":"https:\/\/rightturnsupply.com\/es\/noticias\/","url":"https:\/\/rightturnsupply.com\/es\/noticias\/","name":"Noticias - Right Turn Supply","isPartOf":{"@id":"https:\/\/rightturnsupply.com\/es\/#website"},"datePublished":"2024-09-04T20:47:39+00:00","dateModified":"2025-02-11T18:56:32+00:00","description":"Right Turn Supply es tu proveedor integral de fluidos de perforaci\u00f3n, herramientas personalizadas y soluciones expertas. Estamos especializados en los sectores de la perforaci\u00f3n de pozos de agua, la miner\u00eda y la perforaci\u00f3n de pozos de alta profundidad, y ofrecemos productos de la m\u00e1xima calidad y una asistencia inigualable.","inLanguage":"es","potentialAction":[{"@type":"ReadAction","target":["https:\/\/rightturnsupply.com\/es\/noticias\/"]}]},{"@type":"WebSite","@id":"https:\/\/rightturnsupply.com\/es\/#website","url":"https:\/\/rightturnsupply.com\/es\/","name":"Right Turn Supply","description":"","publisher":{"@id":"https:\/\/rightturnsupply.com\/es\/#organization"},"potentialAction":[{"@type":"SearchAction","target":{"@type":"EntryPoint","urlTemplate":"https:\/\/rightturnsupply.com\/es\/?s={search_term_string}"},"query-input":{"@type":"PropertyValueSpecification","valueRequired":true,"valueName":"search_term_string"}}],"inLanguage":"es"},{"@type":"Organization","@id":"https:\/\/rightturnsupply.com\/es\/#organization","name":"Suministro de giro a la derecha","url":"https:\/\/rightturnsupply.com\/es\/","logo":{"@type":"ImageObject","inLanguage":"es","@id":"https:\/\/rightturnsupply.com\/es\/#\/schema\/logo\/image\/","url":"https:\/\/rightturnsupply.com\/wp-content\/uploads\/2024\/04\/RTS.png","contentUrl":"https:\/\/rightturnsupply.com\/wp-content\/uploads\/2024\/04\/RTS.png","width":436,"height":255,"caption":"Suministro de giro a la derecha"},"image":{"@id":"https:\/\/rightturnsupply.com\/es\/#\/schema\/logo\/image\/"},"sameAs":["https:\/\/www.facebook.com\/RightTurnSupply","https:\/\/www.instagram.com\/RightTurnSupply\/","https:\/\/www.linkedin.com\/company\/11219426\/","https:\/\/www.youtube.com\/channel\/UCNXnAe0vHuufUiXimiXGaqA"]}]}},"acf":[],"_links":{"self":[{"href":"https:\/\/rightturnsupply.com\/es\/wp-json\/wp\/v2\/pages\/4598","targetHints":{"allow":["GET"]}}],"collection":[{"href":"https:\/\/rightturnsupply.com\/es\/wp-json\/wp\/v2\/pages"}],"about":[{"href":"https:\/\/rightturnsupply.com\/es\/wp-json\/wp\/v2\/types\/page"}],"author":[{"embeddable":true,"href":"https:\/\/rightturnsupply.com\/es\/wp-json\/wp\/v2\/users\/2"}],"replies":[{"embeddable":true,"href":"https:\/\/rightturnsupply.com\/es\/wp-json\/wp\/v2\/comments?post=4598"}],"version-history":[{"count":0,"href":"https:\/\/rightturnsupply.com\/es\/wp-json\/wp\/v2\/pages\/4598\/revisions"}],"wp:attachment":[{"href":"https:\/\/rightturnsupply.com\/es\/wp-json\/wp\/v2\/media?parent=4598"}],"curies":[{"name":"wp","href":"https:\/\/api.w.org\/{rel}","templated":true}]}}